{"id":9369,"date":"2025-10-28T10:41:53","date_gmt":"2025-10-28T10:41:53","guid":{"rendered":""},"modified":"2026-02-24T07:22:57","modified_gmt":"2026-02-24T06:22:57","slug":"lu-cantine-pasqua-75cl","status":"publish","type":"product","link":"https:\/\/petitecave.ch\/de\/product\/lu-cantine-pasqua-75cl\/","title":{"rendered":"LU\u00cd Cantine Pasqua 75cl"},"content":{"rendered":"<p><strong>C\u00e9pages :\u00a0<\/strong>Cabernet Sauvignon (80%) et Corvina (20%) &#8211; Elev\u00e9 12 mois en f\u00fbt de Cognac<\/p>\n<p><strong>Nez :\u00a0<\/strong>Ar\u00f4me parfum\u00e9 d\u00e9licatement fruit\u00e9 et floral avec des notes rappelant la noix, la vanille, les \u00e9pices et l&rsquo;eucalyptus\u00a0<\/p>\n<p><strong>Bouche :\u00a0<\/strong>Tanins bien pr\u00e9sents avec des notes de fruits confits, d&rsquo;\u00e9pices, de noix et de vanille<\/p>\n<p><strong>Accompagnements :\u00a0<\/strong>Avec des viandes rouges grill\u00e9es, des fromages affin\u00e9s,&#8230;\u00a0<\/p>","protected":false},"excerpt":{"rendered":"<p><strong>LU\u00cd Cantine Pasqua &#8211; Pasqua\u00a0<\/strong><\/p>\n<p><em>Veneto IGT<\/em><\/p>","protected":false},"featured_media":12770,"comment_status":"open","ping_status":"closed","template":"","meta":[],"product_cat":[253],"product_tag":[],"class_list":{"0":"post-9369","1":"product","2":"type-product","3":"status-publish","4":"has-post-thumbnail","6":"product_cat-vins","7":"pa_color-rouge","8":"pa_country-italie","9":"pa_volume-75-cl","10":"_wholesalex wsx-wholesalex-product","12":"first","13":"instock","14":"taxable","15":"shipping-taxable","16":"purchasable","17":"product-type-simple"},"_links":{"self":[{"href":"https:\/\/petitecave.ch\/de\/wp-json\/wp\/v2\/product\/9369","targetHints":{"allow":["GET"]}}],"collection":[{"href":"https:\/\/petitecave.ch\/de\/wp-json\/wp\/v2\/product"}],"about":[{"href":"https:\/\/petitecave.ch\/de\/wp-json\/wp\/v2\/types\/product"}],"replies":[{"embeddable":true,"href":"https:\/\/petitecave.ch\/de\/wp-json\/wp\/v2\/comments?post=9369"}],"wp:featuredmedia":[{"embeddable":true,"href":"https:\/\/petitecave.ch\/de\/wp-json\/wp\/v2\/media\/12770"}],"wp:attachment":[{"href":"https:\/\/petitecave.ch\/de\/wp-json\/wp\/v2\/media?parent=9369"}],"wp:term":[{"taxonomy":"product_cat","embeddable":true,"href":"https:\/\/petitecave.ch\/de\/wp-json\/wp\/v2\/product_cat?post=9369"},{"taxonomy":"product_tag","embeddable":true,"href":"https:\/\/petitecave.ch\/de\/wp-json\/wp\/v2\/product_tag?post=9369"}],"curies":[{"name":"wp","href":"https:\/\/api.w.org\/{rel}","templated":true}]}}