{"id":9367,"date":"2026-04-09T09:41:51","date_gmt":"2026-04-09T07:41:51","guid":{"rendered":""},"modified":"2026-04-09T11:24:20","modified_gmt":"2026-04-09T09:24:20","slug":"asio-otus-rosso","status":"publish","type":"product","link":"https:\/\/petitecave.ch\/de\/product\/asio-otus-rosso\/","title":{"rendered":"Asio Otus Rosso"},"content":{"rendered":"","protected":false},"excerpt":{"rendered":"<p data-start=\"153\" data-end=\"348\"><span style=\"color: #000000;\">D\u00e9couvre <strong data-start=\"162\" data-end=\"183\">l\u2019Asio Otus Rosso<\/strong>, un vin rouge g\u00e9n\u00e9reux issu d\u2019un assemblage de <strong data-start=\"231\" data-end=\"270\">Cabernet Sauvignon, Merlot et Syrah<\/strong>. Une cuv\u00e9e moderne qui allie intensit\u00e9 aromatique, gourmandise et \u00e9l\u00e9gance.<\/span><\/p>\n<p data-start=\"350\" data-end=\"657\"><span style=\"color: #000000;\">Au nez, il s\u2019ouvre sur de <strong data-start=\"376\" data-end=\"413\">superbes ar\u00f4mes de baies de for\u00eat<\/strong>, m\u00ealant <strong data-start=\"422\" data-end=\"454\">m\u00fbre, framboise et groseille<\/strong>, pour une expression fruit\u00e9e et s\u00e9duisante. En bouche, il se r\u00e9v\u00e8le <strong data-start=\"523\" data-end=\"563\">riche, expressif et l\u00e9g\u00e8rement \u00e9pic\u00e9<\/strong>, avec une <strong data-start=\"574\" data-end=\"599\">acidit\u00e9 bien int\u00e9gr\u00e9e<\/strong> et une <strong data-start=\"607\" data-end=\"626\">douceur subtile<\/strong> qui vient flatter le palais.<\/span><\/p>\n<p data-start=\"350\" data-end=\"657\"><span style=\"color: #000000;\"><strong data-start=\"866\" data-end=\"891\">Accords mets &amp; vins :<\/strong><\/span><br data-start=\"891\" data-end=\"894\" \/><span style=\"color: #000000;\">Id\u00e9al avec un <strong data-start=\"908\" data-end=\"957\">filet de b\u0153uf, du porc ou des plats savoureux<\/strong>, pour sublimer chaque bouch\u00e9e.<\/span><\/p>","protected":false},"featured_media":19332,"comment_status":"open","ping_status":"closed","template":"","meta":[],"product_cat":[253],"product_tag":[],"class_list":{"0":"post-9367","1":"product","2":"type-product","3":"status-publish","4":"has-post-thumbnail","6":"product_cat-vins","7":"pa_categorie-vins-rouges","8":"pa_color-rouge","9":"pa_country-italie","10":"pa_volume-150-cl-vp","11":"pa_volume-75-cl","12":"_wholesalex wsx-wholesalex-product","14":"first","15":"instock","16":"taxable","17":"shipping-taxable","18":"purchasable","19":"product-type-variable"},"_links":{"self":[{"href":"https:\/\/petitecave.ch\/de\/wp-json\/wp\/v2\/product\/9367","targetHints":{"allow":["GET"]}}],"collection":[{"href":"https:\/\/petitecave.ch\/de\/wp-json\/wp\/v2\/product"}],"about":[{"href":"https:\/\/petitecave.ch\/de\/wp-json\/wp\/v2\/types\/product"}],"replies":[{"embeddable":true,"href":"https:\/\/petitecave.ch\/de\/wp-json\/wp\/v2\/comments?post=9367"}],"wp:featuredmedia":[{"embeddable":true,"href":"https:\/\/petitecave.ch\/de\/wp-json\/wp\/v2\/media\/19332"}],"wp:attachment":[{"href":"https:\/\/petitecave.ch\/de\/wp-json\/wp\/v2\/media?parent=9367"}],"wp:term":[{"taxonomy":"product_cat","embeddable":true,"href":"https:\/\/petitecave.ch\/de\/wp-json\/wp\/v2\/product_cat?post=9367"},{"taxonomy":"product_tag","embeddable":true,"href":"https:\/\/petitecave.ch\/de\/wp-json\/wp\/v2\/product_tag?post=9367"}],"curies":[{"name":"wp","href":"https:\/\/api.w.org\/{rel}","templated":true}]}}