{"id":9365,"date":"2025-10-28T10:41:49","date_gmt":"2025-10-28T10:41:49","guid":{"rendered":""},"modified":"2026-02-23T16:24:25","modified_gmt":"2026-02-23T15:24:25","slug":"amarone-sopra-sasso-75cl","status":"publish","type":"product","link":"https:\/\/petitecave.ch\/de\/product\/amarone-sopra-sasso-75cl\/","title":{"rendered":"Amarone Sopra Sasso 75cl"},"content":{"rendered":"<p><strong>C\u00e9pages :\u00a0<\/strong>Corvina, Corvinone, Rondinella et Molinara\u00a0<\/p>\n<p><strong>Nez :\u00a0<\/strong>Ample et complexe aux ar\u00f4mes de pruneaux et de cerises fra\u00eeches, avec un soup\u00e7on de cacao<\/p>\n<p><strong>Bouche :\u00a0<\/strong>Un corps agr\u00e9able et bien charpent\u00e9, \u00e9 la saveur l\u00e9g\u00e8rement douce, une bonne concentration avec une dominance fruit\u00e9<\/p>\n<p><b>Accompagnement :\u00a0<\/b>Avec des grillades, des viandes rouges, du r\u00f4ti et des fromages cors\u00e9s<\/p>\n<p><b>Temps de garde : <\/b>3 ans<\/p>","protected":false},"excerpt":{"rendered":"<p><strong>Amarone Sopra Sasso &#8211; V\u00e9n\u00e9tie<\/strong><\/p>\n<p><i><strong>Valpoliciella Classico DOC<\/strong><\/i><\/p>","protected":false},"featured_media":12766,"comment_status":"open","ping_status":"closed","template":"","meta":[],"product_cat":[253],"product_tag":[],"class_list":{"0":"post-9365","1":"product","2":"type-product","3":"status-publish","4":"has-post-thumbnail","6":"product_cat-vins","7":"pa_color-rouge","8":"pa_country-italie","9":"pa_volume-75-cl","10":"_wholesalex wsx-wholesalex-product","12":"first","13":"instock","14":"taxable","15":"shipping-taxable","16":"purchasable","17":"product-type-simple"},"_links":{"self":[{"href":"https:\/\/petitecave.ch\/de\/wp-json\/wp\/v2\/product\/9365","targetHints":{"allow":["GET"]}}],"collection":[{"href":"https:\/\/petitecave.ch\/de\/wp-json\/wp\/v2\/product"}],"about":[{"href":"https:\/\/petitecave.ch\/de\/wp-json\/wp\/v2\/types\/product"}],"replies":[{"embeddable":true,"href":"https:\/\/petitecave.ch\/de\/wp-json\/wp\/v2\/comments?post=9365"}],"wp:featuredmedia":[{"embeddable":true,"href":"https:\/\/petitecave.ch\/de\/wp-json\/wp\/v2\/media\/12766"}],"wp:attachment":[{"href":"https:\/\/petitecave.ch\/de\/wp-json\/wp\/v2\/media?parent=9365"}],"wp:term":[{"taxonomy":"product_cat","embeddable":true,"href":"https:\/\/petitecave.ch\/de\/wp-json\/wp\/v2\/product_cat?post=9365"},{"taxonomy":"product_tag","embeddable":true,"href":"https:\/\/petitecave.ch\/de\/wp-json\/wp\/v2\/product_tag?post=9365"}],"curies":[{"name":"wp","href":"https:\/\/api.w.org\/{rel}","templated":true}]}}