{"id":9354,"date":"2025-10-28T10:41:40","date_gmt":"2025-10-28T10:41:40","guid":{"rendered":""},"modified":"2026-02-24T07:22:56","modified_gmt":"2026-02-24T06:22:56","slug":"le-tourmentin-rouvinez","status":"publish","type":"product","link":"https:\/\/petitecave.ch\/de\/product\/le-tourmentin-rouvinez\/","title":{"rendered":"Le Tourmentin &#8211; Rouvinez 75cl"},"content":{"rendered":"<p><b>C\u00e9pages :<\/b> Cornalin, Humagne Rouge, Pinot Noir et Syrah &#8211; \u00c9lev\u00e9 1 an en barrique<\/p>\n<p><b>Nez :<\/b> Notes \u00e9pic\u00e9es de vanille, de cerises confites et de prunes bien m\u00fbres<\/p>\n<p><b>Bouche :<\/b> Notes discr\u00e8tes de bois, de clous de girofle, de cassis avec des tanins doux\u00a0et une belle interaction des c\u00e9pages<\/p>\n<p><b>Accompagnement :<\/b> parfait avec des viandes rouges, grill\u00e9es et des fromages affin\u00e9s<\/p>\n<p><strong>Temps de garde :<\/strong> Se d\u00e9guste dans les 4 \u00e0 10 ann\u00e9es apr\u00e8s sa mise en bouteille<\/p>","protected":false},"excerpt":{"rendered":"<p><b>Le Tourmentin &#8211; Famille Rouvinez\u00a0<\/b><b><\/b><\/p>\n<p><i>AOC Valais\u00a0<\/i><\/p>","protected":false},"featured_media":12755,"comment_status":"open","ping_status":"open","template":"","meta":[],"product_cat":[369,253],"product_tag":[],"class_list":{"0":"post-9354","1":"product","2":"type-product","3":"status-publish","4":"has-post-thumbnail","6":"product_cat-rouge","7":"product_cat-vins","8":"pa_color-rouge","9":"pa_country-suisse","10":"_wholesalex wsx-wholesalex-product","12":"first","13":"instock","14":"taxable","15":"shipping-taxable","16":"purchasable","17":"product-type-simple"},"_links":{"self":[{"href":"https:\/\/petitecave.ch\/de\/wp-json\/wp\/v2\/product\/9354","targetHints":{"allow":["GET"]}}],"collection":[{"href":"https:\/\/petitecave.ch\/de\/wp-json\/wp\/v2\/product"}],"about":[{"href":"https:\/\/petitecave.ch\/de\/wp-json\/wp\/v2\/types\/product"}],"replies":[{"embeddable":true,"href":"https:\/\/petitecave.ch\/de\/wp-json\/wp\/v2\/comments?post=9354"}],"wp:featuredmedia":[{"embeddable":true,"href":"https:\/\/petitecave.ch\/de\/wp-json\/wp\/v2\/media\/12755"}],"wp:attachment":[{"href":"https:\/\/petitecave.ch\/de\/wp-json\/wp\/v2\/media?parent=9354"}],"wp:term":[{"taxonomy":"product_cat","embeddable":true,"href":"https:\/\/petitecave.ch\/de\/wp-json\/wp\/v2\/product_cat?post=9354"},{"taxonomy":"product_tag","embeddable":true,"href":"https:\/\/petitecave.ch\/de\/wp-json\/wp\/v2\/product_tag?post=9354"}],"curies":[{"name":"wp","href":"https:\/\/api.w.org\/{rel}","templated":true}]}}