{"id":9349,"date":"2025-10-28T10:41:35","date_gmt":"2025-10-28T10:41:35","guid":{"rendered":""},"modified":"2026-02-24T10:08:39","modified_gmt":"2026-02-24T09:08:39","slug":"syrah-tr-sors-de-famille-maison-gilliard","status":"publish","type":"product","link":"https:\/\/petitecave.ch\/de\/product\/syrah-tr-sors-de-famille-maison-gilliard\/","title":{"rendered":"Syrah Tr\u00e9sors de Famille &#8211; Maison Gilliard"},"content":{"rendered":"<p><b>C\u00e9page :<\/b> Syrah<\/p>\n<p><b>Nez :<\/b>\u00a0Notes \u00e9pic\u00e9es, poivr\u00e9es avec des ar\u00f4mes de cassis et de framboises<\/p>\n<p><b>Bouche :<\/b> Ronde, \u00e9quilibr\u00e9e,irche et ample avec des tanins rac\u00e9s<\/p>\n<p><b>Accompagnement :<\/b> Id\u00e9al avec de l&rsquo;agneau, des viandes grill\u00e9es ou un tartare de boeuf<\/p>\n<p><b>Temps de garde :<\/b> 10 ans\u00a0<\/p>","protected":false},"excerpt":{"rendered":"<p><b>Syrah Tr\u00e9sors de Famille &#8211; Maison Gilliard &#8211; Sion<\/b><\/p>\n<p><i>AOC Valais<\/i><\/p>\n<p>\u00a0<\/p>\n<div class=\"woocommerce-product-details__short-description\">\n<p><i>C\u00e9page originaire de la Vall\u00e9e du Rh\u00f4ne, la Syrah a trouv\u00e9 au coeur du Valais un terroir qui lui sied \u00e0 merveille. La Syrah donne un vin tr\u00e8s color\u00e9, puissant et charpent\u00e9, cors\u00e9 et rac\u00e9 aux ar\u00f4mes de petits fruits rouges, avec un parfum caract\u00e9ristique de violette. La Syrah Gilliard s\u2019apparente \u00e0 un moulin \u00e0 poivre tant ses \u00e9pices occupent le palais de sensations fortes et gourmandes. Sa structure, sa grande vigueur et sa longue persistance sont autant d\u2019atouts qui lui permettent de d\u00e9fier le temps.<\/i><\/p>\n<p>\u00a0<\/p>\n<p><i><u>UNIQUEMENT DISPONIBLE AU MAGASIN DE COLLOMBEY<\/u><\/i><\/p>\n<\/div>","protected":false},"featured_media":12750,"comment_status":"open","ping_status":"open","template":"","meta":[],"product_cat":[253],"product_tag":[],"class_list":{"0":"post-9349","1":"product","2":"type-product","3":"status-publish","4":"has-post-thumbnail","6":"product_cat-vins","7":"pa_color-rouge","8":"pa_country-suisse","9":"pa_volume-75-cl","10":"_wholesalex wsx-wholesalex-product","12":"first","13":"instock","14":"taxable","15":"shipping-taxable","16":"purchasable","17":"product-type-simple"},"_links":{"self":[{"href":"https:\/\/petitecave.ch\/de\/wp-json\/wp\/v2\/product\/9349","targetHints":{"allow":["GET"]}}],"collection":[{"href":"https:\/\/petitecave.ch\/de\/wp-json\/wp\/v2\/product"}],"about":[{"href":"https:\/\/petitecave.ch\/de\/wp-json\/wp\/v2\/types\/product"}],"replies":[{"embeddable":true,"href":"https:\/\/petitecave.ch\/de\/wp-json\/wp\/v2\/comments?post=9349"}],"wp:featuredmedia":[{"embeddable":true,"href":"https:\/\/petitecave.ch\/de\/wp-json\/wp\/v2\/media\/12750"}],"wp:attachment":[{"href":"https:\/\/petitecave.ch\/de\/wp-json\/wp\/v2\/media?parent=9349"}],"wp:term":[{"taxonomy":"product_cat","embeddable":true,"href":"https:\/\/petitecave.ch\/de\/wp-json\/wp\/v2\/product_cat?post=9349"},{"taxonomy":"product_tag","embeddable":true,"href":"https:\/\/petitecave.ch\/de\/wp-json\/wp\/v2\/product_tag?post=9349"}],"curies":[{"name":"wp","href":"https:\/\/api.w.org\/{rel}","templated":true}]}}