{"id":9348,"date":"2025-10-28T10:41:34","date_gmt":"2025-10-28T10:41:34","guid":{"rendered":""},"modified":"2026-02-24T10:08:39","modified_gmt":"2026-02-24T09:08:39","slug":"syrah-hurlevent-les-fils-de-charles-favre-75cl","status":"publish","type":"product","link":"https:\/\/petitecave.ch\/de\/product\/syrah-hurlevent-les-fils-de-charles-favre-75cl\/","title":{"rendered":"Syrah Hurlevent &#8211; Les Fils de Charles Favre 75cl"},"content":{"rendered":"<p><strong>C\u00e9page :<\/strong> Syrah<\/p>\n<p><strong>Nez :\u00a0<\/strong>Fin et \u00e9l\u00e9gant qui r\u00e9v\u00e8le un savant \u00e9quilibre entre l&rsquo;olive noire, les fruits rouges et le poivre blanc<\/p>\n<p><strong>Bouche :\u00a0<\/strong>L&rsquo;attaque est fra\u00eeche et sur le fruit (m\u00fbre), avec des notes de violette, de tabac et de lierre. Ce vin offre un beau volume en bouche avec des tanins bien pr\u00e9sents en encore jeunes avec une belle acidit\u00e9 bien \u00e9lev\u00e9e<\/p>\n<p><strong>Accompagnements :\u00a0<\/strong>Avec des volailles, des viandes rouges, sur un plateau de fromages<\/p>\n<p><strong>Temps de garde :<\/strong> 2 \u00e0 5 ans<\/p>","protected":false},"excerpt":{"rendered":"<p><strong>Syrah Hurlevent &#8211; Les Fils de Charles Favre &#8211; Sion<\/strong><\/p>\n<p><em>AOC Valais<\/em><\/p>\n<p>\u00a0<\/p>\n<p><i><strong>Tradition et valeurs. A chaque occasion son c\u00e9page.<\/strong><\/i><\/p>\n<p><i>Pour les adeptes de valeurs s\u00fbres, la gamme Hurlevent, lanc\u00e9e \u00e0 la cr\u00e9ation de la cave en 1959, propose 19 crus.<\/i><\/p>\n<p><i>Vous trouverez ainsi dans la gamme des blancs : Fendant, Johannisberg, Heida (Pa\u00efen), Marsanne (Ermitage), Pinot Gris (Malvoisie), Petite Arvine, Muscat, Humagne Blanc, Dessert (vin doux).<\/i><\/p>\n<p><i>La D\u00f4le Blanche et l\u2019Oeil de Perdrix pour les ros\u00e9s.<\/i><\/p>\n<p><i>Gamay, D\u00f4le, Pinot Noir, Cornalin, Humagne Rouge, Syrah, Merlot et Cuv\u00e9e Prestige (assemblage) dans les rouges.<\/i><\/p>\n<p>\u00a0<\/p>\n<p><i><u>UNIQUEMENT DISPONIBLE AU MAGASIN DE COLLOMBEY<\/u><\/i><\/p>","protected":false},"featured_media":12749,"comment_status":"open","ping_status":"open","template":"","meta":[],"product_cat":[253],"product_tag":[],"class_list":{"0":"post-9348","1":"product","2":"type-product","3":"status-publish","4":"has-post-thumbnail","6":"product_cat-vins","7":"pa_color-rouge","8":"pa_country-suisse","9":"_wholesalex wsx-wholesalex-product","11":"first","12":"instock","13":"taxable","14":"shipping-taxable","15":"purchasable","16":"product-type-simple"},"_links":{"self":[{"href":"https:\/\/petitecave.ch\/de\/wp-json\/wp\/v2\/product\/9348","targetHints":{"allow":["GET"]}}],"collection":[{"href":"https:\/\/petitecave.ch\/de\/wp-json\/wp\/v2\/product"}],"about":[{"href":"https:\/\/petitecave.ch\/de\/wp-json\/wp\/v2\/types\/product"}],"replies":[{"embeddable":true,"href":"https:\/\/petitecave.ch\/de\/wp-json\/wp\/v2\/comments?post=9348"}],"wp:featuredmedia":[{"embeddable":true,"href":"https:\/\/petitecave.ch\/de\/wp-json\/wp\/v2\/media\/12749"}],"wp:attachment":[{"href":"https:\/\/petitecave.ch\/de\/wp-json\/wp\/v2\/media?parent=9348"}],"wp:term":[{"taxonomy":"product_cat","embeddable":true,"href":"https:\/\/petitecave.ch\/de\/wp-json\/wp\/v2\/product_cat?post=9348"},{"taxonomy":"product_tag","embeddable":true,"href":"https:\/\/petitecave.ch\/de\/wp-json\/wp\/v2\/product_tag?post=9348"}],"curies":[{"name":"wp","href":"https:\/\/api.w.org\/{rel}","templated":true}]}}