{"id":9337,"date":"2025-10-28T10:41:25","date_gmt":"2025-10-28T10:41:25","guid":{"rendered":""},"modified":"2026-02-24T09:47:45","modified_gmt":"2026-02-24T08:47:45","slug":"porte-de-novembre-ros-maison-gilliard","status":"publish","type":"product","link":"https:\/\/petitecave.ch\/de\/product\/porte-de-novembre-ros-maison-gilliard\/","title":{"rendered":"Porte de Novembre Ros\u00e9 &#8211; Maison Gilliard"},"content":{"rendered":"<p><strong>C\u00e9page :\u00a0<\/strong>Pinot Noir<\/p>\n<p><strong>Nez :\u00a0<\/strong>Fruit\u00e9, notes de p\u00eache et d&rsquo;abricot, fruits rouges<\/p>\n<p><strong>Bouche :\u00a0<\/strong>Fra\u00eeche, \u00e9quilibr\u00e9e, moelleuse en attaque soutenu par une belle vivacit\u00e9<\/p>\n<p><strong>Temps de garde :\u00a0<\/strong>3 ans<\/p>\n<p><strong>Accompagnements :\u00a0<\/strong>ap\u00e9ritif, tapas, hors d&rsquo;\u0153uvre<\/p>","protected":false},"excerpt":{"rendered":"<p><b>Porte de Novembre Ros\u00e9\u00a0&#8211; Maison Gilliard &#8211; Sion<\/b><\/p>","protected":false},"featured_media":12738,"comment_status":"open","ping_status":"open","template":"","meta":[],"product_cat":[286,253],"product_tag":[],"class_list":{"0":"post-9337","1":"product","2":"type-product","3":"status-publish","4":"has-post-thumbnail","6":"product_cat-vins-rose","7":"product_cat-vins","8":"pa_color-rose","9":"pa_country-suisse","10":"_wholesalex wsx-wholesalex-product","12":"first","13":"instock","14":"taxable","15":"shipping-taxable","16":"purchasable","17":"product-type-simple"},"_links":{"self":[{"href":"https:\/\/petitecave.ch\/de\/wp-json\/wp\/v2\/product\/9337","targetHints":{"allow":["GET"]}}],"collection":[{"href":"https:\/\/petitecave.ch\/de\/wp-json\/wp\/v2\/product"}],"about":[{"href":"https:\/\/petitecave.ch\/de\/wp-json\/wp\/v2\/types\/product"}],"replies":[{"embeddable":true,"href":"https:\/\/petitecave.ch\/de\/wp-json\/wp\/v2\/comments?post=9337"}],"wp:featuredmedia":[{"embeddable":true,"href":"https:\/\/petitecave.ch\/de\/wp-json\/wp\/v2\/media\/12738"}],"wp:attachment":[{"href":"https:\/\/petitecave.ch\/de\/wp-json\/wp\/v2\/media?parent=9337"}],"wp:term":[{"taxonomy":"product_cat","embeddable":true,"href":"https:\/\/petitecave.ch\/de\/wp-json\/wp\/v2\/product_cat?post=9337"},{"taxonomy":"product_tag","embeddable":true,"href":"https:\/\/petitecave.ch\/de\/wp-json\/wp\/v2\/product_tag?post=9337"}],"curies":[{"name":"wp","href":"https:\/\/api.w.org\/{rel}","templated":true}]}}