{"id":9330,"date":"2025-10-28T10:41:19","date_gmt":"2025-10-28T10:41:19","guid":{"rendered":""},"modified":"2026-02-24T07:57:49","modified_gmt":"2026-02-24T06:57:49","slug":"pinot-noir-flamine-les-fils-maye-75cl","status":"publish","type":"product","link":"https:\/\/petitecave.ch\/de\/product\/pinot-noir-flamine-les-fils-maye-75cl\/","title":{"rendered":"Pinot Noir Flamine &#8211; Les Fils Maye 75cl"},"content":{"rendered":"<p><strong>C\u00e9page : <\/strong>Pinot Noir<\/p>\n<p><strong>Nez :\u00a0<\/strong>Notes de sous-bois<\/p>\n<p><strong>Bouche :\u00a0<\/strong>Attaque fine et souple suivie d&rsquo;une mont\u00e9e en puissance avec l&rsquo;arriv\u00e9e de tanins fins et serr\u00e9s<\/p>\n<p><strong>Accompagnement :\u00a0<\/strong>Avec des viandes rouges nobles, un risotto \u00e0 l&rsquo;italienne<\/p>\n<p><strong>Temps de garde :\u00a0<\/strong>4\u00a0\u00e0 5 ans<\/p>","protected":false},"excerpt":{"rendered":"<p><strong>Pinot Noir Flamine &#8211; Les Fils Maye SA &#8211; Riddes<\/strong><\/p>\n<p><em>AOC Valais &#8211; Gamme H\u00e9ritage\u00a0<\/em><\/p>\n<p>\u00a0<\/p>\n<p><i><strong>DESTIN\u00c9E AUX AMATEURS EXIGEANTS\u00a0<\/strong><\/i><\/p>\n<p><i>Une gamme h\u00e9ritage, de par ses personnages typiques qui sont les cr\u00e9ations de Robert H\u00e9ritier.\u00a0<\/i><\/p>\n<p><i>Les vins de cette gamme expriment avec pl\u00e9nitude le caract\u00e8re des c\u00e9pages et r\u00e9v\u00e8lent la diversit\u00e9 des mill\u00e9simes. Les travaux viticoles sont effectu\u00e9s avec rigueur, la maturit\u00e9 et les rendements sont optimis\u00e9s, puis les vendanges effectu\u00e9es \u00e0 la main.<\/i><\/p>\n<p>\u00a0<\/p>\n<p><span style=\"text-decoration: underline;\"><em>DISPONIBLE AU MAGASIN DE COLLOMBEY UNIQUEMENT<\/em><\/span><\/p>","protected":false},"featured_media":12731,"comment_status":"open","ping_status":"open","template":"","meta":[],"product_cat":[253],"product_tag":[],"class_list":{"0":"post-9330","1":"product","2":"type-product","3":"status-publish","4":"has-post-thumbnail","6":"product_cat-vins","7":"pa_color-rouge","8":"pa_country-suisse","9":"pa_volume-75-cl","10":"_wholesalex wsx-wholesalex-product","12":"first","13":"instock","14":"taxable","15":"shipping-taxable","16":"purchasable","17":"product-type-simple"},"_links":{"self":[{"href":"https:\/\/petitecave.ch\/de\/wp-json\/wp\/v2\/product\/9330","targetHints":{"allow":["GET"]}}],"collection":[{"href":"https:\/\/petitecave.ch\/de\/wp-json\/wp\/v2\/product"}],"about":[{"href":"https:\/\/petitecave.ch\/de\/wp-json\/wp\/v2\/types\/product"}],"replies":[{"embeddable":true,"href":"https:\/\/petitecave.ch\/de\/wp-json\/wp\/v2\/comments?post=9330"}],"wp:featuredmedia":[{"embeddable":true,"href":"https:\/\/petitecave.ch\/de\/wp-json\/wp\/v2\/media\/12731"}],"wp:attachment":[{"href":"https:\/\/petitecave.ch\/de\/wp-json\/wp\/v2\/media?parent=9330"}],"wp:term":[{"taxonomy":"product_cat","embeddable":true,"href":"https:\/\/petitecave.ch\/de\/wp-json\/wp\/v2\/product_cat?post=9330"},{"taxonomy":"product_tag","embeddable":true,"href":"https:\/\/petitecave.ch\/de\/wp-json\/wp\/v2\/product_tag?post=9330"}],"curies":[{"name":"wp","href":"https:\/\/api.w.org\/{rel}","templated":true}]}}