{"id":9327,"date":"2026-02-24T10:41:16","date_gmt":"2026-02-24T09:41:16","guid":{"rendered":""},"modified":"2026-04-01T14:50:44","modified_gmt":"2026-04-01T12:50:44","slug":"pinot-noir-vend-miaire-maison-gilliard","status":"publish","type":"product","link":"https:\/\/petitecave.ch\/de\/product\/pinot-noir-vend-miaire-maison-gilliard\/","title":{"rendered":"Pinot Noir Vend\u00e9miaire &#8211; Maison Gilliard"},"content":{"rendered":"<p data-start=\"162\" data-end=\"323\"><span style=\"color: #000000;\">D\u00e9couvre une cuv\u00e9e qui incarne \u00e0 merveille la d\u00e9licatesse et le raffinement du c\u00e9page roi des rouges valaisans.<\/span><\/p>\n<p data-start=\"325\" data-end=\"613\"><span style=\"color: #000000;\">Au <strong>nez<\/strong>, il s\u00e9duit par ses <strong>ar\u00f4mes subtils de fruits rouges frais<\/strong> \u2013 cerise, fraise \u2013 relev\u00e9s par de <strong>l\u00e9g\u00e8res notes \u00e9pic\u00e9es<\/strong> et une <strong>pointe de sous-bois<\/strong>. En <strong>bouche<\/strong>, l\u2019<strong>\u00e9quilibre<\/strong> est remarquable : des <strong>tanins souples<\/strong>, une <strong>belle fra\u00eecheur<\/strong> et une<strong> structure \u00e9l\u00e9gante<\/strong> qui invite \u00e0 la prochaine gorg\u00e9e.<\/span><\/p>\n<p><span style=\"color: #000000;\"><strong>Accords mets &amp; vins\u00a0<\/strong><\/span><br \/>\n<span style=\"color: #000000;\">Parfait avec des viandes blanches, une volaille r\u00f4tie, des plats \u00e0 base de champignons ou des fromages \u00e0 p\u00e2te molle.<\/span><\/p>\n<p><span style=\"color: #000000;\"><strong>Potentiel de garde<br \/>\n<\/strong>5 \u00e0 8 ans<\/span><\/p>","protected":false},"excerpt":{"rendered":"<p><span style=\"color: #000000;\"><strong>AOC Valais<\/strong><\/span><\/p>","protected":false},"featured_media":18921,"comment_status":"open","ping_status":"closed","template":"","meta":[],"product_cat":[369,253,318],"product_tag":[],"class_list":{"0":"post-9327","1":"product","2":"type-product","3":"status-publish","4":"has-post-thumbnail","6":"product_cat-rouge","7":"product_cat-vins","8":"product_cat-vins-du-mois","9":"pa_color-rouge","10":"pa_country-suisse","11":"pa_volume-150-cl-vp","12":"pa_volume-300-cl-3","13":"pa_volume-50cl","14":"pa_volume-75-cl","15":"_wholesalex wsx-wholesalex-product","17":"first","18":"instock","19":"sale","20":"taxable","21":"shipping-taxable","22":"purchasable","23":"product-type-variable"},"_links":{"self":[{"href":"https:\/\/petitecave.ch\/de\/wp-json\/wp\/v2\/product\/9327","targetHints":{"allow":["GET"]}}],"collection":[{"href":"https:\/\/petitecave.ch\/de\/wp-json\/wp\/v2\/product"}],"about":[{"href":"https:\/\/petitecave.ch\/de\/wp-json\/wp\/v2\/types\/product"}],"replies":[{"embeddable":true,"href":"https:\/\/petitecave.ch\/de\/wp-json\/wp\/v2\/comments?post=9327"}],"wp:featuredmedia":[{"embeddable":true,"href":"https:\/\/petitecave.ch\/de\/wp-json\/wp\/v2\/media\/18921"}],"wp:attachment":[{"href":"https:\/\/petitecave.ch\/de\/wp-json\/wp\/v2\/media?parent=9327"}],"wp:term":[{"taxonomy":"product_cat","embeddable":true,"href":"https:\/\/petitecave.ch\/de\/wp-json\/wp\/v2\/product_cat?post=9327"},{"taxonomy":"product_tag","embeddable":true,"href":"https:\/\/petitecave.ch\/de\/wp-json\/wp\/v2\/product_tag?post=9327"}],"curies":[{"name":"wp","href":"https:\/\/api.w.org\/{rel}","templated":true}]}}