{"id":9323,"date":"2025-10-28T10:41:13","date_gmt":"2025-10-28T10:41:13","guid":{"rendered":""},"modified":"2026-02-24T07:54:33","modified_gmt":"2026-02-24T06:54:33","slug":"pinot-gris-hurlevent-les-fils-de-charles-favre-75cl","status":"publish","type":"product","link":"https:\/\/petitecave.ch\/de\/product\/pinot-gris-hurlevent-les-fils-de-charles-favre-75cl\/","title":{"rendered":"Pinot Gris Hurlevent &#8211; Les Fils de Charles Favre 75cl"},"content":{"rendered":"<p><strong>C\u00e9page :\u00a0<\/strong>Pinot Gris (Malvoisie)<\/p>\n<p><strong>Nez :\u00a0<\/strong>Franc, avec des ar\u00f4mes discrets de fruits et d&rsquo;agrumes (coing, abricot, raisin de Corinthe)<\/p>\n<p><strong>Bouche :\u00a0<\/strong>L&rsquo;attaque est souple avec un beau volume en bouche. Le sucre est pr\u00e9sent, mais reste \u00e9quilibr\u00e9 par une vivacit\u00e9 persistante avec une belle longueur\u00a0<\/p>\n<p><b>Accompagnement :\u00a0<\/b>Avec du foie gras, des toasts de saumon fum\u00e9,&#8230;\u00a0<\/p>","protected":false},"excerpt":{"rendered":"<p><strong>Pinot Gris Hurlevent &#8211; Les Fils de Charles Favre &#8211; Sion<\/strong><\/p>\n<p><i><em>AOC Valais<\/em><\/i><\/p>\n<p>\u00a0<\/p>\n<p><b><i><u>UNIQUEMENT DISPONIBLE AU MAGASIN DE COLLOMBEY<\/u><\/i><\/b><\/p>","protected":false},"featured_media":12724,"comment_status":"open","ping_status":"open","template":"","meta":[],"product_cat":[253],"product_tag":[],"class_list":{"0":"post-9323","1":"product","2":"type-product","3":"status-publish","4":"has-post-thumbnail","6":"product_cat-vins","7":"pa_color-blanc","8":"pa_country-suisse","9":"pa_volume-75-cl","10":"_wholesalex wsx-wholesalex-product","12":"first","13":"instock","14":"taxable","15":"shipping-taxable","16":"purchasable","17":"product-type-simple"},"_links":{"self":[{"href":"https:\/\/petitecave.ch\/de\/wp-json\/wp\/v2\/product\/9323","targetHints":{"allow":["GET"]}}],"collection":[{"href":"https:\/\/petitecave.ch\/de\/wp-json\/wp\/v2\/product"}],"about":[{"href":"https:\/\/petitecave.ch\/de\/wp-json\/wp\/v2\/types\/product"}],"replies":[{"embeddable":true,"href":"https:\/\/petitecave.ch\/de\/wp-json\/wp\/v2\/comments?post=9323"}],"wp:featuredmedia":[{"embeddable":true,"href":"https:\/\/petitecave.ch\/de\/wp-json\/wp\/v2\/media\/12724"}],"wp:attachment":[{"href":"https:\/\/petitecave.ch\/de\/wp-json\/wp\/v2\/media?parent=9323"}],"wp:term":[{"taxonomy":"product_cat","embeddable":true,"href":"https:\/\/petitecave.ch\/de\/wp-json\/wp\/v2\/product_cat?post=9323"},{"taxonomy":"product_tag","embeddable":true,"href":"https:\/\/petitecave.ch\/de\/wp-json\/wp\/v2\/product_tag?post=9323"}],"curies":[{"name":"wp","href":"https:\/\/api.w.org\/{rel}","templated":true}]}}