{"id":9321,"date":"2025-10-28T10:41:11","date_gmt":"2025-10-28T10:41:11","guid":{"rendered":""},"modified":"2026-02-24T07:54:32","modified_gmt":"2026-02-24T06:54:32","slug":"petite-arvine-tourbillon-les-domaines-provins-75cl","status":"publish","type":"product","link":"https:\/\/petitecave.ch\/de\/product\/petite-arvine-tourbillon-les-domaines-provins-75cl\/","title":{"rendered":"Petite Arvine Tourbillon Les Domaines &#8211; Provins 75cl"},"content":{"rendered":"<p><strong>C\u00e9page :\u00a0<\/strong>Petite Arvine\u00a0<\/p>\n<p><strong>Nez :\u00a0<\/strong>Ar\u00f4mes fruit\u00e9s et une min\u00e9ralit\u00e9 tout en \u00e9l\u00e9gance<\/p>\n<p><strong>Bouche :\u00a0<\/strong>Ar\u00f4mes de fleurs de glycine, de pamplemousse et de rhubarbe. La finale se fait tout en\u00a0 fra\u00eecheur, salinit\u00e9 et persistance<\/p>\n<p><strong>Accompagnement :\u00a0<\/strong>A l&rsquo;ap\u00e9ritif, avec des poissons et des crustac\u00e9s<\/p>\n<p><strong>Temps de garde :<\/strong> 5 ans<\/p>","protected":false},"excerpt":{"rendered":"<p><b>Petite Arvine Tourbillon Les Domaines &#8211; Provins &#8211; Sion<\/b><\/p>\n<p><i>AOC Valais<\/i><\/p>\n<p>\u00a0<\/p>\n<p><i><u>UNIQUEMENT DISPONIBLE AU MAGASIN DE COLLOMBEY<\/u><\/i><\/p>","protected":false},"featured_media":12722,"comment_status":"open","ping_status":"open","template":"","meta":[],"product_cat":[253],"product_tag":[],"class_list":{"0":"post-9321","1":"product","2":"type-product","3":"status-publish","4":"has-post-thumbnail","6":"product_cat-vins","7":"pa_color-blanc","8":"pa_country-suisse","9":"pa_volume-75-cl","10":"_wholesalex wsx-wholesalex-product","12":"first","13":"instock","14":"taxable","15":"shipping-taxable","16":"purchasable","17":"product-type-simple"},"_links":{"self":[{"href":"https:\/\/petitecave.ch\/de\/wp-json\/wp\/v2\/product\/9321","targetHints":{"allow":["GET"]}}],"collection":[{"href":"https:\/\/petitecave.ch\/de\/wp-json\/wp\/v2\/product"}],"about":[{"href":"https:\/\/petitecave.ch\/de\/wp-json\/wp\/v2\/types\/product"}],"replies":[{"embeddable":true,"href":"https:\/\/petitecave.ch\/de\/wp-json\/wp\/v2\/comments?post=9321"}],"wp:featuredmedia":[{"embeddable":true,"href":"https:\/\/petitecave.ch\/de\/wp-json\/wp\/v2\/media\/12722"}],"wp:attachment":[{"href":"https:\/\/petitecave.ch\/de\/wp-json\/wp\/v2\/media?parent=9321"}],"wp:term":[{"taxonomy":"product_cat","embeddable":true,"href":"https:\/\/petitecave.ch\/de\/wp-json\/wp\/v2\/product_cat?post=9321"},{"taxonomy":"product_tag","embeddable":true,"href":"https:\/\/petitecave.ch\/de\/wp-json\/wp\/v2\/product_tag?post=9321"}],"curies":[{"name":"wp","href":"https:\/\/api.w.org\/{rel}","templated":true}]}}