{"id":9319,"date":"2025-10-28T10:41:09","date_gmt":"2025-10-28T10:41:09","guid":{"rendered":""},"modified":"2026-02-24T07:54:32","modified_gmt":"2026-02-24T06:54:32","slug":"petite-arvine-jean-des-cr-tes-maison-maye-75cl","status":"publish","type":"product","link":"https:\/\/petitecave.ch\/de\/product\/petite-arvine-jean-des-cr-tes-maison-maye-75cl\/","title":{"rendered":"Petite Arvine Jean Des Cr\u00eates &#8211; Maison Maye 75cl"},"content":{"rendered":"<p><strong>C\u00e9page : <\/strong>Petite Arvine<\/p>\n<p><strong>Nez :\u00a0<\/strong>Floral aux senteurs de glycines<\/p>\n<p><strong>Bouche :\u00a0<\/strong>Une vivacit\u00e9 enrob\u00e9e d&rsquo;une texture agr\u00e9able, fruit\u00e9e et une finale persistante et tonique<\/p>\n<p><strong>Temps de garde : <\/strong>5 \u00e0 7 ans<\/p>\n<p><strong>Accompagnement :\u00a0<\/strong>Des hu\u00eetres, crustac\u00e9s, fromages de ch\u00e8vre secs<\/p>","protected":false},"excerpt":{"rendered":"<p><strong>Petite Arvine Jean Des Cr\u00eates &#8211; Les Fils Maye SA &#8211; Riddes<\/strong><\/p>\n<p><em>AOC Valais &#8211; Gamme H\u00e9ritage\u00a0<\/em><\/p>\n<p>\u00a0<\/p>\n<p><i><strong>DESTIN\u00c9E AUX AMATEURS EXIGEANTS<\/strong><\/i><\/p>\n<p><i>Une gamme h\u00e9ritage, de par ses personnages typiques qui sont les cr\u00e9ations de Robert H\u00e9ritier.\u00a0<\/i><\/p>\n<p><i>Les vins de cette gamme expriment avec pl\u00e9nitude le caract\u00e8re des c\u00e9pages et r\u00e9v\u00e8lent la diversit\u00e9 des mill\u00e9simes. Les travaux viticoles sont effectu\u00e9s avec rigueur, la maturit\u00e9 et les rendements sont optimis\u00e9s, puis les vendanges effectu\u00e9es \u00e0 la main.<\/i><\/p>\n<p>\u00a0<\/p>\n<p><b><span style=\"text-decoration: underline;\"><em>DISPONIBLE AU MAGASIN DE COLLOMBEY UNIQUEMENT<\/em><\/span><\/b><\/p>\n<p><b><span style=\"text-decoration: underline;\"><em>RUPTURE FOURNISSEUR JUSQU&rsquo;AU PRINTEMPS<\/em><\/span><\/b><\/p>","protected":false},"featured_media":12720,"comment_status":"open","ping_status":"open","template":"","meta":[],"product_cat":[253],"product_tag":[],"class_list":{"0":"post-9319","1":"product","2":"type-product","3":"status-publish","4":"has-post-thumbnail","6":"product_cat-vins","7":"pa_color-blanc","8":"pa_country-suisse","9":"pa_volume-75-cl","10":"_wholesalex wsx-wholesalex-product","12":"first","13":"instock","14":"taxable","15":"shipping-taxable","16":"purchasable","17":"product-type-simple"},"_links":{"self":[{"href":"https:\/\/petitecave.ch\/de\/wp-json\/wp\/v2\/product\/9319","targetHints":{"allow":["GET"]}}],"collection":[{"href":"https:\/\/petitecave.ch\/de\/wp-json\/wp\/v2\/product"}],"about":[{"href":"https:\/\/petitecave.ch\/de\/wp-json\/wp\/v2\/types\/product"}],"replies":[{"embeddable":true,"href":"https:\/\/petitecave.ch\/de\/wp-json\/wp\/v2\/comments?post=9319"}],"wp:featuredmedia":[{"embeddable":true,"href":"https:\/\/petitecave.ch\/de\/wp-json\/wp\/v2\/media\/12720"}],"wp:attachment":[{"href":"https:\/\/petitecave.ch\/de\/wp-json\/wp\/v2\/media?parent=9319"}],"wp:term":[{"taxonomy":"product_cat","embeddable":true,"href":"https:\/\/petitecave.ch\/de\/wp-json\/wp\/v2\/product_cat?post=9319"},{"taxonomy":"product_tag","embeddable":true,"href":"https:\/\/petitecave.ch\/de\/wp-json\/wp\/v2\/product_tag?post=9319"}],"curies":[{"name":"wp","href":"https:\/\/api.w.org\/{rel}","templated":true}]}}