{"id":9311,"date":"2025-10-28T10:41:02","date_gmt":"2025-10-28T10:41:02","guid":{"rendered":""},"modified":"2026-02-24T07:43:47","modified_gmt":"2026-02-24T06:43:47","slug":"or-noir-cave-l-orpailleur-75cl","status":"publish","type":"product","link":"https:\/\/petitecave.ch\/de\/product\/or-noir-cave-l-orpailleur-75cl\/","title":{"rendered":"Or Noir &#8211; Cave L&rsquo;Orpailleur 75cl"},"content":{"rendered":"<p><b>C\u00e9pages :\u00a0<\/b>Syrah, Merlot et Cabernet Franc &#8211; \u00c9lev\u00e9 12 mois en barrique<\/p>\n<p><b>Nez :\u00a0<\/b>Ar\u00f4mes fruit\u00e9s de cerise, de cassis et de prune accompagn\u00e9es de notes toast\u00e9es d\u00fbes \u00e0 la barrique mais aussi de tabac, de girofle et de c\u00e8dre<\/p>\n<p><b>Bouche :\u00a0<\/b>Intense, mais souple avec des tanins \u00e9l\u00e9gants qui encadrent une finale persistante. Il Poss\u00e8de un excellent potentiel de garde<\/p>\n<p><b>Accompagnement :\u00a0<\/b>Accompagne \u00e0 merveille un r\u00f4ti de b\u0153uf, une \u00e9paule d\u2019agneau, une c\u00f4te de b\u0153uf, un ossobuco et des fromages affin\u00e9s \u00e0 p\u00e2te dure<\/p>\n<p><b>Temps de garde :\u00a0<\/b>3 \u00e0 10 ans\u00a0<\/p>","protected":false},"excerpt":{"rendered":"<p><b>Or Noir &#8211; Cave L&rsquo;Orpailleur<\/b><\/p>\n<p>\u00a0<\/p>\n<p><i><u>UNIQUEMENT DISPONIBLE AU MAGASIN DE COLLOMBEY<\/u><\/i><\/p>","protected":false},"featured_media":12712,"comment_status":"open","ping_status":"open","template":"","meta":[],"product_cat":[253],"product_tag":[],"class_list":{"0":"post-9311","1":"product","2":"type-product","3":"status-publish","4":"has-post-thumbnail","6":"product_cat-vins","7":"pa_color-rouge","8":"pa_country-suisse","9":"pa_volume-75-cl","10":"_wholesalex wsx-wholesalex-product","12":"first","13":"instock","14":"taxable","15":"shipping-taxable","16":"purchasable","17":"product-type-simple"},"_links":{"self":[{"href":"https:\/\/petitecave.ch\/de\/wp-json\/wp\/v2\/product\/9311","targetHints":{"allow":["GET"]}}],"collection":[{"href":"https:\/\/petitecave.ch\/de\/wp-json\/wp\/v2\/product"}],"about":[{"href":"https:\/\/petitecave.ch\/de\/wp-json\/wp\/v2\/types\/product"}],"replies":[{"embeddable":true,"href":"https:\/\/petitecave.ch\/de\/wp-json\/wp\/v2\/comments?post=9311"}],"wp:featuredmedia":[{"embeddable":true,"href":"https:\/\/petitecave.ch\/de\/wp-json\/wp\/v2\/media\/12712"}],"wp:attachment":[{"href":"https:\/\/petitecave.ch\/de\/wp-json\/wp\/v2\/media?parent=9311"}],"wp:term":[{"taxonomy":"product_cat","embeddable":true,"href":"https:\/\/petitecave.ch\/de\/wp-json\/wp\/v2\/product_cat?post=9311"},{"taxonomy":"product_tag","embeddable":true,"href":"https:\/\/petitecave.ch\/de\/wp-json\/wp\/v2\/product_tag?post=9311"}],"curies":[{"name":"wp","href":"https:\/\/api.w.org\/{rel}","templated":true}]}}