{"id":9306,"date":"2025-10-28T10:40:58","date_gmt":"2025-10-28T10:40:58","guid":{"rendered":""},"modified":"2026-02-24T07:43:46","modified_gmt":"2026-02-24T06:43:46","slug":"nez-noir-rouge-bio-rouvinez-75cl","status":"publish","type":"product","link":"https:\/\/petitecave.ch\/de\/product\/nez-noir-rouge-bio-rouvinez-75cl\/","title":{"rendered":"Nez Noir Rouge BIO &#8211; Rouvinez 75cl"},"content":{"rendered":"<p><strong>C\u00e9pages :\u00a0<\/strong>Merlot, Syrah et Gamaret<\/p>\n<p><strong>Nez :\u00a0<\/strong>Les parfums de cassis et de fraises muries \u00e0 point sont r\u00e9hauss\u00e9es de senteurs d&rsquo;\u00e9pices douces et d\u00e9licatement fum\u00e9es<\/p>\n<p><strong>Bouche :\u00a0<\/strong>Ample, il garde la finesse de ses ar\u00f4mes. la finale est longue et savoureuse\u00a0<\/p>\n<p><strong>Accompagnement :\u00a0<\/strong>Avec des paupiettes de veau aux \u00e9pices, un magret de canard, un filet mignon de porc en cro\u00fbte,&#8230;\u00a0<\/p>","protected":false},"excerpt":{"rendered":"<p><strong>Nez Noir BIO &#8211; Famille Rouvinez &#8211; <\/strong><\/p>\n<p><i>AOC Valais<\/i> <strong>&#8211;\u00a0<\/strong><em>BIO en reconversion\u00a0<\/em><\/p>\n<p>\u00a0<\/p>\n<p><i>Le nom NEZ NOIR est inspir\u00e9 de notre troupeau de moutons du m\u00eame nom. Entre mi-mars et mi-avril, nous les laissons pa\u00eetre dans nos vignes. L\u2019entretien du sol se fait ainsi en parfaite harmonie avec la nature. Lorsque la vigne commence \u00e0 pousser, nos moutons se reposent sur une prairie pr\u00e8s de Sierre en attendant de regagner leur terre d\u2019origine dans le Haut-Valais \u00e0 2&rsquo;700 m. d\u2019altitude. C\u2019est face au Cervin qu\u2019ils seront tondus donnant quelques kilos d\u2019une laine de grande qualit\u00e9.\u00a0<\/i><\/p>\n<p>\u00a0<\/p>\n<p><i><u>UNIQUEMENT DISPONIBLE AU MAGASIN DE COLLOMBEY<\/u><\/i><\/p>","protected":false},"featured_media":12707,"comment_status":"open","ping_status":"open","template":"","meta":[],"product_cat":[253,329],"product_tag":[],"class_list":{"0":"post-9306","1":"product","2":"type-product","3":"status-publish","4":"has-post-thumbnail","6":"product_cat-vins","7":"product_cat-vins-bio","8":"pa_color-rouge","9":"pa_country-suisse","10":"pa_volume-75-cl","11":"_wholesalex wsx-wholesalex-product","13":"first","14":"instock","15":"taxable","16":"shipping-taxable","17":"purchasable","18":"product-type-simple"},"_links":{"self":[{"href":"https:\/\/petitecave.ch\/de\/wp-json\/wp\/v2\/product\/9306","targetHints":{"allow":["GET"]}}],"collection":[{"href":"https:\/\/petitecave.ch\/de\/wp-json\/wp\/v2\/product"}],"about":[{"href":"https:\/\/petitecave.ch\/de\/wp-json\/wp\/v2\/types\/product"}],"replies":[{"embeddable":true,"href":"https:\/\/petitecave.ch\/de\/wp-json\/wp\/v2\/comments?post=9306"}],"wp:featuredmedia":[{"embeddable":true,"href":"https:\/\/petitecave.ch\/de\/wp-json\/wp\/v2\/media\/12707"}],"wp:attachment":[{"href":"https:\/\/petitecave.ch\/de\/wp-json\/wp\/v2\/media?parent=9306"}],"wp:term":[{"taxonomy":"product_cat","embeddable":true,"href":"https:\/\/petitecave.ch\/de\/wp-json\/wp\/v2\/product_cat?post=9306"},{"taxonomy":"product_tag","embeddable":true,"href":"https:\/\/petitecave.ch\/de\/wp-json\/wp\/v2\/product_tag?post=9306"}],"curies":[{"name":"wp","href":"https:\/\/api.w.org\/{rel}","templated":true}]}}