{"id":9297,"date":"2025-10-28T10:40:50","date_gmt":"2025-10-28T10:40:50","guid":{"rendered":""},"modified":"2026-02-24T07:37:26","modified_gmt":"2026-02-24T06:37:26","slug":"merlot-collection-f-les-fils-de-charles-favre-75cl","status":"publish","type":"product","link":"https:\/\/petitecave.ch\/de\/product\/merlot-collection-f-les-fils-de-charles-favre-75cl\/","title":{"rendered":"Merlot Collection F &#8211; Les Fils de Charles Favre 75cl"},"content":{"rendered":"<p><strong>C\u00e9page :\u00a0<\/strong>Merlot &#8211; Elev\u00e9 en f\u00fbt de ch\u00eane\u00a0<\/p>\n<p><strong>Nez :\u00a0<\/strong>Agr\u00e9ablement parfum\u00e9 rappelant beaucoup les prunes et les cerises juteuses avec une touche de violette et de d\u00e9licates notes toast\u00e9es<\/p>\n<p><strong>Bouche :\u00a0<\/strong>Une attaque souple avec une belle rondeur. On d\u00e9couvre des notes de marrons chauds, de caf\u00e9 torr\u00e9fi\u00e9 et de r\u00e9glisse<\/p>\n<p><strong>Accompagnement :\u00a0<\/strong>Avec des viandes rouges grill\u00e9s, la chasse, des fromages \u00e0 p\u00e2te dure<\/p>","protected":false},"excerpt":{"rendered":"<p><strong>Merlot Collection F &#8211; Les Fils de Charles Favre &#8211; Sion<\/strong><\/p>\n<p><em>AOC Valais<\/em><\/p>\n<p>\u00a0<\/p>\n<p><i><strong>El\u00e9gance et raffinement. Elev\u00e9 avec patience et respect.<\/strong><\/i><\/p>\n<p><i>La Collection F, joyau de notre production, regroupe une s\u00e9lection de 11 crus provenant des meilleurs parchets de nos domaines : Fendant, Chardonnay, Petite Arvine, Pinot Noir de Sion, Pinot Noir de Sierre, Cornalin, Humagne Rouge, Syrah, Merlot, Douceur Rouge (vin doux naturel non filtr\u00e9), ainsi que Le Brut, un vin mousseux en m\u00e9thode traditionnelle.<\/i><\/p>\n<p><i>Elev\u00e9s pour la majorit\u00e9 dans notre chai \u00e0 barriques, ces vins hautement qualitatifs satisfont les connaisseurs les plus avertis.<\/i><\/p>","protected":false},"featured_media":12698,"comment_status":"open","ping_status":"open","template":"","meta":[],"product_cat":[253],"product_tag":[],"class_list":{"0":"post-9297","1":"product","2":"type-product","3":"status-publish","4":"has-post-thumbnail","6":"product_cat-vins","7":"pa_color-rouge","8":"pa_country-suisse","9":"pa_volume-75-cl","10":"_wholesalex wsx-wholesalex-product","12":"first","13":"instock","14":"taxable","15":"shipping-taxable","16":"purchasable","17":"product-type-simple"},"_links":{"self":[{"href":"https:\/\/petitecave.ch\/de\/wp-json\/wp\/v2\/product\/9297","targetHints":{"allow":["GET"]}}],"collection":[{"href":"https:\/\/petitecave.ch\/de\/wp-json\/wp\/v2\/product"}],"about":[{"href":"https:\/\/petitecave.ch\/de\/wp-json\/wp\/v2\/types\/product"}],"replies":[{"embeddable":true,"href":"https:\/\/petitecave.ch\/de\/wp-json\/wp\/v2\/comments?post=9297"}],"wp:featuredmedia":[{"embeddable":true,"href":"https:\/\/petitecave.ch\/de\/wp-json\/wp\/v2\/media\/12698"}],"wp:attachment":[{"href":"https:\/\/petitecave.ch\/de\/wp-json\/wp\/v2\/media?parent=9297"}],"wp:term":[{"taxonomy":"product_cat","embeddable":true,"href":"https:\/\/petitecave.ch\/de\/wp-json\/wp\/v2\/product_cat?post=9297"},{"taxonomy":"product_tag","embeddable":true,"href":"https:\/\/petitecave.ch\/de\/wp-json\/wp\/v2\/product_tag?post=9297"}],"curies":[{"name":"wp","href":"https:\/\/api.w.org\/{rel}","templated":true}]}}