{"id":9296,"date":"2025-10-28T10:40:49","date_gmt":"2025-10-28T10:40:49","guid":{"rendered":""},"modified":"2026-02-24T07:28:18","modified_gmt":"2026-02-24T06:28:18","slug":"merlot-albert-biollaz","status":"publish","type":"product","link":"https:\/\/petitecave.ch\/de\/product\/merlot-albert-biollaz\/","title":{"rendered":"Merlot &#8211; Albert Biollaz 75cl"},"content":{"rendered":"<p><strong>C\u00e9page :\u00a0<\/strong>Merlot<\/p>\n<p><strong>Nez :\u00a0<\/strong>Terreux avec des ar\u00f4mes de caf\u00e9 et de truffe<\/p>\n<p><strong>Bouche :\u00a0<\/strong>Ronde, puissante, ample et moelleuse, la finale est soutenue par des tanins puissants et fondus<\/p>\n<p><strong>Accompagnement :\u00a0<\/strong>Avec un filet ou une c\u00f4te de b\u0153uf, de l&rsquo;agneau, du gibier et avec un plateau de fromage<\/p>\n<p><strong>Temps de garde :\u00a0<\/strong>5 \u00e0 10 ans<\/p>","protected":false},"excerpt":{"rendered":"<p><strong>Merlot &#8211; Albert Biollaz SA &#8211; Chamoson\u00a0<\/strong><\/p>\n<p><em>AOC Valais &#8211; La R\u00e9serve des Reines<\/em><\/p>\n<p>\u00a0<\/p>\n<p><i>On ne sait rien ou presque sur les origines de ces c\u00e9pages qui est tr\u00e8s r\u00e9pandu en Gironde, c\u2019est le c\u00e9page principal de Petrus. En Valais, il trouve un terroir id\u00e9al \u00e0 son d\u00e9veloppement. Il y donne un tr\u00e8s grand vin rouge.<\/i><\/p>","protected":false},"featured_media":12697,"comment_status":"open","ping_status":"open","template":"","meta":[],"product_cat":[253],"product_tag":[],"class_list":{"0":"post-9296","1":"product","2":"type-product","3":"status-publish","4":"has-post-thumbnail","6":"product_cat-vins","7":"pa_color-rouge","8":"pa_country-suisse","9":"pa_volume-50cl","10":"pa_volume-75-cl","11":"_wholesalex wsx-wholesalex-product","13":"first","14":"instock","15":"taxable","16":"shipping-taxable","17":"purchasable","18":"product-type-simple"},"_links":{"self":[{"href":"https:\/\/petitecave.ch\/de\/wp-json\/wp\/v2\/product\/9296","targetHints":{"allow":["GET"]}}],"collection":[{"href":"https:\/\/petitecave.ch\/de\/wp-json\/wp\/v2\/product"}],"about":[{"href":"https:\/\/petitecave.ch\/de\/wp-json\/wp\/v2\/types\/product"}],"replies":[{"embeddable":true,"href":"https:\/\/petitecave.ch\/de\/wp-json\/wp\/v2\/comments?post=9296"}],"wp:featuredmedia":[{"embeddable":true,"href":"https:\/\/petitecave.ch\/de\/wp-json\/wp\/v2\/media\/12697"}],"wp:attachment":[{"href":"https:\/\/petitecave.ch\/de\/wp-json\/wp\/v2\/media?parent=9296"}],"wp:term":[{"taxonomy":"product_cat","embeddable":true,"href":"https:\/\/petitecave.ch\/de\/wp-json\/wp\/v2\/product_cat?post=9296"},{"taxonomy":"product_tag","embeddable":true,"href":"https:\/\/petitecave.ch\/de\/wp-json\/wp\/v2\/product_tag?post=9296"}],"curies":[{"name":"wp","href":"https:\/\/api.w.org\/{rel}","templated":true}]}}