{"id":9294,"date":"2025-10-28T10:40:48","date_gmt":"2025-10-28T10:40:48","guid":{"rendered":""},"modified":"2026-02-24T07:22:57","modified_gmt":"2026-02-24T06:22:57","slug":"malvoisie-le-primat-les-fils-maye-75cl","status":"publish","type":"product","link":"https:\/\/petitecave.ch\/de\/product\/malvoisie-le-primat-les-fils-maye-75cl\/","title":{"rendered":"Malvoisie Le Primat &#8211; Les Fils Maye 75cl"},"content":{"rendered":"<p><strong>C\u00e9page :<\/strong> Pinot Gris<\/p>\n<p><strong>Nez :\u00a0<\/strong>Effluves de gel\u00e9e de coing et des senteurs miell\u00e9es<\/p>\n<p><strong>Bouche :\u00a0<\/strong>Douce, onctueuse qui persiste longuement sur des ar\u00f4mes caram\u00e9lis\u00e9s<\/p>\n<p><strong>Accompagnement :\u00a0<\/strong>Avec du roquefort, des dessert aux fruits rouges, un carpaccio d&rsquo;ananas et des biscuits aux amandes<\/p>\n<p><strong>Temps de garde :\u00a0<\/strong>8 \u00e0 10\u00a0ans<\/p>","protected":false},"excerpt":{"rendered":"<p><strong>Malvoisie Le Primat &#8211; Les Fils Maye SA &#8211; Riddes<\/strong><\/p>\n<p><em>AOC Valais &#8211; Gamme H\u00e9ritage<\/em><\/p>\n<p>\u00a0<\/p>\n<p><i><strong>DESTIN\u00c9E AUX AMATEURS EXIGEANTS\u00a0<\/strong><\/i><\/p>\n<p><i>Une gamme h\u00e9ritage, de par ses personnages typiques qui sont les cr\u00e9ations de Robert H\u00e9ritier.\u00a0<\/i><\/p>\n<p><i>Les vins de cette gamme expriment avec pl\u00e9nitude le caract\u00e8re des c\u00e9pages et r\u00e9v\u00e8lent la diversit\u00e9 des mill\u00e9simes. Les travaux viticoles sont effectu\u00e9s avec rigueur, la maturit\u00e9 et les rendements sont optimis\u00e9s, puis les vendanges effectu\u00e9es \u00e0 la main.<\/i><\/p>\n<p>\u00a0<\/p>\n<p><span style=\"text-decoration:underline;\"><em>DISPONIBLE AU MAGASIN DE COLLOMBEY UNIQUEMENT<\/em><\/span><\/p>\n<p>\u00a0<\/p>","protected":false},"featured_media":12695,"comment_status":"open","ping_status":"open","template":"","meta":[],"product_cat":[368,253],"product_tag":[],"class_list":{"0":"post-9294","1":"product","2":"type-product","3":"status-publish","4":"has-post-thumbnail","6":"product_cat-blanc","7":"product_cat-vins","8":"pa_color-blanc","9":"pa_country-suisse","10":"pa_volume-75-cl","11":"_wholesalex wsx-wholesalex-product","13":"first","14":"instock","15":"taxable","16":"shipping-taxable","17":"purchasable","18":"product-type-simple"},"_links":{"self":[{"href":"https:\/\/petitecave.ch\/de\/wp-json\/wp\/v2\/product\/9294","targetHints":{"allow":["GET"]}}],"collection":[{"href":"https:\/\/petitecave.ch\/de\/wp-json\/wp\/v2\/product"}],"about":[{"href":"https:\/\/petitecave.ch\/de\/wp-json\/wp\/v2\/types\/product"}],"replies":[{"embeddable":true,"href":"https:\/\/petitecave.ch\/de\/wp-json\/wp\/v2\/comments?post=9294"}],"wp:featuredmedia":[{"embeddable":true,"href":"https:\/\/petitecave.ch\/de\/wp-json\/wp\/v2\/media\/12695"}],"wp:attachment":[{"href":"https:\/\/petitecave.ch\/de\/wp-json\/wp\/v2\/media?parent=9294"}],"wp:term":[{"taxonomy":"product_cat","embeddable":true,"href":"https:\/\/petitecave.ch\/de\/wp-json\/wp\/v2\/product_cat?post=9294"},{"taxonomy":"product_tag","embeddable":true,"href":"https:\/\/petitecave.ch\/de\/wp-json\/wp\/v2\/product_tag?post=9294"}],"curies":[{"name":"wp","href":"https:\/\/api.w.org\/{rel}","templated":true}]}}