{"id":9284,"date":"2025-10-28T10:40:38","date_gmt":"2025-10-28T10:40:38","guid":{"rendered":""},"modified":"2026-02-24T07:16:10","modified_gmt":"2026-02-24T06:16:10","slug":"johannisberg-hurlevent-les-fils-de-charles-favre-75cl","status":"publish","type":"product","link":"https:\/\/petitecave.ch\/de\/product\/johannisberg-hurlevent-les-fils-de-charles-favre-75cl\/","title":{"rendered":"Johannisberg Hurlevent &#8211; Les Fils de Charles Favre 75cl"},"content":{"rendered":"<p><strong>C\u00e9page :\u00a0<\/strong>Johannisberg<\/p>\n<p><strong>Nez :\u00a0<\/strong>Complexe, sur des notes florales tels que fleurs blanches. On per\u00e7oit \u00e9galement des notes de p\u00eaches blanches, d&rsquo;agrumes comme le citron vert et l&rsquo;orange, compl\u00e9t\u00e9e par des senteurs d&rsquo;amandes amer typique de ce c\u00e9page<\/p>\n<p><strong>Bouche :\u00a0<\/strong>L&rsquo;attaque est souple, ce vin offre un beau volume avec des saveurs de fruits tr\u00e8s m\u00fbrs et d&rsquo;amandes amer. Une l\u00e9g\u00e8re amertume positive coupl\u00e9e d&rsquo;une finale ample et persistante<\/p>\n<p><strong>Temps de garde :<\/strong>\u00a01 \u00e0 3\u00a0 ans<\/p>\n<p><strong>Accompagnements :\u00a0<\/strong>Ap\u00e9ritifs, asperges, fromage frais<\/p>","protected":false},"excerpt":{"rendered":"<p><strong>Johannisberg Hurlevent &#8211; Les Fils de Charles Favre &#8211; Sion\u00a0<\/strong><\/p>\n<p><em>AOC Valais<\/em><\/p>\n<p>\u00a0<\/p>\n<p><i><strong>Tradition et valeurs. A chaque occasion son c\u00e9page.<\/strong><\/i><\/p>\n<p><i>Pour les adeptes de valeurs s\u00fbres, la gamme Hurlevent, lanc\u00e9e \u00e0 la cr\u00e9ation de la cave en 1959, propose 19 crus.<\/i><\/p>\n<p><i>Vous trouverez ainsi dans la gamme des blancs : Fendant, Johannisberg, Heida (Pa\u00efen), Marsanne (Ermitage), Pinot Gris (Malvoisie), Petite Arvine, Muscat, Humagne Blanc, Dessert (vin doux).<\/i><\/p>\n<p><i>La D\u00f4le Blanche et l\u2019\u0152il de Perdrix pour les ros\u00e9s.<\/i><\/p>\n<p><i>Gamay, D\u00f4le, Pinot Noir, Cornalin, Humagne Rouge, Syrah, Merlot et Cuv\u00e9e Prestige (assemblage) dans les rouges.<\/i><\/p>\n<p>\u00a0<\/p>\n<p><i><u>UNIQUEMENT DISPONIBLE AU MAGASIN DE COLLOMBEY<\/u><\/i><\/p>","protected":false},"featured_media":12684,"comment_status":"open","ping_status":"open","template":"","meta":[],"product_cat":[368,253],"product_tag":[],"class_list":{"0":"post-9284","1":"product","2":"type-product","3":"status-publish","4":"has-post-thumbnail","6":"product_cat-blanc","7":"product_cat-vins","8":"pa_color-blanc","9":"pa_country-suisse","10":"pa_volume-75-cl","11":"_wholesalex wsx-wholesalex-product","13":"first","14":"instock","15":"taxable","16":"shipping-taxable","17":"purchasable","18":"product-type-simple"},"_links":{"self":[{"href":"https:\/\/petitecave.ch\/de\/wp-json\/wp\/v2\/product\/9284","targetHints":{"allow":["GET"]}}],"collection":[{"href":"https:\/\/petitecave.ch\/de\/wp-json\/wp\/v2\/product"}],"about":[{"href":"https:\/\/petitecave.ch\/de\/wp-json\/wp\/v2\/types\/product"}],"replies":[{"embeddable":true,"href":"https:\/\/petitecave.ch\/de\/wp-json\/wp\/v2\/comments?post=9284"}],"wp:featuredmedia":[{"embeddable":true,"href":"https:\/\/petitecave.ch\/de\/wp-json\/wp\/v2\/media\/12684"}],"wp:attachment":[{"href":"https:\/\/petitecave.ch\/de\/wp-json\/wp\/v2\/media?parent=9284"}],"wp:term":[{"taxonomy":"product_cat","embeddable":true,"href":"https:\/\/petitecave.ch\/de\/wp-json\/wp\/v2\/product_cat?post=9284"},{"taxonomy":"product_tag","embeddable":true,"href":"https:\/\/petitecave.ch\/de\/wp-json\/wp\/v2\/product_tag?post=9284"}],"curies":[{"name":"wp","href":"https:\/\/api.w.org\/{rel}","templated":true}]}}