{"id":9282,"date":"2025-10-28T10:40:37","date_gmt":"2025-10-28T10:40:37","guid":{"rendered":""},"modified":"2026-02-24T07:13:13","modified_gmt":"2026-02-24T06:13:13","slug":"humagne-rouge-ard-vaz-rouvinez-75cl","status":"publish","type":"product","link":"https:\/\/petitecave.ch\/de\/product\/humagne-rouge-ard-vaz-rouvinez-75cl\/","title":{"rendered":"Humagne Rouge Ard\u00e9vaz &#8211; Rouvinez 75cl"},"content":{"rendered":"<p><b>C\u00e9page :<\/b>\u00a0Humagne Rouge<\/p>\n<p><b>Nez :\u00a0<\/b>Notes \u00e9pic\u00e9es rappelant le laurier m\u00e9lang\u00e9es \u00e0 des parfums de tabac et de th\u00e9<\/p>\n<p><b>Bouche :\u00a0<\/b>Lattaque ets claire et vive avec des tanins parfaitement int\u00e9gr\u00e9s qui lui conf\u00e8re une solide structure<\/p>\n<p><b>Accompagnement :\u00a0<\/b>Id\u00e9al avec du gibier, des viandes rouges et des fromages forts<\/p>\n<p><b>Temps de garde :\u00a0<\/b>2 \u00e0 4 ans\u00a0<\/p>","protected":false},"excerpt":{"rendered":"<p><b>Humagne Rouge &#8211; Domaine Ard\u00e9vaz &#8211; Leytron<\/b><\/p>\n<p><i>AOC Valais<\/i><\/p>\n<p>\u00a0<\/p>\n<p><i>Bien que l\u2019origine exacte de l\u2019Humagne Rouge soit inconnue, on la trouve dans la vall\u00e9e d\u2019Aoste et en Valais depuis environ un si\u00e8cle. Il n\u2019y a pas de lien g\u00e9n\u00e9tique entre les vari\u00e9t\u00e9s Humagne Rouge et Humagne Blanc. En raison de sa maturation tardive, ce c\u00e9page n\u00e9cessite les meilleurs emplacements des coteaux valaisans. Ainsi, le terroir d\u2019Ard\u00e9vaz \u00e0 Leytron est bien adapt\u00e9 et lui permet de se d\u00e9velopper \u00e0 sa pleine capacit\u00e9.<\/i><\/p>\n<p>\u00a0<\/p>\n<p><i><u>UNIQUEMENT DISPONIBLE AU MAGASIN DE COLLOMBEY<\/u><\/i><\/p>","protected":false},"featured_media":12682,"comment_status":"open","ping_status":"open","template":"","meta":[],"product_cat":[253],"product_tag":[],"class_list":{"0":"post-9282","1":"product","2":"type-product","3":"status-publish","4":"has-post-thumbnail","6":"product_cat-vins","7":"pa_color-rouge","8":"pa_country-suisse","9":"pa_volume-75-cl","10":"_wholesalex wsx-wholesalex-product","12":"first","13":"instock","14":"taxable","15":"shipping-taxable","16":"purchasable","17":"product-type-simple"},"_links":{"self":[{"href":"https:\/\/petitecave.ch\/de\/wp-json\/wp\/v2\/product\/9282","targetHints":{"allow":["GET"]}}],"collection":[{"href":"https:\/\/petitecave.ch\/de\/wp-json\/wp\/v2\/product"}],"about":[{"href":"https:\/\/petitecave.ch\/de\/wp-json\/wp\/v2\/types\/product"}],"replies":[{"embeddable":true,"href":"https:\/\/petitecave.ch\/de\/wp-json\/wp\/v2\/comments?post=9282"}],"wp:featuredmedia":[{"embeddable":true,"href":"https:\/\/petitecave.ch\/de\/wp-json\/wp\/v2\/media\/12682"}],"wp:attachment":[{"href":"https:\/\/petitecave.ch\/de\/wp-json\/wp\/v2\/media?parent=9282"}],"wp:term":[{"taxonomy":"product_cat","embeddable":true,"href":"https:\/\/petitecave.ch\/de\/wp-json\/wp\/v2\/product_cat?post=9282"},{"taxonomy":"product_tag","embeddable":true,"href":"https:\/\/petitecave.ch\/de\/wp-json\/wp\/v2\/product_tag?post=9282"}],"curies":[{"name":"wp","href":"https:\/\/api.w.org\/{rel}","templated":true}]}}