{"id":9279,"date":"2025-10-28T10:40:33","date_gmt":"2025-10-28T10:40:33","guid":{"rendered":""},"modified":"2026-02-24T07:12:30","modified_gmt":"2026-02-24T06:12:30","slug":"humagne-rouge-albert-biollaz-75cl","status":"publish","type":"product","link":"https:\/\/petitecave.ch\/de\/product\/humagne-rouge-albert-biollaz-75cl\/","title":{"rendered":"Humagne Rouge &#8211; Albert Biollaz 75cl"},"content":{"rendered":"<p><strong>C\u00e9page :<\/strong> Humagne Rouge<\/p>\n<p><strong>Nez :\u00a0<\/strong>Le bouquet \u00e9pic\u00e9 se caract\u00e9rise par des notes de buisson sauvage de r\u00e9glisse et de cuir<\/p>\n<p><strong>Bouche :\u00a0<\/strong>Ce vin puissant \u00e0 la fois soyeux et sauvage d\u00e9veloppe des ar\u00f4mes de fruits noirs \u00e9quilibr\u00e9s par des tannins soyeux<\/p>\n<p><strong>Accompagnement :\u00a0<\/strong>L\u2019Humagne Rouge accompagne \u00e0 merveille la chasse, les viandes grill\u00e9es, les volailles sauvages et les fromages \u00e0 p\u00e2te dure<\/p>\n<p><strong>Temps de garde :<\/strong> 5 \u00e0 10 ans<\/p>","protected":false},"excerpt":{"rendered":"<p><strong>Humagne Rouge &#8211; Albert Biollaz &#8211; Chamoson &#8211; <\/strong><\/p>\n<p><i>AOC Valais<\/i><strong> &#8211;\u00a0<\/strong><em>La R\u00e9serve du Chasseur<\/em><\/p>\n<p>\u00a0<\/p>\n<p><i>Connue en Italie sous le nom de Cornalin d\u2019Aoste, l\u2019Humagne Rouge n\u2019a pas, malgr\u00e9 des l\u00e9gendes tenaces, de similitude avec l\u2019Ouriou, l\u2019Humagne Blanche ou le Cornalin valaisan. Cultiv\u00e9 aujourd\u2019hui exclusivement en Valais, cette sp\u00e9cialit\u00e9 a longtemps \u00e9t\u00e9 marginale. Depuis deux d\u00e9cennies, elle conna\u00eet un regain d\u2019int\u00e9r\u00eat et sa surface cultiv\u00e9e augmente d\u2019ann\u00e9e en ann\u00e9e.<\/i><\/p>\n<p>\u00a0<\/p>\n<p><i><u>UNIQUEMENT DISPONIBLE AU MAGASIN DE COLLOMBEY<\/u><\/i><\/p>","protected":false},"featured_media":12678,"comment_status":"open","ping_status":"open","template":"","meta":[],"product_cat":[253],"product_tag":[],"class_list":{"0":"post-9279","1":"product","2":"type-product","3":"status-publish","4":"has-post-thumbnail","6":"product_cat-vins","7":"pa_color-rouge","8":"pa_country-suisse","9":"pa_volume-75-cl","10":"_wholesalex wsx-wholesalex-product","12":"first","13":"instock","14":"taxable","15":"shipping-taxable","16":"purchasable","17":"product-type-simple"},"_links":{"self":[{"href":"https:\/\/petitecave.ch\/de\/wp-json\/wp\/v2\/product\/9279","targetHints":{"allow":["GET"]}}],"collection":[{"href":"https:\/\/petitecave.ch\/de\/wp-json\/wp\/v2\/product"}],"about":[{"href":"https:\/\/petitecave.ch\/de\/wp-json\/wp\/v2\/types\/product"}],"replies":[{"embeddable":true,"href":"https:\/\/petitecave.ch\/de\/wp-json\/wp\/v2\/comments?post=9279"}],"wp:featuredmedia":[{"embeddable":true,"href":"https:\/\/petitecave.ch\/de\/wp-json\/wp\/v2\/media\/12678"}],"wp:attachment":[{"href":"https:\/\/petitecave.ch\/de\/wp-json\/wp\/v2\/media?parent=9279"}],"wp:term":[{"taxonomy":"product_cat","embeddable":true,"href":"https:\/\/petitecave.ch\/de\/wp-json\/wp\/v2\/product_cat?post=9279"},{"taxonomy":"product_tag","embeddable":true,"href":"https:\/\/petitecave.ch\/de\/wp-json\/wp\/v2\/product_tag?post=9279"}],"curies":[{"name":"wp","href":"https:\/\/api.w.org\/{rel}","templated":true}]}}