{"id":9276,"date":"2025-10-28T10:40:30","date_gmt":"2025-10-28T10:40:30","guid":{"rendered":""},"modified":"2026-02-24T07:10:58","modified_gmt":"2026-02-24T06:10:58","slug":"heida-tr-sors-de-famille-maison-gilliard-75cl","status":"publish","type":"product","link":"https:\/\/petitecave.ch\/de\/product\/heida-tr-sors-de-famille-maison-gilliard-75cl\/","title":{"rendered":"Heida Tr\u00e9sors de Famille &#8211; Maison Gilliard 75cl"},"content":{"rendered":"<p><strong>C\u00e9page :\u00a0<\/strong>Heida (Pa\u00efen)<\/p>\n<p><strong>Nez :\u00a0<\/strong>Ar\u00f4mes de noix et de noisette, discr\u00e8te note fruit\u00e9e de mangue<\/p>\n<p><strong>Bouche :\u00a0<\/strong>Fra\u00eeche et onctueuse, riche<\/p>\n<p><strong>Accompagnement :\u00a0<\/strong>En ap\u00e9ritif avec des salaisons, de la volaille et des fromages m\u00fbrs<\/p>\n<p><strong>Temps de garde :\u00a0<\/strong>8 ans<\/p>","protected":false},"excerpt":{"rendered":"<p><strong>Heida Tr\u00e9sors de Famille &#8211; Maison Gilliard &#8211; Sion<\/strong><\/p>\n<p><em>AOC Valais<\/em><\/p>\n<p>\u00a0<\/p>\n<p><i>Issu des plus hauts vignobles d\u2019Europe, dans le Vispertal, ce vin est embl\u00e9matique du Haut-Valais. Il est aujourd\u2019hui \u00e9galement \u00e0 l\u2019honneur dans le Valais romand, o\u00f9 ses qualit\u00e9s et son originalit\u00e9 sont pleinement reconnues. D\u00e9licieusement parfum\u00e9 dans des ar\u00f4mes de noix et de noisette, il offre une bouche fra\u00eeche et onctueuse, pleine de vivacit\u00e9 et d\u2019une belle persistance.<\/i><\/p>\n<p>\u00a0<\/p>\n<p><i><u>UNIQUEMENT DISPONIBLE AU MAGASIN DE COLLOMBEY<\/u><\/i><\/p>","protected":false},"featured_media":12675,"comment_status":"open","ping_status":"open","template":"","meta":[],"product_cat":[368,253],"product_tag":[],"class_list":{"0":"post-9276","1":"product","2":"type-product","3":"status-publish","4":"has-post-thumbnail","6":"product_cat-blanc","7":"product_cat-vins","8":"pa_color-blanc","9":"pa_country-suisse","10":"pa_volume-75-cl","11":"_wholesalex wsx-wholesalex-product","13":"first","14":"instock","15":"taxable","16":"shipping-taxable","17":"purchasable","18":"product-type-simple"},"_links":{"self":[{"href":"https:\/\/petitecave.ch\/de\/wp-json\/wp\/v2\/product\/9276","targetHints":{"allow":["GET"]}}],"collection":[{"href":"https:\/\/petitecave.ch\/de\/wp-json\/wp\/v2\/product"}],"about":[{"href":"https:\/\/petitecave.ch\/de\/wp-json\/wp\/v2\/types\/product"}],"replies":[{"embeddable":true,"href":"https:\/\/petitecave.ch\/de\/wp-json\/wp\/v2\/comments?post=9276"}],"wp:featuredmedia":[{"embeddable":true,"href":"https:\/\/petitecave.ch\/de\/wp-json\/wp\/v2\/media\/12675"}],"wp:attachment":[{"href":"https:\/\/petitecave.ch\/de\/wp-json\/wp\/v2\/media?parent=9276"}],"wp:term":[{"taxonomy":"product_cat","embeddable":true,"href":"https:\/\/petitecave.ch\/de\/wp-json\/wp\/v2\/product_cat?post=9276"},{"taxonomy":"product_tag","embeddable":true,"href":"https:\/\/petitecave.ch\/de\/wp-json\/wp\/v2\/product_tag?post=9276"}],"curies":[{"name":"wp","href":"https:\/\/api.w.org\/{rel}","templated":true}]}}