{"id":9272,"date":"2025-10-28T10:40:26","date_gmt":"2025-10-28T10:40:26","guid":{"rendered":""},"modified":"2026-02-24T07:08:10","modified_gmt":"2026-02-24T06:08:10","slug":"gamay-grand-m-tral-provins-75cl","status":"publish","type":"product","link":"https:\/\/petitecave.ch\/de\/product\/gamay-grand-m-tral-provins-75cl\/","title":{"rendered":"Gamay &#8211; Grand M\u00e9tral &#8211; Provins 75cl"},"content":{"rendered":"<p><strong>C\u00e9page :\u00a0<\/strong>Gamay<\/p>\n<p><strong>Nez :\u00a0<\/strong>Ar\u00f4mes de cerise et de pivoine<\/p>\n<p><strong>Bouche :\u00a0<\/strong>Gouleyant en bouche, avec une finale fine et fruit\u00e9e<\/p>\n<p><strong>Accompagnement :\u00a0<\/strong>Avec des viandes blanches, des terrines et des mets de brasserie<\/p>\n<p><strong>Temps de garde :\u00a0<\/strong>3 ans<\/p>","protected":false},"excerpt":{"rendered":"<p><strong>Gamay &#8211; Grand M\u00e9tral &#8211; Provins &#8211; Sion<\/strong><\/p>\n<p><em>AOC Valais<\/em><\/p>\n<p>\u00a0<\/p>\n<p><em><strong>Pour la d\u00e9couverte des c\u00e9pages.<\/strong><\/em><\/p>\n<p><em>La ligne \u00abGrand M\u00e9tral\u00bb a pour ambition de procurer un plaisir imm\u00e9diat. Les vins de cette marque se veulent faciles d\u2019approche, frais, fruit\u00e9s et exub\u00e9rants. \u00abGrand M\u00e9tral\u00bb est destin\u00e9e prioritairement \u00e0 la client\u00e8le gastronomique et se mariera parfaitement avec une cuisine moderne. \u00abGrand M\u00e9tral\u00bb souhaite affirmer sa propre personnalit\u00e9.<\/em><\/p>\n<p>\u00a0<\/p>\n<p><span style=\"text-decoration: underline;\"><i>DISPONIBLE AU MAGASIN DE COLLOMBEY UNIQUEMENT<\/i><\/span><\/p>","protected":false},"featured_media":12671,"comment_status":"open","ping_status":"open","template":"","meta":[],"product_cat":[253],"product_tag":[],"class_list":{"0":"post-9272","1":"product","2":"type-product","3":"status-publish","4":"has-post-thumbnail","6":"product_cat-vins","7":"pa_color-rouge","8":"pa_country-suisse","9":"pa_volume-75-cl","10":"_wholesalex wsx-wholesalex-product","12":"first","13":"instock","14":"taxable","15":"shipping-taxable","16":"purchasable","17":"product-type-simple"},"_links":{"self":[{"href":"https:\/\/petitecave.ch\/de\/wp-json\/wp\/v2\/product\/9272","targetHints":{"allow":["GET"]}}],"collection":[{"href":"https:\/\/petitecave.ch\/de\/wp-json\/wp\/v2\/product"}],"about":[{"href":"https:\/\/petitecave.ch\/de\/wp-json\/wp\/v2\/types\/product"}],"replies":[{"embeddable":true,"href":"https:\/\/petitecave.ch\/de\/wp-json\/wp\/v2\/comments?post=9272"}],"wp:featuredmedia":[{"embeddable":true,"href":"https:\/\/petitecave.ch\/de\/wp-json\/wp\/v2\/media\/12671"}],"wp:attachment":[{"href":"https:\/\/petitecave.ch\/de\/wp-json\/wp\/v2\/media?parent=9272"}],"wp:term":[{"taxonomy":"product_cat","embeddable":true,"href":"https:\/\/petitecave.ch\/de\/wp-json\/wp\/v2\/product_cat?post=9272"},{"taxonomy":"product_tag","embeddable":true,"href":"https:\/\/petitecave.ch\/de\/wp-json\/wp\/v2\/product_tag?post=9272"}],"curies":[{"name":"wp","href":"https:\/\/api.w.org\/{rel}","templated":true}]}}