{"id":9264,"date":"2025-10-28T10:40:19","date_gmt":"2025-10-28T10:40:19","guid":{"rendered":""},"modified":"2026-02-24T07:04:42","modified_gmt":"2026-02-24T06:04:42","slug":"fendant-les-terrasses-balavaud-jean-ren-germanier","status":"publish","type":"product","link":"https:\/\/petitecave.ch\/de\/product\/fendant-les-terrasses-balavaud-jean-ren-germanier\/","title":{"rendered":"Fendant Les Terrasses Balavaud &#8211; Jean Ren\u00e9 Germanier 75cl"},"content":{"rendered":"<p><b>C\u00e9page :\u00a0<\/b>Fendant<\/p>\n<p><b>Nez :\u00a0<\/b>Notes de tilleul et d&rsquo;\u00e9corces de citron<\/p>\n<p><b>Bouche :<\/b>\u00a0Belle min\u00e9ralit\u00e9 et bonne structure, elle est ample, vive et fra\u00eeche<\/p>\n<p><b>Accompagnement :\u00a0<\/b>Parfait pour l&rsquo;ap\u00e9ritif, avec des mets au fromage ou des des poisson du Lac<\/p>\n<p>\u00a0<\/p>","protected":false},"excerpt":{"rendered":"<p><b>Fendant Les Terrasses &#8211; Domaine Jean Ren\u00e9 Germanier &#8211; Balavaud<\/b><\/p>\n<p>\u00a0<\/p>\n<p><i>Vin embl\u00e9matique du Domaine, ce Fendant illustre parfaitement le terroir schisteux des coteaux du vignoble de V\u00e9troz.<\/i><\/p>","protected":false},"featured_media":12663,"comment_status":"open","ping_status":"open","template":"","meta":[],"product_cat":[253],"product_tag":[],"class_list":{"0":"post-9264","1":"product","2":"type-product","3":"status-publish","4":"has-post-thumbnail","6":"product_cat-vins","7":"pa_color-blanc","8":"pa_country-suisse","9":"_wholesalex wsx-wholesalex-product","11":"first","12":"instock","13":"taxable","14":"shipping-taxable","15":"purchasable","16":"product-type-simple"},"_links":{"self":[{"href":"https:\/\/petitecave.ch\/de\/wp-json\/wp\/v2\/product\/9264","targetHints":{"allow":["GET"]}}],"collection":[{"href":"https:\/\/petitecave.ch\/de\/wp-json\/wp\/v2\/product"}],"about":[{"href":"https:\/\/petitecave.ch\/de\/wp-json\/wp\/v2\/types\/product"}],"replies":[{"embeddable":true,"href":"https:\/\/petitecave.ch\/de\/wp-json\/wp\/v2\/comments?post=9264"}],"wp:featuredmedia":[{"embeddable":true,"href":"https:\/\/petitecave.ch\/de\/wp-json\/wp\/v2\/media\/12663"}],"wp:attachment":[{"href":"https:\/\/petitecave.ch\/de\/wp-json\/wp\/v2\/media?parent=9264"}],"wp:term":[{"taxonomy":"product_cat","embeddable":true,"href":"https:\/\/petitecave.ch\/de\/wp-json\/wp\/v2\/product_cat?post=9264"},{"taxonomy":"product_tag","embeddable":true,"href":"https:\/\/petitecave.ch\/de\/wp-json\/wp\/v2\/product_tag?post=9264"}],"curies":[{"name":"wp","href":"https:\/\/api.w.org\/{rel}","templated":true}]}}