{"id":9260,"date":"2025-10-28T10:40:16","date_gmt":"2025-10-28T10:40:16","guid":{"rendered":""},"modified":"2026-02-24T10:31:12","modified_gmt":"2026-02-24T09:31:12","slug":"fendant-grandgousier-les-fils-maye","status":"publish","type":"product","link":"https:\/\/petitecave.ch\/de\/product\/fendant-grandgousier-les-fils-maye\/","title":{"rendered":"Fendant Grandgousier &#8211; Les Fils Maye"},"content":{"rendered":"<p><strong>C\u00e9page :<\/strong>\u00a0Fendant\u00a0<\/p>\n<p><strong>Nez :\u00a0<\/strong>Bouquet fruit\u00e9 et min\u00e9ral<\/p>\n<p><strong>Bouche :\u00a0<\/strong>Ronde et harmonieuse\u00a0<\/p>\n<p><strong>Accompagnement :\u00a0<\/strong>Avec une raclette, un gruy\u00e8re sal\u00e9 et une fondue au fromage<\/p>\n<p><strong>Temps de garde :\u00a0<\/strong>1 \u00e0 3 ans<\/p>","protected":false},"excerpt":{"rendered":"<p><strong>Fendant Grandgousier &#8211; Les Fils Maye SA &#8211; Riddes<\/strong><\/p>\n<p><em>AOC Valais &#8211; Gamme H\u00e9ritage<\/em><\/p>\n<p>\u00a0<\/p>\n<p><i><strong>DESTIN\u00c9E AUX AMATEURS EXIGEANTS<\/strong><\/i><\/p>\n<p><i>Une gamme h\u00e9ritage, de par ses personnages typiques qui sont les cr\u00e9ations de Robert H\u00e9ritier.\u00a0<\/i><\/p>\n<p><i>Les vins de cette gamme expriment avec pl\u00e9nitude le caract\u00e8re des c\u00e9pages et r\u00e9v\u00e8lent la diversit\u00e9 des mill\u00e9simes. Les travaux viticoles sont effectu\u00e9s avec rigueur, la maturit\u00e9 et les rendements sont optimis\u00e9s, puis les vendanges effectu\u00e9es \u00e0 la main.<\/i><\/p>\n<p>\u00a0<\/p>\n<p><span style=\"text-decoration:underline;\"><em>DISPONIBLE AU MAGASIN DE COLLOMBEY UNIQUEMENT<\/em><\/span><\/p>","protected":false},"featured_media":12659,"comment_status":"open","ping_status":"open","template":"","meta":[],"product_cat":[253],"product_tag":[],"class_list":{"0":"post-9260","1":"product","2":"type-product","3":"status-publish","4":"has-post-thumbnail","6":"product_cat-vins","7":"pa_color-blanc","8":"pa_country-suisse","9":"_wholesalex wsx-wholesalex-product","11":"first","12":"instock","13":"taxable","14":"shipping-taxable","15":"purchasable","16":"product-type-simple"},"_links":{"self":[{"href":"https:\/\/petitecave.ch\/de\/wp-json\/wp\/v2\/product\/9260","targetHints":{"allow":["GET"]}}],"collection":[{"href":"https:\/\/petitecave.ch\/de\/wp-json\/wp\/v2\/product"}],"about":[{"href":"https:\/\/petitecave.ch\/de\/wp-json\/wp\/v2\/types\/product"}],"replies":[{"embeddable":true,"href":"https:\/\/petitecave.ch\/de\/wp-json\/wp\/v2\/comments?post=9260"}],"wp:featuredmedia":[{"embeddable":true,"href":"https:\/\/petitecave.ch\/de\/wp-json\/wp\/v2\/media\/12659"}],"wp:attachment":[{"href":"https:\/\/petitecave.ch\/de\/wp-json\/wp\/v2\/media?parent=9260"}],"wp:term":[{"taxonomy":"product_cat","embeddable":true,"href":"https:\/\/petitecave.ch\/de\/wp-json\/wp\/v2\/product_cat?post=9260"},{"taxonomy":"product_tag","embeddable":true,"href":"https:\/\/petitecave.ch\/de\/wp-json\/wp\/v2\/product_tag?post=9260"}],"curies":[{"name":"wp","href":"https:\/\/api.w.org\/{rel}","templated":true}]}}