{"id":9257,"date":"2025-10-28T10:40:13","date_gmt":"2025-10-28T10:40:13","guid":{"rendered":""},"modified":"2026-02-24T10:31:12","modified_gmt":"2026-02-24T09:31:12","slug":"fendant-dame-de-sion-les-fils-de-charles-favre","status":"publish","type":"product","link":"https:\/\/petitecave.ch\/de\/product\/fendant-dame-de-sion-les-fils-de-charles-favre\/","title":{"rendered":"Fendant Dame De Sion &#8211; Les Fils de Charles Favre"},"content":{"rendered":"<p><strong>C\u00e9page :\u00a0<\/strong>Fendant<\/p>\n<p><strong>Nez :\u00a0<\/strong>Tr\u00e8s frais et floral, il \u00e9mane de ce vin une agr\u00e9able senteur de fruits exotiques, agrumes et citron.<\/p>\n<p><strong>Bouche :\u00a0<\/strong>Une attaque fraiche, avec une belle vivacit\u00e9. Des notes de nectarine, d&rsquo;agrumes et de p\u00eache blanche, m\u00eal\u00e9es \u00e0 un carbonique bien pr\u00e9sent, rendent ce vin tr\u00e8s \u00e9quilibr\u00e9. En finale, on retrouve une l\u00e9g\u00e8re amertume et une bonne persistance.<\/p>\n<p><strong>Accompagnement :\u00a0<\/strong>Parfait en ap\u00e9ritif, avec du poisson, une fondue ou une raclette\u00a0<\/p>\n<p><strong>Temps de garde :\u00a0<\/strong>2 \u00e0 4 ans<\/p>","protected":false},"excerpt":{"rendered":"<p><strong>Fendant &#8211; Dame De Sion &#8211; Les Fils de Charles Favre &#8211; Sion<\/strong><\/p>\n<p><em>AOC Valais<\/em><\/p>\n<\/p>\n<p><strong>Convivialit\u00e9 et caract\u00e8re. Indissociable de l\u2019ap\u00e9ro.<\/strong><\/p>\n<p>De l\u00e9gende \u00e0 son lancement en 1959, le Fendant Dame de Sion passe au mythe dans les ann\u00e9es 90 lorsque le regrett\u00e9 Jean-Pierre invente la 3\/8\u00e8me.<\/p>\n<\/p>\n<p>Aujourd\u2019hui encore, cette id\u00e9e de g\u00e9nie nous fait penser que nous n\u2019avons certes pas invent\u00e9 l\u2019ap\u00e9ro, mais le vin qui va avec.<\/p>","protected":false},"featured_media":12656,"comment_status":"open","ping_status":"open","template":"","meta":[],"product_cat":[253],"product_tag":[],"class_list":{"0":"post-9257","1":"product","2":"type-product","3":"status-publish","4":"has-post-thumbnail","6":"product_cat-vins","7":"pa_color-blanc","8":"pa_country-suisse","9":"_wholesalex wsx-wholesalex-product","11":"first","12":"instock","13":"taxable","14":"shipping-taxable","15":"purchasable","16":"product-type-simple"},"_links":{"self":[{"href":"https:\/\/petitecave.ch\/de\/wp-json\/wp\/v2\/product\/9257","targetHints":{"allow":["GET"]}}],"collection":[{"href":"https:\/\/petitecave.ch\/de\/wp-json\/wp\/v2\/product"}],"about":[{"href":"https:\/\/petitecave.ch\/de\/wp-json\/wp\/v2\/types\/product"}],"replies":[{"embeddable":true,"href":"https:\/\/petitecave.ch\/de\/wp-json\/wp\/v2\/comments?post=9257"}],"wp:featuredmedia":[{"embeddable":true,"href":"https:\/\/petitecave.ch\/de\/wp-json\/wp\/v2\/media\/12656"}],"wp:attachment":[{"href":"https:\/\/petitecave.ch\/de\/wp-json\/wp\/v2\/media?parent=9257"}],"wp:term":[{"taxonomy":"product_cat","embeddable":true,"href":"https:\/\/petitecave.ch\/de\/wp-json\/wp\/v2\/product_cat?post=9257"},{"taxonomy":"product_tag","embeddable":true,"href":"https:\/\/petitecave.ch\/de\/wp-json\/wp\/v2\/product_tag?post=9257"}],"curies":[{"name":"wp","href":"https:\/\/api.w.org\/{rel}","templated":true}]}}