{"id":9254,"date":"2025-10-28T10:40:11","date_gmt":"2025-10-28T10:40:11","guid":{"rendered":""},"modified":"2026-02-23T16:51:16","modified_gmt":"2026-02-23T15:51:16","slug":"fendant-albert-biollaz-75cl","status":"publish","type":"product","link":"https:\/\/petitecave.ch\/de\/product\/fendant-albert-biollaz-75cl\/","title":{"rendered":"Fendant &#8211; Albert Biollaz 75cl"},"content":{"rendered":"<p><strong>C\u00e9page :<\/strong> Fendant<\/p>\n<p><strong>Nez :<\/strong> Le bouquet subtil laisse ressortir des ar\u00f4mes intenses de fleur de tilleul et de miel.<\/p>\n<p><strong>Bouche :<\/strong> La structure \u00e9l\u00e9gante de ce vin onctueux se caract\u00e9rise par une saveur souple et ronde aussi bien en attaque qu\u2019en finale.<\/p>\n<p><strong>Accompagnement :<\/strong> Id\u00e9al \u00e0 l\u2019ap\u00e9ritif, le fendant accompagne \u00e0 merveille la fondue, la raclette et la choucroute.<\/p>\n<p><strong>Temps de garde :<\/strong> 2 \u00e0 3 ans<\/p>","protected":false},"excerpt":{"rendered":"<p><strong>Fendant &#8211; Albert Biollaz SA &#8211; Chamoson<\/strong><\/p>\n<p><em>Le Grand Schiner\u00a0<\/em><\/p>\n<\/p>\n<p>N\u00e9e sur les bords du lac L\u00e9man, le Chasselas a gard\u00e9 en Valais son ancienne appellation de Fendant. Cette d\u00e9nomination vient de fait que la baie arriv\u00e9e \u00e0 maturit\u00e9 se fend sous la pression du doigt. Arriv\u00e9 au XIX\u00e8me si\u00e8cle dans le canton, le Fendant devient le principal c\u00e9page r\u00e9gional apr\u00e8s la reconstitution du vignoble qui suit la crise provoqu\u00e9e par l\u2019arriv\u00e9e du phyllox\u00e9ra.<\/p>\n<p><b>Or | Mondial du Chasselas 2016\u00a0<\/b><\/p>\n<p><b>Argent | Grand Prix du Vin Suisse 2019 <\/b><\/p>\n<p><b>Argent | S\u00e9lection des Vins du Valais 2019<\/b><\/p>","protected":false},"featured_media":12653,"comment_status":"open","ping_status":"open","template":"","meta":[],"product_cat":[368,253],"product_tag":[],"class_list":{"0":"post-9254","1":"product","2":"type-product","3":"status-publish","4":"has-post-thumbnail","6":"product_cat-blanc","7":"product_cat-vins","8":"pa_color-blanc","9":"pa_country-suisse","10":"pa_volume-75-cl","11":"_wholesalex wsx-wholesalex-product","13":"first","14":"instock","15":"taxable","16":"shipping-taxable","17":"purchasable","18":"product-type-simple"},"_links":{"self":[{"href":"https:\/\/petitecave.ch\/de\/wp-json\/wp\/v2\/product\/9254","targetHints":{"allow":["GET"]}}],"collection":[{"href":"https:\/\/petitecave.ch\/de\/wp-json\/wp\/v2\/product"}],"about":[{"href":"https:\/\/petitecave.ch\/de\/wp-json\/wp\/v2\/types\/product"}],"replies":[{"embeddable":true,"href":"https:\/\/petitecave.ch\/de\/wp-json\/wp\/v2\/comments?post=9254"}],"wp:featuredmedia":[{"embeddable":true,"href":"https:\/\/petitecave.ch\/de\/wp-json\/wp\/v2\/media\/12653"}],"wp:attachment":[{"href":"https:\/\/petitecave.ch\/de\/wp-json\/wp\/v2\/media?parent=9254"}],"wp:term":[{"taxonomy":"product_cat","embeddable":true,"href":"https:\/\/petitecave.ch\/de\/wp-json\/wp\/v2\/product_cat?post=9254"},{"taxonomy":"product_tag","embeddable":true,"href":"https:\/\/petitecave.ch\/de\/wp-json\/wp\/v2\/product_tag?post=9254"}],"curies":[{"name":"wp","href":"https:\/\/api.w.org\/{rel}","templated":true}]}}