{"id":9252,"date":"2025-10-28T10:40:09","date_gmt":"2025-10-28T10:40:09","guid":{"rendered":""},"modified":"2026-02-23T16:51:16","modified_gmt":"2026-02-23T15:51:16","slug":"favi-sweet-favre-vins","status":"publish","type":"product","link":"https:\/\/petitecave.ch\/de\/product\/favi-sweet-favre-vins\/","title":{"rendered":"Favi Sweet &#8211; Favre Vins 75cl"},"content":{"rendered":"<p><strong>C\u00e9pages :\u00a0<\/strong>Amigne, Marsanne et Pinot Gris<\/p>\n<p><strong>Nez :\u00a0<\/strong>De beaux ar\u00f4mes intenses \u00e9manent de ce vin, couleur jaune or. On d\u00e9c\u00e8le un subtil m\u00e9lange de mandarine, fruits exotiques et de miel.<\/p>\n<p><strong>Bouche :\u00a0<\/strong>L&rsquo;attaque est douce et soyeuse. On y d\u00e9couvre \u00e9galement une agr\u00e9able fra\u00eecheur avec des ar\u00f4mes persistants \u00e0 ce vin un bel \u00e9quilibre en bouche.<\/p>\n<p><strong>Accompagnements :<\/strong>\u00a0A l&rsquo;ap\u00e9ritif, avec des plats asiatiques, avec des desserts<\/p>\n<p><strong>Temps de garde :<\/strong>\u00a03 ans<\/p>","protected":false},"excerpt":{"rendered":"<p><strong>Favi Sweet\u00a0&#8211; Les Fils de Charles Favre &#8211; Sion<\/strong><\/p>\n<p><em>AOC Valais<\/em><\/p>\n<\/p>\n<p><em><strong>Charisme et g\u00e9n\u00e9rosit\u00e9. R\u00e9serv\u00e9 aux h\u00e9donistes.<\/strong><\/em><\/p>\n<p><em>La gamme Favi (contraction de Favre-Vins) offre une collection de vins d\u2019assemblage.<\/em><\/p>\n<p><em>Lanc\u00e9e en 2004, la marque ne cesse de cro\u00eetre et repr\u00e9sente \u00e0 ce jour un produit phare de la Petite Maison des Grands Vins. D\u00e9clin\u00e9 en rouge, blanc, ros\u00e9 et Sweet (nouveaut\u00e9 \u00e0 venir en septembre 2020), le Favi propose des crus \u00e9quilibr\u00e9s, fruit\u00e9s et \u00e0 forte personnalit\u00e9.<\/em><\/p><\/p>","protected":false},"featured_media":12651,"comment_status":"open","ping_status":"open","template":"","meta":[],"product_cat":[368,253],"product_tag":[],"class_list":{"0":"post-9252","1":"product","2":"type-product","3":"status-publish","4":"has-post-thumbnail","6":"product_cat-blanc","7":"product_cat-vins","8":"pa_color-blanc","9":"pa_country-suisse","10":"pa_volume-75-cl","11":"_wholesalex wsx-wholesalex-product","13":"first","14":"instock","15":"taxable","16":"shipping-taxable","17":"purchasable","18":"product-type-simple"},"_links":{"self":[{"href":"https:\/\/petitecave.ch\/de\/wp-json\/wp\/v2\/product\/9252","targetHints":{"allow":["GET"]}}],"collection":[{"href":"https:\/\/petitecave.ch\/de\/wp-json\/wp\/v2\/product"}],"about":[{"href":"https:\/\/petitecave.ch\/de\/wp-json\/wp\/v2\/types\/product"}],"replies":[{"embeddable":true,"href":"https:\/\/petitecave.ch\/de\/wp-json\/wp\/v2\/comments?post=9252"}],"wp:featuredmedia":[{"embeddable":true,"href":"https:\/\/petitecave.ch\/de\/wp-json\/wp\/v2\/media\/12651"}],"wp:attachment":[{"href":"https:\/\/petitecave.ch\/de\/wp-json\/wp\/v2\/media?parent=9252"}],"wp:term":[{"taxonomy":"product_cat","embeddable":true,"href":"https:\/\/petitecave.ch\/de\/wp-json\/wp\/v2\/product_cat?post=9252"},{"taxonomy":"product_tag","embeddable":true,"href":"https:\/\/petitecave.ch\/de\/wp-json\/wp\/v2\/product_tag?post=9252"}],"curies":[{"name":"wp","href":"https:\/\/api.w.org\/{rel}","templated":true}]}}