{"id":9250,"date":"2025-10-28T10:40:07","date_gmt":"2025-10-28T10:40:07","guid":{"rendered":""},"modified":"2026-02-23T16:51:16","modified_gmt":"2026-02-23T15:51:16","slug":"favi-ros-les-fils-de-charles-favre-75cl","status":"publish","type":"product","link":"https:\/\/petitecave.ch\/de\/product\/favi-ros-les-fils-de-charles-favre-75cl\/","title":{"rendered":"Favi Ros\u00e9 &#8211; Les Fils de Charles Favre 75cl"},"content":{"rendered":"<p><strong>C\u00e9pages :\u00a0<\/strong>Diolinoir, Pinot Noir et Syrah<\/p>\n<p><strong>Nez :\u00a0<\/strong>Ce vin d\u00e9voile un bouquet parfum\u00e9 de fruits frais, framboise et fraise.<\/p>\n<p><strong>Bouche :\u00a0<\/strong>Son attaque souple et sa bouche ronde avec un beau volume en font un vin structur\u00e9, avec une l\u00e9g\u00e8re pr\u00e9sence tannique. Les fruits frais am\u00e8nent une touche croquante et gourmande qui en font un vin de caract\u00e8re.<\/p>\n<p><strong>Accompagnements :\u00a0<\/strong>A l&rsquo;ap\u00e9ritif, avec des mets exotiques, des volailles mais aussi des poissons<\/p>\n<p><strong>Temps de garde :\u00a0<\/strong>2 ans<\/p>","protected":false},"excerpt":{"rendered":"<p><strong>Favi Ros\u00e9 &#8211; Les Fils de Charles Favre &#8211; Sion<\/strong><\/p>\n<p><em>AOC Valais<\/em><\/p>\n<\/p>\n<p><em><strong>Charisme et g\u00e9n\u00e9rosit\u00e9. R\u00e9serv\u00e9 aux h\u00e9donistes.<\/strong><\/em><\/p>\n<p><em>La gamme Favi (contraction de Favre-Vins) offre une collection de vins d\u2019assemblage.<\/em><\/p>\n<p><em>Lanc\u00e9e en 2004, la marque ne cesse de cro\u00eetre et repr\u00e9sente \u00e0 ce jour un produit phare de la Petite Maison des Grands Vins. D\u00e9clin\u00e9 en rouge, blanc, ros\u00e9 et Sweet (nouveaut\u00e9 \u00e0 venir en septembre 2020), le Favi propose des crus \u00e9quilibr\u00e9s, fruit\u00e9s et \u00e0 forte personnalit\u00e9.<\/em><\/p>","protected":false},"featured_media":12649,"comment_status":"open","ping_status":"open","template":"","meta":[],"product_cat":[286,253],"product_tag":[],"class_list":{"0":"post-9250","1":"product","2":"type-product","3":"status-publish","4":"has-post-thumbnail","6":"product_cat-vins-rose","7":"product_cat-vins","8":"pa_color-rose","9":"pa_country-suisse","10":"_wholesalex wsx-wholesalex-product","12":"first","13":"instock","14":"taxable","15":"shipping-taxable","16":"purchasable","17":"product-type-simple"},"_links":{"self":[{"href":"https:\/\/petitecave.ch\/de\/wp-json\/wp\/v2\/product\/9250","targetHints":{"allow":["GET"]}}],"collection":[{"href":"https:\/\/petitecave.ch\/de\/wp-json\/wp\/v2\/product"}],"about":[{"href":"https:\/\/petitecave.ch\/de\/wp-json\/wp\/v2\/types\/product"}],"replies":[{"embeddable":true,"href":"https:\/\/petitecave.ch\/de\/wp-json\/wp\/v2\/comments?post=9250"}],"wp:featuredmedia":[{"embeddable":true,"href":"https:\/\/petitecave.ch\/de\/wp-json\/wp\/v2\/media\/12649"}],"wp:attachment":[{"href":"https:\/\/petitecave.ch\/de\/wp-json\/wp\/v2\/media?parent=9250"}],"wp:term":[{"taxonomy":"product_cat","embeddable":true,"href":"https:\/\/petitecave.ch\/de\/wp-json\/wp\/v2\/product_cat?post=9250"},{"taxonomy":"product_tag","embeddable":true,"href":"https:\/\/petitecave.ch\/de\/wp-json\/wp\/v2\/product_tag?post=9250"}],"curies":[{"name":"wp","href":"https:\/\/api.w.org\/{rel}","templated":true}]}}