{"id":9249,"date":"2025-10-28T10:40:06","date_gmt":"2025-10-28T10:40:06","guid":{"rendered":""},"modified":"2026-02-23T16:51:15","modified_gmt":"2026-02-23T15:51:15","slug":"favi-blanc-favre-vins-75cl","status":"publish","type":"product","link":"https:\/\/petitecave.ch\/de\/product\/favi-blanc-favre-vins-75cl\/","title":{"rendered":"Favi Blanc &#8211; Favre Vins 75cl"},"content":{"rendered":"<p><strong>C\u00e9pages :<\/strong> Chardonnay, Petite Arvine et Amigne<\/p>\n<p><strong>Nez :\u00a0<\/strong>Dot\u00e9 d&rsquo;un nez franc, intense et complexe, on rel\u00e8ve des senteurs de fruits confits, de miel, de subtils parfums toast\u00e9s et des notes de tabac.<\/p>\n<p><strong>Bouche :\u00a0<\/strong>L&rsquo;attaque se fait en douceur. Ce vin est volumineux, onctueux, gras, charpent\u00e9, et parfaitement \u00e9quilibr\u00e9. On ressent la barrique, qui, r\u00e9unie \u00e0 ces ar\u00f4mes, offre une finale longue.<\/p>\n<p><strong>Accompagnements :\u00a0<\/strong>Avec des mets de poisson, un fromage cors\u00e9, un risotto aux fruits de mer<\/p>\n<p><strong>Temps de garde :\u00a0<\/strong>2 ans<\/p>","protected":false},"excerpt":{"rendered":"<p><strong>Favi Blanc &#8211; Les Fils de Charles Favre &#8211; Sion<\/strong><\/p>\n<p><em>AOC Valais<\/em><\/p>\n<\/p>\n<p><em><strong>Charisme et g\u00e9n\u00e9rosit\u00e9. R\u00e9serv\u00e9 aux h\u00e9donistes.<\/strong><\/em><\/p>\n<p><em>La gamme Favi (contraction de Favre-Vins) offre une collection de vins d\u2019assemblage.<\/em><\/p>\n<p><em>Lanc\u00e9e en 2004, la marque ne cesse de cro\u00eetre et repr\u00e9sente \u00e0 ce jour un produit phare de la Petite Maison des Grands Vins. D\u00e9clin\u00e9 en rouge, blanc, ros\u00e9 et Sweet (nouveaut\u00e9 \u00e0 venir en septembre 2020), le Favi propose des crus \u00e9quilibr\u00e9s, fruit\u00e9s et \u00e0 forte personnalit\u00e9.<\/em><\/p>","protected":false},"featured_media":12648,"comment_status":"open","ping_status":"open","template":"","meta":[],"product_cat":[368,253],"product_tag":[],"class_list":{"0":"post-9249","1":"product","2":"type-product","3":"status-publish","4":"has-post-thumbnail","6":"product_cat-blanc","7":"product_cat-vins","8":"pa_color-blanc","9":"pa_country-suisse","10":"pa_volume-75-cl","11":"_wholesalex wsx-wholesalex-product","13":"first","14":"instock","15":"taxable","16":"shipping-taxable","17":"purchasable","18":"product-type-simple"},"_links":{"self":[{"href":"https:\/\/petitecave.ch\/de\/wp-json\/wp\/v2\/product\/9249","targetHints":{"allow":["GET"]}}],"collection":[{"href":"https:\/\/petitecave.ch\/de\/wp-json\/wp\/v2\/product"}],"about":[{"href":"https:\/\/petitecave.ch\/de\/wp-json\/wp\/v2\/types\/product"}],"replies":[{"embeddable":true,"href":"https:\/\/petitecave.ch\/de\/wp-json\/wp\/v2\/comments?post=9249"}],"wp:featuredmedia":[{"embeddable":true,"href":"https:\/\/petitecave.ch\/de\/wp-json\/wp\/v2\/media\/12648"}],"wp:attachment":[{"href":"https:\/\/petitecave.ch\/de\/wp-json\/wp\/v2\/media?parent=9249"}],"wp:term":[{"taxonomy":"product_cat","embeddable":true,"href":"https:\/\/petitecave.ch\/de\/wp-json\/wp\/v2\/product_cat?post=9249"},{"taxonomy":"product_tag","embeddable":true,"href":"https:\/\/petitecave.ch\/de\/wp-json\/wp\/v2\/product_tag?post=9249"}],"curies":[{"name":"wp","href":"https:\/\/api.w.org\/{rel}","templated":true}]}}