{"id":9248,"date":"2025-10-28T10:40:05","date_gmt":"2025-10-28T10:40:05","guid":{"rendered":""},"modified":"2026-02-23T16:51:15","modified_gmt":"2026-02-23T15:51:15","slug":"ermitage-tr-sors-de-famille-maison-gilliard","status":"publish","type":"product","link":"https:\/\/petitecave.ch\/de\/product\/ermitage-tr-sors-de-famille-maison-gilliard\/","title":{"rendered":"Ermitage Tr\u00e9sors de Famille &#8211; Maison Gilliard 75cl"},"content":{"rendered":"<p><strong>C\u00e9page :\u00a0<\/strong>Ermitage<\/p>\n<p><strong>Nez :\u00a0<\/strong>Notes de fraises des bois, de liqueur de framboise et d&rsquo;amande. En vieillissant elle lib\u00e8re des notes truff\u00e9es<\/p>\n<p><strong>Bouche :\u00a0<\/strong>Vin doux, soutenu par une belle acidit\u00e9, longue persistance en final<\/p>\n<p><strong>Accompagnement :\u00a0<\/strong>Avec du gibier \u00e0 plumes, des truffes, des fromages bleus et des desserts<\/p>\n<p><strong>Temps de garde :\u00a0<\/strong>10 ans<\/p>","protected":false},"excerpt":{"rendered":"<p><strong>Ermitage\u00a0Tr\u00e9sors De Famille &#8211; Maison Gilliard &#8211; Sion<\/strong><\/p>\n<p><b><em>AOC Valais\u00a0<\/em><\/b><\/p>\n<p>\u00a0<\/p>\n<p>Introduite en Valais depuis le 19\u00e8me si\u00e8cle, l\u2019Ermitage se niche dans les meilleures expositions. Il donne un vin somptueux, d\u2019un corps sculptural, s\u00e9duisant par son intensit\u00e9 aromatique et \u00e9voquant les petits fruits. Un vin l\u00e9g\u00e8rement doux au pur gout de plaisir. Fraise des bois, liqueur de framboise, amande. En vieillissant, lib\u00e8re des notes truff\u00e9es.<\/p>","protected":false},"featured_media":12647,"comment_status":"open","ping_status":"open","template":"","meta":[],"product_cat":[368,253],"product_tag":[],"class_list":{"0":"post-9248","1":"product","2":"type-product","3":"status-publish","4":"has-post-thumbnail","6":"product_cat-blanc","7":"product_cat-vins","8":"pa_color-blanc","9":"pa_country-suisse","10":"pa_volume-75-cl","11":"_wholesalex wsx-wholesalex-product","13":"first","14":"instock","15":"taxable","16":"shipping-taxable","17":"purchasable","18":"product-type-simple"},"_links":{"self":[{"href":"https:\/\/petitecave.ch\/de\/wp-json\/wp\/v2\/product\/9248","targetHints":{"allow":["GET"]}}],"collection":[{"href":"https:\/\/petitecave.ch\/de\/wp-json\/wp\/v2\/product"}],"about":[{"href":"https:\/\/petitecave.ch\/de\/wp-json\/wp\/v2\/types\/product"}],"replies":[{"embeddable":true,"href":"https:\/\/petitecave.ch\/de\/wp-json\/wp\/v2\/comments?post=9248"}],"wp:featuredmedia":[{"embeddable":true,"href":"https:\/\/petitecave.ch\/de\/wp-json\/wp\/v2\/media\/12647"}],"wp:attachment":[{"href":"https:\/\/petitecave.ch\/de\/wp-json\/wp\/v2\/media?parent=9248"}],"wp:term":[{"taxonomy":"product_cat","embeddable":true,"href":"https:\/\/petitecave.ch\/de\/wp-json\/wp\/v2\/product_cat?post=9248"},{"taxonomy":"product_tag","embeddable":true,"href":"https:\/\/petitecave.ch\/de\/wp-json\/wp\/v2\/product_tag?post=9248"}],"curies":[{"name":"wp","href":"https:\/\/api.w.org\/{rel}","templated":true}]}}