{"id":9245,"date":"2025-10-28T10:40:02","date_gmt":"2025-10-28T10:40:02","guid":{"rendered":""},"modified":"2026-02-23T16:51:15","modified_gmt":"2026-02-23T15:51:15","slug":"diolinoir-domaine-ev-ch-provins-75cl","status":"publish","type":"product","link":"https:\/\/petitecave.ch\/de\/product\/diolinoir-domaine-ev-ch-provins-75cl\/","title":{"rendered":"Diolinoir Domaine Ev\u00each\u00e9 &#8211; Provins 75cl"},"content":{"rendered":"<p><strong>C\u00e9page :\u00a0<\/strong>Diolinoir<\/p>\n<p><strong>Nez :\u00a0<\/strong>Bouquet de notes \u00e9pic\u00e9es<\/p>\n<p><strong>Bouche :\u00a0<\/strong>Puissant et cors\u00e9 sur une finale s\u00e9veuse d&rsquo;une longue persistance<\/p>\n<p><strong>Temps de garde :\u00a0<\/strong>10 \u00e0 15 ans<\/p>\n<p><strong>Accompagnements :\u00a0<\/strong>Viandes rouges, gibier \u00e0 plume, fromages affin\u00e9s<\/p>","protected":false},"excerpt":{"rendered":"<p><strong>Diolinoir Domaine Ev\u00each\u00e9 &#8211; Provins &#8211; Sion<\/strong><\/p>\n<p><strong><\/strong><\/p>\n<p><strong><i>Un terroir, un vin.<\/i><\/strong><\/p>\n<p><i>Valoriser le terroir, l\u2019histoire et le savoir-faire, voil\u00e0 l\u2019ambition de Provins en\u00a0<\/i><i>affirmant sa ligne les Domaines. Issus des plus belles vignes du Valais,\u00a0<\/i><i>ces vins racontent le sol, les murs en pierres s\u00e8ches, le soleil, le vent et le labeur\u00a0<\/i><i>des hommes.<\/i><\/p>","protected":false},"featured_media":12644,"comment_status":"open","ping_status":"open","template":"","meta":[],"product_cat":[253],"product_tag":[],"class_list":{"0":"post-9245","1":"product","2":"type-product","3":"status-publish","4":"has-post-thumbnail","6":"product_cat-vins","7":"pa_color-rouge","8":"pa_country-suisse","9":"pa_volume-75-cl","10":"_wholesalex wsx-wholesalex-product","12":"first","13":"instock","14":"taxable","15":"shipping-taxable","16":"purchasable","17":"product-type-simple"},"_links":{"self":[{"href":"https:\/\/petitecave.ch\/de\/wp-json\/wp\/v2\/product\/9245","targetHints":{"allow":["GET"]}}],"collection":[{"href":"https:\/\/petitecave.ch\/de\/wp-json\/wp\/v2\/product"}],"about":[{"href":"https:\/\/petitecave.ch\/de\/wp-json\/wp\/v2\/types\/product"}],"replies":[{"embeddable":true,"href":"https:\/\/petitecave.ch\/de\/wp-json\/wp\/v2\/comments?post=9245"}],"wp:featuredmedia":[{"embeddable":true,"href":"https:\/\/petitecave.ch\/de\/wp-json\/wp\/v2\/media\/12644"}],"wp:attachment":[{"href":"https:\/\/petitecave.ch\/de\/wp-json\/wp\/v2\/media?parent=9245"}],"wp:term":[{"taxonomy":"product_cat","embeddable":true,"href":"https:\/\/petitecave.ch\/de\/wp-json\/wp\/v2\/product_cat?post=9245"},{"taxonomy":"product_tag","embeddable":true,"href":"https:\/\/petitecave.ch\/de\/wp-json\/wp\/v2\/product_tag?post=9245"}],"curies":[{"name":"wp","href":"https:\/\/api.w.org\/{rel}","templated":true}]}}