{"id":9242,"date":"2025-10-28T10:40:00","date_gmt":"2025-10-28T10:40:00","guid":{"rendered":""},"modified":"2026-02-23T16:51:14","modified_gmt":"2026-02-23T15:51:14","slug":"diolinoir-collection-chandra-kurt-provins-75cl","status":"publish","type":"product","link":"https:\/\/petitecave.ch\/de\/product\/diolinoir-collection-chandra-kurt-provins-75cl\/","title":{"rendered":"Diolinoir &#8211; Collection Chandra Kurt &#8211; Provins 75cl"},"content":{"rendered":"<p><strong>C\u00e9page :<\/strong> Diolinoir<\/p>\n<p><strong>Nez :\u00a0<\/strong>Ar\u00f4mes fruit\u00e9s<\/p>\n<p><strong>Bouche :\u00a0<\/strong>Notes de cerise et de chocolat avec une belle structure, g\u00e9n\u00e9reuse, puissante et cors\u00e9e<\/p>\n<p><strong>Accompagnement :\u00a0<\/strong>S&rsquo;accompagne de gibier \u00e0 plumes et de viandes rouges<\/p>\n<p><strong>Temps de garde :\u00a0<\/strong>5 \u00e0 7 ans<\/p>","protected":false},"excerpt":{"rendered":"<p><strong>Diolinoir &#8211; Collection Chandra Kurt &#8211; Provins &#8211; Sion<\/strong><\/p>\n<p><strong><\/strong><\/p>\n<p><em><strong>Pour l\u2019authenticit\u00e9.<\/strong><\/em><\/p>\n<p><em>Chandra Kurt, c\u00e9l\u00e8bre journaliste et auteur de multiples ouvrages sur le vin, a choisi Provins pour cr\u00e9er sa propre collection qui met l\u2019accent sur des c\u00e9pages indig\u00e8nes, c\u2019est-\u00e0-dire des vins qui racontent la tradition du Valais et de la Suisse. Cette ligne accumule les honneurs, en remportant plusieurs m\u00e9dailles d\u2019or lors de concours nationaux et internationaux.\u00a0<\/em><\/p>","protected":false},"featured_media":12641,"comment_status":"open","ping_status":"open","template":"","meta":[],"product_cat":[253],"product_tag":[],"class_list":{"0":"post-9242","1":"product","2":"type-product","3":"status-publish","4":"has-post-thumbnail","6":"product_cat-vins","7":"pa_color-rouge","8":"pa_country-suisse","9":"pa_volume-75-cl","10":"_wholesalex wsx-wholesalex-product","12":"first","13":"instock","14":"taxable","15":"shipping-taxable","16":"purchasable","17":"product-type-simple"},"_links":{"self":[{"href":"https:\/\/petitecave.ch\/de\/wp-json\/wp\/v2\/product\/9242","targetHints":{"allow":["GET"]}}],"collection":[{"href":"https:\/\/petitecave.ch\/de\/wp-json\/wp\/v2\/product"}],"about":[{"href":"https:\/\/petitecave.ch\/de\/wp-json\/wp\/v2\/types\/product"}],"replies":[{"embeddable":true,"href":"https:\/\/petitecave.ch\/de\/wp-json\/wp\/v2\/comments?post=9242"}],"wp:featuredmedia":[{"embeddable":true,"href":"https:\/\/petitecave.ch\/de\/wp-json\/wp\/v2\/media\/12641"}],"wp:attachment":[{"href":"https:\/\/petitecave.ch\/de\/wp-json\/wp\/v2\/media?parent=9242"}],"wp:term":[{"taxonomy":"product_cat","embeddable":true,"href":"https:\/\/petitecave.ch\/de\/wp-json\/wp\/v2\/product_cat?post=9242"},{"taxonomy":"product_tag","embeddable":true,"href":"https:\/\/petitecave.ch\/de\/wp-json\/wp\/v2\/product_tag?post=9242"}],"curies":[{"name":"wp","href":"https:\/\/api.w.org\/{rel}","templated":true}]}}