{"id":9241,"date":"2025-10-28T10:39:59","date_gmt":"2025-10-28T10:39:59","guid":{"rendered":""},"modified":"2026-02-23T16:51:14","modified_gmt":"2026-02-23T15:51:14","slug":"diolinoir-albert-biollaz-75cl","status":"publish","type":"product","link":"https:\/\/petitecave.ch\/de\/product\/diolinoir-albert-biollaz-75cl\/","title":{"rendered":"Diolinoir &#8211; Albert Biollaz 75cl"},"content":{"rendered":"<p><strong>C\u00e9page :<\/strong> Diolinoir<\/p>\n<p><b>Nez : <\/b>Parfum fruit\u00e9 et intense<\/p>\n<p><strong>Bouche :\u00a0<\/strong>Souple, suave et ample, les tannins sont fondus et la finale est ample et perdure dans le palais. Le tout est enrob\u00e9 de notes fruit\u00e9es<\/p>\n<p><strong>Accompagnement :<\/strong> Le Diolinoir s\u2019accorde parfaitement avec les viandes rouges, les grillades, les p\u00e2tes, les terrines, les pizzas et la volaille r\u00f4tie<\/p>\n<p><strong>Temps de garde :<\/strong> 5 \u00e0 6 ans\u00a0<\/p>","protected":false},"excerpt":{"rendered":"<p><strong>Diolinoir &#8211; Albert Biollaz SA &#8211; Chamoson\u00a0<\/strong><\/p>\n<p><em>AOC Valais &#8211; La R\u00e9serve du Chasseur\u00a0<\/em><\/p>\n<p>\u00a0<\/p>\n<p><i>Issu de la recherche suisse ce c\u00e9page r\u00e9cent est n\u00e9 de la f\u00e9condation du Rouge de Diolly par du pollen de Pinot noir le Diolinoir est un c\u00e9page de 1\u00e8re \u00e9poque tardive. Il est principalement plant\u00e9 en Valais o\u00f9 il peut m\u00fbrir parfaitement.<\/i><\/p>","protected":false},"featured_media":12640,"comment_status":"open","ping_status":"open","template":"","meta":[],"product_cat":[253],"product_tag":[],"class_list":{"0":"post-9241","1":"product","2":"type-product","3":"status-publish","4":"has-post-thumbnail","6":"product_cat-vins","7":"pa_color-rouge","8":"pa_country-suisse","9":"pa_volume-75-cl","10":"_wholesalex wsx-wholesalex-product","12":"first","13":"instock","14":"taxable","15":"shipping-taxable","16":"purchasable","17":"product-type-simple"},"_links":{"self":[{"href":"https:\/\/petitecave.ch\/de\/wp-json\/wp\/v2\/product\/9241","targetHints":{"allow":["GET"]}}],"collection":[{"href":"https:\/\/petitecave.ch\/de\/wp-json\/wp\/v2\/product"}],"about":[{"href":"https:\/\/petitecave.ch\/de\/wp-json\/wp\/v2\/types\/product"}],"replies":[{"embeddable":true,"href":"https:\/\/petitecave.ch\/de\/wp-json\/wp\/v2\/comments?post=9241"}],"wp:featuredmedia":[{"embeddable":true,"href":"https:\/\/petitecave.ch\/de\/wp-json\/wp\/v2\/media\/12640"}],"wp:attachment":[{"href":"https:\/\/petitecave.ch\/de\/wp-json\/wp\/v2\/media?parent=9241"}],"wp:term":[{"taxonomy":"product_cat","embeddable":true,"href":"https:\/\/petitecave.ch\/de\/wp-json\/wp\/v2\/product_cat?post=9241"},{"taxonomy":"product_tag","embeddable":true,"href":"https:\/\/petitecave.ch\/de\/wp-json\/wp\/v2\/product_tag?post=9241"}],"curies":[{"name":"wp","href":"https:\/\/api.w.org\/{rel}","templated":true}]}}