{"id":9239,"date":"2025-10-28T10:39:57","date_gmt":"2025-10-28T10:39:57","guid":{"rendered":""},"modified":"2026-02-23T16:51:14","modified_gmt":"2026-02-23T15:51:14","slug":"cuv-e-rouge-tr-sors-de-famille-maison-gilliard-75cl","status":"publish","type":"product","link":"https:\/\/petitecave.ch\/de\/product\/cuv-e-rouge-tr-sors-de-famille-maison-gilliard-75cl\/","title":{"rendered":"Cuv\u00e9e Rouge Tr\u00e9sors de Famille &#8211; Maison Gilliard 75cl"},"content":{"rendered":"<p><b>C\u00e9pages :<\/b>\u00a0Diolinoir, Gamaret, Pinot Noir et Syrah<\/p>\n<p><b>Nez :<\/b>\u00a0Tr\u00e8s expressif sur des notes de m\u00fbres et de cerises noires, senteurs \u00e9pic\u00e9es<\/p>\n<p><b>Bouche :\u00a0<\/b>Attaque riche avec une belle vivacit\u00e9, structure \u00e9quilibr\u00e9e, tannins fins et pr\u00e9cis, final persistant<\/p>\n<p><b>Accompagnement :<\/b> Parfait avec un filet de boeuf, des fondues \u00e0 la viande, de l&rsquo;agneau, du gibier et des fromages cors\u00e9s<\/p>\n<p><b>Temps de garde :<\/b>\u00a010 ans<\/p>","protected":false},"excerpt":{"rendered":"<p><b>Cuv\u00e9e Rouge Tr\u00e9sors de Famille &#8211; Maison Gilliard &#8211; Sion<\/b><\/p>\n<p><i>AOC Valais<\/i><\/p>\n<p>\u00a0<\/p>\n<p>\u00a0<\/p>","protected":false},"featured_media":12638,"comment_status":"open","ping_status":"open","template":"","meta":[],"product_cat":[253],"product_tag":[],"class_list":{"0":"post-9239","1":"product","2":"type-product","3":"status-publish","4":"has-post-thumbnail","6":"product_cat-vins","7":"pa_color-rouge","8":"pa_country-suisse","9":"pa_volume-75-cl","10":"_wholesalex wsx-wholesalex-product","12":"first","13":"instock","14":"taxable","15":"shipping-taxable","16":"purchasable","17":"product-type-simple"},"_links":{"self":[{"href":"https:\/\/petitecave.ch\/de\/wp-json\/wp\/v2\/product\/9239","targetHints":{"allow":["GET"]}}],"collection":[{"href":"https:\/\/petitecave.ch\/de\/wp-json\/wp\/v2\/product"}],"about":[{"href":"https:\/\/petitecave.ch\/de\/wp-json\/wp\/v2\/types\/product"}],"replies":[{"embeddable":true,"href":"https:\/\/petitecave.ch\/de\/wp-json\/wp\/v2\/comments?post=9239"}],"wp:featuredmedia":[{"embeddable":true,"href":"https:\/\/petitecave.ch\/de\/wp-json\/wp\/v2\/media\/12638"}],"wp:attachment":[{"href":"https:\/\/petitecave.ch\/de\/wp-json\/wp\/v2\/media?parent=9239"}],"wp:term":[{"taxonomy":"product_cat","embeddable":true,"href":"https:\/\/petitecave.ch\/de\/wp-json\/wp\/v2\/product_cat?post=9239"},{"taxonomy":"product_tag","embeddable":true,"href":"https:\/\/petitecave.ch\/de\/wp-json\/wp\/v2\/product_tag?post=9239"}],"curies":[{"name":"wp","href":"https:\/\/api.w.org\/{rel}","templated":true}]}}