{"id":9237,"date":"2025-10-28T10:39:55","date_gmt":"2025-10-28T10:39:55","guid":{"rendered":""},"modified":"2026-02-23T16:51:13","modified_gmt":"2026-02-23T15:51:13","slug":"coteaux-de-sierre-gregor-kuonen-70cl","status":"publish","type":"product","link":"https:\/\/petitecave.ch\/de\/product\/coteaux-de-sierre-gregor-kuonen-70cl\/","title":{"rendered":"Coteaux De Sierre &#8211; Gregor Kuonen 70cl"},"content":{"rendered":"<p><strong>C\u00e9page :\u00a0<\/strong>Chasselas<\/p>\n<p><strong>Nez :\u00a0<\/strong>Aromatique et fruit\u00e9<\/p>\n<p><strong>Bouche :\u00a0<\/strong>Vin fruit\u00e9 aux ar\u00f4mes fins qui sont surprenants et rafra\u00eechissants<\/p>\n<p><strong>Temps de garde :\u00a0<\/strong>1 \u00e0 3 ans<\/p>\n<p><strong>Accompagnement :\u00a0<\/strong>Ap\u00e9ritif, Raclette, Fondue au fromage, Truite au bleu<\/p>","protected":false},"excerpt":{"rendered":"<p><b>Coteaux De Sierre &#8211; Gregor Kuonen<\/b><\/p>\n<p><i>AOC Valais<\/i><\/p>","protected":false},"featured_media":12636,"comment_status":"open","ping_status":"open","template":"","meta":[],"product_cat":[253],"product_tag":[],"class_list":{"0":"post-9237","1":"product","2":"type-product","3":"status-publish","4":"has-post-thumbnail","6":"product_cat-vins","7":"pa_color-blanc","8":"pa_country-suisse","9":"pa_volume-70-cl","10":"_wholesalex wsx-wholesalex-product","12":"first","13":"instock","14":"taxable","15":"shipping-taxable","16":"purchasable","17":"product-type-simple"},"_links":{"self":[{"href":"https:\/\/petitecave.ch\/de\/wp-json\/wp\/v2\/product\/9237","targetHints":{"allow":["GET"]}}],"collection":[{"href":"https:\/\/petitecave.ch\/de\/wp-json\/wp\/v2\/product"}],"about":[{"href":"https:\/\/petitecave.ch\/de\/wp-json\/wp\/v2\/types\/product"}],"replies":[{"embeddable":true,"href":"https:\/\/petitecave.ch\/de\/wp-json\/wp\/v2\/comments?post=9237"}],"wp:featuredmedia":[{"embeddable":true,"href":"https:\/\/petitecave.ch\/de\/wp-json\/wp\/v2\/media\/12636"}],"wp:attachment":[{"href":"https:\/\/petitecave.ch\/de\/wp-json\/wp\/v2\/media?parent=9237"}],"wp:term":[{"taxonomy":"product_cat","embeddable":true,"href":"https:\/\/petitecave.ch\/de\/wp-json\/wp\/v2\/product_cat?post=9237"},{"taxonomy":"product_tag","embeddable":true,"href":"https:\/\/petitecave.ch\/de\/wp-json\/wp\/v2\/product_tag?post=9237"}],"curies":[{"name":"wp","href":"https:\/\/api.w.org\/{rel}","templated":true}]}}