{"id":9235,"date":"2025-10-28T10:39:53","date_gmt":"2025-10-28T10:39:53","guid":{"rendered":""},"modified":"2026-02-23T16:38:15","modified_gmt":"2026-02-23T15:38:15","slug":"cornalin-hurlevent-les-fils-de-charles-favre-75cl","status":"publish","type":"product","link":"https:\/\/petitecave.ch\/de\/product\/cornalin-hurlevent-les-fils-de-charles-favre-75cl\/","title":{"rendered":"Cornalin Hurlevent &#8211; Les Fils de Charles Favre 75cl"},"content":{"rendered":"<p><strong>C\u00e9page :<\/strong> Cornalin<\/p>\n<p><strong>Nez :<\/strong> Senteurs de fruits rouges, de griottes en particulier et de kirsch, se m\u00ealent et s&rsquo;\u00e9quilibrent<\/p>\n<p><strong>Bouche :<\/strong> Attaque souple, des ar\u00f4mes de fruits frais avec des tanins croquants. S&rsquo;ensuit une belle acidit\u00e9 qui am\u00e8ne de la fra\u00eecheur et une bonne longueur en bouche<\/p>\n<p><strong>Accompagnements : <\/strong>Avec des volailles, des viandes rouges<\/p>\n<p><strong>Temps de garde :\u00a0<\/strong>2 \u00e0 5 ans<\/p>","protected":false},"excerpt":{"rendered":"<p><strong>Cornalin Hurlevent &#8211; Les Fils de Charles Favre &#8211; Sion<\/strong><\/p>\n<p><em>AOC Valais<\/em><\/p>\n<\/p>\n<p><em><strong>Tradition et valeurs. A chaque occasion son c\u00e9page.<\/strong><\/em><\/p>\n<p><em>Pour les adeptes de valeurs s\u00fbres, la gamme Hurlevent, lanc\u00e9e \u00e0 la cr\u00e9ation de la cave en 1959, propose 19 crus.<\/em><\/p>\n<p><em>Vous trouverez ainsi dans la gamme des blancs : Fendant, Johannisberg, Heida (Pa\u00efen), Marsanne (Ermitage), Pinot Gris (Malvoisie), Petite Arvine, Muscat, Humagne Blanc, Dessert (vin doux).<\/em><\/p>\n<p><em>La D\u00f4le Blanche et l\u2019Oeil de Perdrix pour les ros\u00e9s.<\/em><\/p>\n<p><em>Gamay, D\u00f4le, Pinot Noir, Cornalin, Humagne Rouge, Syrah, Merlot et Cuv\u00e9e Prestige (assemblage) dans les rouges.<\/em><\/p>","protected":false},"featured_media":12634,"comment_status":"open","ping_status":"open","template":"","meta":[],"product_cat":[253],"product_tag":[],"class_list":{"0":"post-9235","1":"product","2":"type-product","3":"status-publish","4":"has-post-thumbnail","6":"product_cat-vins","7":"pa_color-rouge","8":"pa_country-suisse","9":"pa_volume-75-cl","10":"_wholesalex wsx-wholesalex-product","12":"first","13":"instock","14":"taxable","15":"shipping-taxable","16":"purchasable","17":"product-type-simple"},"_links":{"self":[{"href":"https:\/\/petitecave.ch\/de\/wp-json\/wp\/v2\/product\/9235","targetHints":{"allow":["GET"]}}],"collection":[{"href":"https:\/\/petitecave.ch\/de\/wp-json\/wp\/v2\/product"}],"about":[{"href":"https:\/\/petitecave.ch\/de\/wp-json\/wp\/v2\/types\/product"}],"replies":[{"embeddable":true,"href":"https:\/\/petitecave.ch\/de\/wp-json\/wp\/v2\/comments?post=9235"}],"wp:featuredmedia":[{"embeddable":true,"href":"https:\/\/petitecave.ch\/de\/wp-json\/wp\/v2\/media\/12634"}],"wp:attachment":[{"href":"https:\/\/petitecave.ch\/de\/wp-json\/wp\/v2\/media?parent=9235"}],"wp:term":[{"taxonomy":"product_cat","embeddable":true,"href":"https:\/\/petitecave.ch\/de\/wp-json\/wp\/v2\/product_cat?post=9235"},{"taxonomy":"product_tag","embeddable":true,"href":"https:\/\/petitecave.ch\/de\/wp-json\/wp\/v2\/product_tag?post=9235"}],"curies":[{"name":"wp","href":"https:\/\/api.w.org\/{rel}","templated":true}]}}