{"id":9234,"date":"2025-10-28T10:39:53","date_gmt":"2025-10-28T10:39:53","guid":{"rendered":""},"modified":"2026-02-23T16:51:13","modified_gmt":"2026-02-23T15:51:13","slug":"cornalin-tr-sors-de-famille-maison-gilliard","status":"publish","type":"product","link":"https:\/\/petitecave.ch\/de\/product\/cornalin-tr-sors-de-famille-maison-gilliard\/","title":{"rendered":"Cornalin Tr\u00e9sors de Famille &#8211; Maison Gilliard 75cl"},"content":{"rendered":"<p><strong>C\u00e9page :\u00a0<\/strong>Cornalin<\/p>\n<p><b>Nez :\u00a0<\/b>Ar\u00f4mes de cerises noires confites et de sous-bois<\/p>\n<p><b>Bouche :\u00a0<\/b>Structure ample, puissante et \u00e9quilibr\u00e9e\u00a0avec des tanins soyeux et belle longueur<\/p>\n<p><b>Accompagnement :\u00a0<\/b>Avec de la viande de veau, du gibier \u00e0 plumes et des fromages<\/p>\n<p><b>Temps de garde :\u00a0<\/b>10 ans<\/p>","protected":false},"excerpt":{"rendered":"<h4><b>Cornalin Tr\u00e9sors de Famille &#8211; Maison Gilliard &#8211; Sion<\/b><\/h4>\n<p>\u00a0<\/p>\n<p><i>V\u00e9ritable tr\u00e9sor du patrimoine valaisan, c\u2019est l\u2019un des c\u00e9pages les plus anciennement plant\u00e9s dans le canton. Suscitant l\u2019enthousiasme des connaisseurs, il demeure n\u00e9anmoins m\u00e9connu en raison de sa raret\u00e9. Avare de son fruit, exigeant les premi\u00e8res places au soleil, le Cornalin est de maturit\u00e9 tr\u00e8s tardive et capricieuse. Il offre un bouquet d\u00e9licieusement complexe et un corps parfait, d\u2019une jeunesse un peu turbulente, mais superbe, que l\u2019\u00e2ge transcende en finesse anthologique.<\/i><\/p>\n<p>\u00a0<\/p>\n<h3><u>RUPTURE CHEZ LE FOURNISSEUR JUSQU&rsquo;AU PRINTEMPS<\/u><\/h3>","protected":false},"featured_media":12633,"comment_status":"open","ping_status":"open","template":"","meta":[],"product_cat":[253],"product_tag":[],"class_list":{"0":"post-9234","1":"product","2":"type-product","3":"status-publish","4":"has-post-thumbnail","6":"product_cat-vins","7":"pa_color-rouge","8":"pa_country-suisse","9":"_wholesalex wsx-wholesalex-product","11":"first","12":"instock","13":"taxable","14":"shipping-taxable","15":"purchasable","16":"product-type-simple"},"_links":{"self":[{"href":"https:\/\/petitecave.ch\/de\/wp-json\/wp\/v2\/product\/9234","targetHints":{"allow":["GET"]}}],"collection":[{"href":"https:\/\/petitecave.ch\/de\/wp-json\/wp\/v2\/product"}],"about":[{"href":"https:\/\/petitecave.ch\/de\/wp-json\/wp\/v2\/types\/product"}],"replies":[{"embeddable":true,"href":"https:\/\/petitecave.ch\/de\/wp-json\/wp\/v2\/comments?post=9234"}],"wp:featuredmedia":[{"embeddable":true,"href":"https:\/\/petitecave.ch\/de\/wp-json\/wp\/v2\/media\/12633"}],"wp:attachment":[{"href":"https:\/\/petitecave.ch\/de\/wp-json\/wp\/v2\/media?parent=9234"}],"wp:term":[{"taxonomy":"product_cat","embeddable":true,"href":"https:\/\/petitecave.ch\/de\/wp-json\/wp\/v2\/product_cat?post=9234"},{"taxonomy":"product_tag","embeddable":true,"href":"https:\/\/petitecave.ch\/de\/wp-json\/wp\/v2\/product_tag?post=9234"}],"curies":[{"name":"wp","href":"https:\/\/api.w.org\/{rel}","templated":true}]}}