{"id":9233,"date":"2025-10-28T10:39:52","date_gmt":"2025-10-28T10:39:52","guid":{"rendered":""},"modified":"2026-02-23T16:38:15","modified_gmt":"2026-02-23T15:38:15","slug":"cornalin-collection-f-favre-vins-75cl","status":"publish","type":"product","link":"https:\/\/petitecave.ch\/de\/product\/cornalin-collection-f-favre-vins-75cl\/","title":{"rendered":"Cornalin Collection F &#8211; Favre Vins 75cl"},"content":{"rendered":"<p><strong>C\u00e9page :\u00a0<\/strong>Cornalin &#8211; Elev\u00e9 en\u00a0f\u00fbts de ch\u00eane<\/p>\n<p><strong>Nez :\u00a0<\/strong>Intense et complexe aux odeurs de cerises noires et de sureau, avec un l\u00e9ger c\u00f4t\u00e9 bois\u00e9<\/p>\n<p><strong>Bouche :\u00a0<\/strong>Une attaque souple, une bouche gourmande au go\u00fbt de cassis et de groseille<\/p>\n<p><strong>Accompagnement :\u00a0<\/strong>Avec de belles viandes rouges, des grillades, du gibier,&#8230;\u00a0<\/p>","protected":false},"excerpt":{"rendered":"<p><strong>Cornalin Collection F &#8211; Favre Vins &#8211; Sion<\/strong><\/p>\n<p><em>AOC Valais<\/em><\/p>\n<p>\u00a0<\/p>\n<p><strong>El\u00e9gance et raffinement. Elev\u00e9 avec patience et respect.<\/strong><\/p>\n<p>La Collection F, joyau de notre production, regroupe une s\u00e9lection de 11 crus provenant des meilleurs parchets de nos domaines : Fendant, Chardonnay, Petite Arvine, Pinot Noir de Sion, Pinot Noir de Sierre, Cornalin, Humagne Rouge, Syrah, Merlot, Douceur Rouge (vin doux naturel non filtr\u00e9), ainsi que Le Brut, un vin mousseux en m\u00e9thode traditionnelle.<\/p>\n<p>Elev\u00e9s pour la majorit\u00e9 dans notre chai \u00e0 barriques, ces vins hautement qualitatifs satisfont les connaisseurs les plus avertis.<\/p>","protected":false},"featured_media":12632,"comment_status":"open","ping_status":"open","template":"","meta":[],"product_cat":[253],"product_tag":[],"class_list":{"0":"post-9233","1":"product","2":"type-product","3":"status-publish","4":"has-post-thumbnail","6":"product_cat-vins","7":"pa_color-rouge","8":"pa_country-suisse","9":"pa_volume-75-cl","10":"_wholesalex wsx-wholesalex-product","12":"first","13":"instock","14":"taxable","15":"shipping-taxable","16":"purchasable","17":"product-type-simple"},"_links":{"self":[{"href":"https:\/\/petitecave.ch\/de\/wp-json\/wp\/v2\/product\/9233","targetHints":{"allow":["GET"]}}],"collection":[{"href":"https:\/\/petitecave.ch\/de\/wp-json\/wp\/v2\/product"}],"about":[{"href":"https:\/\/petitecave.ch\/de\/wp-json\/wp\/v2\/types\/product"}],"replies":[{"embeddable":true,"href":"https:\/\/petitecave.ch\/de\/wp-json\/wp\/v2\/comments?post=9233"}],"wp:featuredmedia":[{"embeddable":true,"href":"https:\/\/petitecave.ch\/de\/wp-json\/wp\/v2\/media\/12632"}],"wp:attachment":[{"href":"https:\/\/petitecave.ch\/de\/wp-json\/wp\/v2\/media?parent=9233"}],"wp:term":[{"taxonomy":"product_cat","embeddable":true,"href":"https:\/\/petitecave.ch\/de\/wp-json\/wp\/v2\/product_cat?post=9233"},{"taxonomy":"product_tag","embeddable":true,"href":"https:\/\/petitecave.ch\/de\/wp-json\/wp\/v2\/product_tag?post=9233"}],"curies":[{"name":"wp","href":"https:\/\/api.w.org\/{rel}","templated":true}]}}