{"id":9232,"date":"2025-10-28T10:39:51","date_gmt":"2025-10-28T10:39:51","guid":{"rendered":""},"modified":"2026-02-23T16:38:15","modified_gmt":"2026-02-23T15:38:15","slug":"cornalin-collection-chandra-kurt-provins-75cl","status":"publish","type":"product","link":"https:\/\/petitecave.ch\/de\/product\/cornalin-collection-chandra-kurt-provins-75cl\/","title":{"rendered":"Cornalin &#8211; Collection Chandra Kurt &#8211; Provins 75cl"},"content":{"rendered":"<p><strong>C\u00e9page :\u00a0<\/strong>Cornalin<\/p>\n<p><b>Nez :\u00a0<\/b>Puissant et complexe domin\u00e9 par des ar\u00f4me de cerise, de groseille et de girofle<\/p>\n<p><b>Bouche :\u00a0<\/b>Juteuse et structur\u00e9e, on y retrouve les ar\u00f4mes pr\u00e9sents au nez &#8211; Un passage en carafe lui permettra d&rsquo;exprimer son meilleur potentiel<\/p>\n<p><b>Accompagnement :\u00a0<\/b>Id\u00e9al avec\u00a0 les mets de chasse, le canard, les viandes rouges et autres mets \u00e9pic\u00e9s<\/p>\n<p><b>Temps de garde :\u00a0<\/b>5 \u00e0 7 ans<\/p>","protected":false},"excerpt":{"rendered":"<p><strong>Cornalin &#8211; Collection Chandra Kurt &#8211; Provins &#8211; Sion<\/strong><\/p>\n<\/p>\n<p><em><strong>Pour l\u2019authenticit\u00e9.<\/strong><\/em><\/p>\n<p><em>Chandra Kurt, c\u00e9l\u00e8bre journaliste et auteur de multiples ouvrages sur le vin, a choisi Provins pour cr\u00e9er sa propre collection qui met l\u2019accent sur des c\u00e9pages indig\u00e8nes, c\u2019est-\u00e0-dire des vins qui racontent la tradition du Valais et de la Suisse. Cette ligne accumule les honneurs, en remportant plusieurs m\u00e9dailles d\u2019or lors de concours nationaux et internationaux.<\/em><\/p>","protected":false},"featured_media":12631,"comment_status":"open","ping_status":"open","template":"","meta":[],"product_cat":[253],"product_tag":[],"class_list":{"0":"post-9232","1":"product","2":"type-product","3":"status-publish","4":"has-post-thumbnail","6":"product_cat-vins","7":"pa_color-rouge","8":"pa_country-suisse","9":"pa_volume-75-cl","10":"_wholesalex wsx-wholesalex-product","12":"first","13":"instock","14":"taxable","15":"shipping-taxable","16":"purchasable","17":"product-type-simple"},"_links":{"self":[{"href":"https:\/\/petitecave.ch\/de\/wp-json\/wp\/v2\/product\/9232","targetHints":{"allow":["GET"]}}],"collection":[{"href":"https:\/\/petitecave.ch\/de\/wp-json\/wp\/v2\/product"}],"about":[{"href":"https:\/\/petitecave.ch\/de\/wp-json\/wp\/v2\/types\/product"}],"replies":[{"embeddable":true,"href":"https:\/\/petitecave.ch\/de\/wp-json\/wp\/v2\/comments?post=9232"}],"wp:featuredmedia":[{"embeddable":true,"href":"https:\/\/petitecave.ch\/de\/wp-json\/wp\/v2\/media\/12631"}],"wp:attachment":[{"href":"https:\/\/petitecave.ch\/de\/wp-json\/wp\/v2\/media?parent=9232"}],"wp:term":[{"taxonomy":"product_cat","embeddable":true,"href":"https:\/\/petitecave.ch\/de\/wp-json\/wp\/v2\/product_cat?post=9232"},{"taxonomy":"product_tag","embeddable":true,"href":"https:\/\/petitecave.ch\/de\/wp-json\/wp\/v2\/product_tag?post=9232"}],"curies":[{"name":"wp","href":"https:\/\/api.w.org\/{rel}","templated":true}]}}