{"id":9223,"date":"2025-10-28T10:39:43","date_gmt":"2025-10-28T10:39:43","guid":{"rendered":""},"modified":"2026-02-23T16:28:37","modified_gmt":"2026-02-23T15:28:37","slug":"c-line-pinot-noir-surmatur-50cl","status":"publish","type":"product","link":"https:\/\/petitecave.ch\/de\/product\/c-line-pinot-noir-surmatur-50cl\/","title":{"rendered":"C\u00e2line &#8211; Pinot Noir Surmatur\u00e9 50cl"},"content":{"rendered":"<p><strong>C\u00e9page :\u00a0<\/strong>Pinot Noir surmatur\u00e9 &#8211; Elev\u00e9 en f\u00fbt de ch\u00eane<\/p>\n<p><strong>Nez :\u00a0<\/strong>Ar\u00f4mes de cassis, de sureau, de basilic et de citronnelle\u00a0<\/p>\n<p><strong>Bouche :\u00a0<\/strong>Onctuosit\u00e9, richesse, contraste entre le sucr\u00e9 et les tanins en finale de bouche, longueur et persistance des go\u00fbts aromatiques ressentis au nez\u00a0<\/p>\n<p><strong>Accompagnement :<\/strong> Avec des fromages bleus, \u00e0 p\u00e2te molle, des desserts au chocolat noir, une salade de fruit,&#8230;\u00a0<\/p>\n<p><strong>Temps de garde : <\/strong>10 ans et plus<\/p>","protected":false},"excerpt":{"rendered":"<p><b>C\u00e2line &#8211; Dubuis &amp; Rudaz &#8211; Sion\u00a0<\/b><\/p>\n<p><i>AOC Valais<\/i><\/p>\n<p>\u00a0<\/p>","protected":false},"featured_media":12622,"comment_status":"open","ping_status":"open","template":"","meta":[],"product_cat":[253],"product_tag":[],"class_list":{"0":"post-9223","1":"product","2":"type-product","3":"status-publish","4":"has-post-thumbnail","6":"product_cat-vins","7":"pa_color-rouge-surmature","8":"pa_country-suisse","9":"pa_volume-50cl","10":"_wholesalex wsx-wholesalex-product","12":"first","13":"instock","14":"taxable","15":"shipping-taxable","16":"purchasable","17":"product-type-simple"},"_links":{"self":[{"href":"https:\/\/petitecave.ch\/de\/wp-json\/wp\/v2\/product\/9223","targetHints":{"allow":["GET"]}}],"collection":[{"href":"https:\/\/petitecave.ch\/de\/wp-json\/wp\/v2\/product"}],"about":[{"href":"https:\/\/petitecave.ch\/de\/wp-json\/wp\/v2\/types\/product"}],"replies":[{"embeddable":true,"href":"https:\/\/petitecave.ch\/de\/wp-json\/wp\/v2\/comments?post=9223"}],"wp:featuredmedia":[{"embeddable":true,"href":"https:\/\/petitecave.ch\/de\/wp-json\/wp\/v2\/media\/12622"}],"wp:attachment":[{"href":"https:\/\/petitecave.ch\/de\/wp-json\/wp\/v2\/media?parent=9223"}],"wp:term":[{"taxonomy":"product_cat","embeddable":true,"href":"https:\/\/petitecave.ch\/de\/wp-json\/wp\/v2\/product_cat?post=9223"},{"taxonomy":"product_tag","embeddable":true,"href":"https:\/\/petitecave.ch\/de\/wp-json\/wp\/v2\/product_tag?post=9223"}],"curies":[{"name":"wp","href":"https:\/\/api.w.org\/{rel}","templated":true}]}}