{"id":9220,"date":"2025-10-28T10:39:39","date_gmt":"2025-10-28T10:39:39","guid":{"rendered":""},"modified":"2026-02-23T16:28:36","modified_gmt":"2026-02-23T15:28:36","slug":"blanc-de-noir-gregor-kuonen-70cl","status":"publish","type":"product","link":"https:\/\/petitecave.ch\/de\/product\/blanc-de-noir-gregor-kuonen-70cl\/","title":{"rendered":"Blanc De Noir &#8211; Gregor Kuonen 70cl"},"content":{"rendered":"<p><strong>C\u00e9page :<\/strong> Pinot Noir<\/p>\n<p><strong>Nez :<\/strong> Frais, fruit\u00e9 et \u00e9pic\u00e9<\/p>\n<p><strong>Bouche :<\/strong> Ar\u00f4mes fruit\u00e9s intense et une belle complexit\u00e9\u00a0<\/p>\n<p><strong>Temps de garde :<\/strong> 1 \u00e0 3 ans<\/p>\n<p><strong>Accompagnement :<\/strong> Ap\u00e9ritif, Filet de f\u00e9ra, Magret de canard, G\u00e2teau aux poires ou aux pommes<\/p>","protected":false},"excerpt":{"rendered":"<p><b>Blanc De Noir &#8211; Gregor Kuonen\u00a0<\/b><b><\/b><\/p>\n<p><i>AOC Valais<\/i><\/p>","protected":false},"featured_media":12618,"comment_status":"open","ping_status":"open","template":"","meta":[],"product_cat":[253],"product_tag":[],"class_list":{"0":"post-9220","1":"product","2":"type-product","3":"status-publish","4":"has-post-thumbnail","6":"product_cat-vins","7":"pa_color-blanc","8":"pa_country-suisse","9":"pa_volume-70-cl","10":"_wholesalex wsx-wholesalex-product","12":"first","13":"instock","14":"taxable","15":"shipping-taxable","16":"purchasable","17":"product-type-simple"},"_links":{"self":[{"href":"https:\/\/petitecave.ch\/de\/wp-json\/wp\/v2\/product\/9220","targetHints":{"allow":["GET"]}}],"collection":[{"href":"https:\/\/petitecave.ch\/de\/wp-json\/wp\/v2\/product"}],"about":[{"href":"https:\/\/petitecave.ch\/de\/wp-json\/wp\/v2\/types\/product"}],"replies":[{"embeddable":true,"href":"https:\/\/petitecave.ch\/de\/wp-json\/wp\/v2\/comments?post=9220"}],"wp:featuredmedia":[{"embeddable":true,"href":"https:\/\/petitecave.ch\/de\/wp-json\/wp\/v2\/media\/12618"}],"wp:attachment":[{"href":"https:\/\/petitecave.ch\/de\/wp-json\/wp\/v2\/media?parent=9220"}],"wp:term":[{"taxonomy":"product_cat","embeddable":true,"href":"https:\/\/petitecave.ch\/de\/wp-json\/wp\/v2\/product_cat?post=9220"},{"taxonomy":"product_tag","embeddable":true,"href":"https:\/\/petitecave.ch\/de\/wp-json\/wp\/v2\/product_tag?post=9220"}],"curies":[{"name":"wp","href":"https:\/\/api.w.org\/{rel}","templated":true}]}}