{"id":9219,"date":"2025-10-28T10:39:39","date_gmt":"2025-10-28T10:39:39","guid":{"rendered":""},"modified":"2026-02-23T16:28:36","modified_gmt":"2026-02-23T15:28:36","slug":"belle-toile-blanc-provins-75cl","status":"publish","type":"product","link":"https:\/\/petitecave.ch\/de\/product\/belle-toile-blanc-provins-75cl\/","title":{"rendered":"Belle \u00c9toile Blanc &#8211; Provins 75cl"},"content":{"rendered":"<p><strong>C\u00e9pages :\u00a0<\/strong>Amigne, Malvoisie et Humagne Blanche<\/p>\n<p><strong>Nez :\u00a0<\/strong>Bouquet de fleurs jaunes<\/p>\n<p><strong>Bouche :\u00a0<\/strong>Belle structure alliant puissance et g\u00e9n\u00e9rosit\u00e9<\/p>\n<p><strong>Accompagnement :\u00a0<\/strong>A l&rsquo;ap\u00e9ritif, sur des buffets froids, des fromages,&#8230;\u00a0<\/p>\n<p><strong>Temps de garde :\u00a0<\/strong>3 ans<\/p>","protected":false},"excerpt":{"rendered":"<p><strong>Belle \u00c9toile Blanc &#8211; Provins &#8211; Sion<\/strong><\/p>\n<p><em>AOC Valais<\/em><\/p>\n<\/p>\n<p><em><b>Pour le symbole.<\/b><\/em><\/p>\n<p><em>Cr\u00e9\u00e9e \u00e0 l\u2019origine pour c\u00e9l\u00e9brer le bicentenaire du Valais dans la Conf\u00e9d\u00e9ration, la\u00a0gamme Belle \u00c9toile continue de briller dans le ciel de Provins, en assemblage blanc et\u00a0rouge<\/em><\/p>","protected":false},"featured_media":12617,"comment_status":"open","ping_status":"open","template":"","meta":[],"product_cat":[368,253],"product_tag":[],"class_list":{"0":"post-9219","1":"product","2":"type-product","3":"status-publish","4":"has-post-thumbnail","6":"product_cat-blanc","7":"product_cat-vins","8":"pa_color-blanc","9":"pa_country-suisse","10":"pa_volume-75-cl","11":"_wholesalex wsx-wholesalex-product","13":"first","14":"instock","15":"taxable","16":"shipping-taxable","17":"purchasable","18":"product-type-simple"},"_links":{"self":[{"href":"https:\/\/petitecave.ch\/de\/wp-json\/wp\/v2\/product\/9219","targetHints":{"allow":["GET"]}}],"collection":[{"href":"https:\/\/petitecave.ch\/de\/wp-json\/wp\/v2\/product"}],"about":[{"href":"https:\/\/petitecave.ch\/de\/wp-json\/wp\/v2\/types\/product"}],"replies":[{"embeddable":true,"href":"https:\/\/petitecave.ch\/de\/wp-json\/wp\/v2\/comments?post=9219"}],"wp:featuredmedia":[{"embeddable":true,"href":"https:\/\/petitecave.ch\/de\/wp-json\/wp\/v2\/media\/12617"}],"wp:attachment":[{"href":"https:\/\/petitecave.ch\/de\/wp-json\/wp\/v2\/media?parent=9219"}],"wp:term":[{"taxonomy":"product_cat","embeddable":true,"href":"https:\/\/petitecave.ch\/de\/wp-json\/wp\/v2\/product_cat?post=9219"},{"taxonomy":"product_tag","embeddable":true,"href":"https:\/\/petitecave.ch\/de\/wp-json\/wp\/v2\/product_tag?post=9219"}],"curies":[{"name":"wp","href":"https:\/\/api.w.org\/{rel}","templated":true}]}}