{"id":9214,"date":"2025-10-28T10:39:34","date_gmt":"2025-10-28T10:39:34","guid":{"rendered":""},"modified":"2026-02-23T16:24:35","modified_gmt":"2026-02-23T15:24:35","slug":"amigne-2-abeilles-jean-ren-germanier-75cl","status":"publish","type":"product","link":"https:\/\/petitecave.ch\/de\/product\/amigne-2-abeilles-jean-ren-germanier-75cl\/","title":{"rendered":"Amigne 2 Abeilles &#8211; Jean Ren\u00e9 Germanier 75cl"},"content":{"rendered":"<p><strong>C\u00e9page :\u00a0<\/strong>Amigne<\/p>\n<p><strong>Nez :\u00a0<\/strong>Bouquet intense tr\u00e8s floral sur la mandarine<\/p>\n<p><strong>Bouche :\u00a0<\/strong>Structure puissante et une finale douce lui conf\u00e8re harmonie et finesse<\/p>\n<p><strong>Accompagnement :\u00a0<\/strong>Avec des fromages cors\u00e9s, plats \u00e9pic\u00e9s et desserts<\/p>","protected":false},"excerpt":{"rendered":"<p><strong>Amigne de V\u00e9troz &#8211; Domaine Jean Ren\u00e9 Germanier &#8211; 2 Abeilles\u00a0<\/strong><\/p>","protected":false},"featured_media":12612,"comment_status":"open","ping_status":"open","template":"","meta":[],"product_cat":[368,253],"product_tag":[],"class_list":{"0":"post-9214","1":"product","2":"type-product","3":"status-publish","4":"has-post-thumbnail","6":"product_cat-blanc","7":"product_cat-vins","8":"pa_color-blanc","9":"pa_country-suisse","10":"pa_volume-75-cl","11":"_wholesalex wsx-wholesalex-product","13":"first","14":"instock","15":"taxable","16":"shipping-taxable","17":"purchasable","18":"product-type-simple"},"_links":{"self":[{"href":"https:\/\/petitecave.ch\/de\/wp-json\/wp\/v2\/product\/9214","targetHints":{"allow":["GET"]}}],"collection":[{"href":"https:\/\/petitecave.ch\/de\/wp-json\/wp\/v2\/product"}],"about":[{"href":"https:\/\/petitecave.ch\/de\/wp-json\/wp\/v2\/types\/product"}],"replies":[{"embeddable":true,"href":"https:\/\/petitecave.ch\/de\/wp-json\/wp\/v2\/comments?post=9214"}],"wp:featuredmedia":[{"embeddable":true,"href":"https:\/\/petitecave.ch\/de\/wp-json\/wp\/v2\/media\/12612"}],"wp:attachment":[{"href":"https:\/\/petitecave.ch\/de\/wp-json\/wp\/v2\/media?parent=9214"}],"wp:term":[{"taxonomy":"product_cat","embeddable":true,"href":"https:\/\/petitecave.ch\/de\/wp-json\/wp\/v2\/product_cat?post=9214"},{"taxonomy":"product_tag","embeddable":true,"href":"https:\/\/petitecave.ch\/de\/wp-json\/wp\/v2\/product_tag?post=9214"}],"curies":[{"name":"wp","href":"https:\/\/api.w.org\/{rel}","templated":true}]}}