{"id":9168,"date":"2025-10-28T10:38:55","date_gmt":"2025-10-28T10:38:55","guid":{"rendered":""},"modified":"2026-02-20T17:51:39","modified_gmt":"2026-02-20T16:51:39","slug":"whisky-xop-port-ellen-1982-70cl","status":"publish","type":"product","link":"https:\/\/petitecave.ch\/de\/product\/whisky-xop-port-ellen-1982-70cl\/","title":{"rendered":"Whisky XOP Port Ellen 1982 70cl"},"content":{"rendered":"<p>Embouteill\u00e9 pour c\u00e9l\u00e9brer le 70e anniversaire de Douglas Laing en platine, il s\u2019agit d\u2019un Port Ellen 35 ans \u00e0 un seul f\u00fbt avec, comme le dit l\u2019embouteilleur ind\u00e9pendant, un \u00ab palais de sel, de goudron, de ph\u00e9nol, de poussi\u00e8re de charbon et de moka \u00bb. Port Ellen \u00e9tait le whisky pr\u00e9f\u00e9r\u00e9 du fondateur de Douglas Laing et cette \u00e9dition, dont seulement 273 bouteilles sont disponibles, est un hommage appropri\u00e9 \u00e0 ses r\u00e9alisations.<\/p>","protected":false},"excerpt":{"rendered":"<p><strong>XOP Port Ellen 1982 &#8211; Distillerie Port Ellen &#8211; Islay\u00a0<\/strong><\/p>\n<p><em>Embouteill\u00e9 ind\u00e9pendamment par Douglas Laing en Octobre 2018<\/em><\/p>\n<p><em>Nombre de bouteilles : <strong>273\u00a0<\/strong><\/em><\/p>\n<p><i>F\u00fbt num\u00e9rot\u00e9 : DL12282<\/i><\/p>","protected":false},"featured_media":12566,"comment_status":"open","ping_status":"open","template":"","meta":[],"product_cat":[1310,277],"product_tag":[],"class_list":{"0":"post-9168","1":"product","2":"type-product","3":"status-publish","4":"has-post-thumbnail","6":"product_cat-rarete","7":"product_cat-whisky","8":"pa_country-ecosse","9":"pa_type-single-malt","10":"pa_volume-70-cl","11":"_wholesalex wsx-wholesalex-product","13":"first","14":"instock","15":"taxable","16":"shipping-taxable","17":"purchasable","18":"product-type-simple"},"_links":{"self":[{"href":"https:\/\/petitecave.ch\/de\/wp-json\/wp\/v2\/product\/9168","targetHints":{"allow":["GET"]}}],"collection":[{"href":"https:\/\/petitecave.ch\/de\/wp-json\/wp\/v2\/product"}],"about":[{"href":"https:\/\/petitecave.ch\/de\/wp-json\/wp\/v2\/types\/product"}],"replies":[{"embeddable":true,"href":"https:\/\/petitecave.ch\/de\/wp-json\/wp\/v2\/comments?post=9168"}],"wp:featuredmedia":[{"embeddable":true,"href":"https:\/\/petitecave.ch\/de\/wp-json\/wp\/v2\/media\/12566"}],"wp:attachment":[{"href":"https:\/\/petitecave.ch\/de\/wp-json\/wp\/v2\/media?parent=9168"}],"wp:term":[{"taxonomy":"product_cat","embeddable":true,"href":"https:\/\/petitecave.ch\/de\/wp-json\/wp\/v2\/product_cat?post=9168"},{"taxonomy":"product_tag","embeddable":true,"href":"https:\/\/petitecave.ch\/de\/wp-json\/wp\/v2\/product_tag?post=9168"}],"curies":[{"name":"wp","href":"https:\/\/api.w.org\/{rel}","templated":true}]}}