{"id":9167,"date":"2025-10-28T10:38:54","date_gmt":"2025-10-28T10:38:54","guid":{"rendered":""},"modified":"2026-02-20T16:29:55","modified_gmt":"2026-02-20T15:29:55","slug":"xuxu-70cl","status":"publish","type":"product","link":"https:\/\/petitecave.ch\/de\/product\/xuxu-70cl\/","title":{"rendered":"Xuxu 70cl"},"content":{"rendered":"","protected":false},"excerpt":{"rendered":"<p><strong>Xuxu<\/strong><\/p>\n<p>\u00a0<\/p>\n<p><i>Boisson \u00e0 la fraise avec de la vodka contient 500gr de fraises fra\u00eeches par litre! Cette liqueur fruit\u00e9e et sucr\u00e9e (qui ne contient d&rsquo;ailleurs pas de sucre) est parfaite pour aromatiser les p\u00e2tisseries et les desserts &#8211; ou bien glac\u00e9e servie en shot.<\/i><\/p>","protected":false},"featured_media":12565,"comment_status":"open","ping_status":"open","template":"","meta":[],"product_cat":[269,275],"product_tag":[],"class_list":{"0":"post-9167","1":"product","2":"type-product","3":"status-publish","4":"has-post-thumbnail","6":"product_cat-liqueurs","7":"product_cat-vodka","8":"pa_country-allemagne","9":"pa_volume-70-cl","10":"_wholesalex wsx-wholesalex-product","12":"first","13":"instock","14":"taxable","15":"shipping-taxable","16":"purchasable","17":"product-type-simple"},"_links":{"self":[{"href":"https:\/\/petitecave.ch\/de\/wp-json\/wp\/v2\/product\/9167","targetHints":{"allow":["GET"]}}],"collection":[{"href":"https:\/\/petitecave.ch\/de\/wp-json\/wp\/v2\/product"}],"about":[{"href":"https:\/\/petitecave.ch\/de\/wp-json\/wp\/v2\/types\/product"}],"replies":[{"embeddable":true,"href":"https:\/\/petitecave.ch\/de\/wp-json\/wp\/v2\/comments?post=9167"}],"wp:featuredmedia":[{"embeddable":true,"href":"https:\/\/petitecave.ch\/de\/wp-json\/wp\/v2\/media\/12565"}],"wp:attachment":[{"href":"https:\/\/petitecave.ch\/de\/wp-json\/wp\/v2\/media?parent=9167"}],"wp:term":[{"taxonomy":"product_cat","embeddable":true,"href":"https:\/\/petitecave.ch\/de\/wp-json\/wp\/v2\/product_cat?post=9167"},{"taxonomy":"product_tag","embeddable":true,"href":"https:\/\/petitecave.ch\/de\/wp-json\/wp\/v2\/product_tag?post=9167"}],"curies":[{"name":"wp","href":"https:\/\/api.w.org\/{rel}","templated":true}]}}