{"id":9157,"date":"2025-10-28T10:38:45","date_gmt":"2025-10-28T10:38:45","guid":{"rendered":""},"modified":"2026-02-20T17:28:42","modified_gmt":"2026-02-20T16:28:42","slug":"vodka-trojka-cream-70cl","status":"publish","type":"product","link":"https:\/\/petitecave.ch\/de\/product\/vodka-trojka-cream-70cl\/","title":{"rendered":"Vodka Trojka Cream 70cl"},"content":{"rendered":"<p><strong>Nez :<\/strong> Fruit\u00e9, note typique de fraise<\/p>\n<p><strong>Palais :<\/strong> Go\u00fbt cr\u00e9meux, doux et fruit\u00e9<\/p>\n<p><strong>Finale :<\/strong> Finale douce<\/p>","protected":false},"excerpt":{"rendered":"<p><strong>Trojka Cream\u00a0<\/strong><\/p>\n<p><strong><\/strong><\/p>\n<p><i>Trojka Vodka Liqueur Cream: la liqueur de vodka blanche et cr\u00e9meuse avec un agr\u00e9able go\u00fbt sucr\u00e9 de fraises<\/i><\/p>\n<p><i>Trojka Cream: la liqueur de vodka blanche et cr\u00e9meuse. Distill\u00e9e en trois \u00e9tapes \u00e0 partir de c\u00e9r\u00e9ales de qualit\u00e9, r\u00e9duite avec la meilleure eau avant d\u2019\u00eatre soigneusement filtr\u00e9e, cette vodka issue d\u2019un proc\u00e9d\u00e9 de fabrication haut de gamme est la base de notre liqueur fruit\u00e9e et sucr\u00e9e.<\/i><\/p>\n<p><i>Dot\u00e9e d\u2019un agr\u00e9able go\u00fbt de fraises et pr\u00e9sent\u00e9e dans son \u00e9l\u00e9gante bouteille dont la capsule a \u00e9t\u00e9 sp\u00e9cialement con\u00e7ue pour, c\u2019est la tentation sucr\u00e9e parmi les liqueurs de vodka. Et elle est fabriqu\u00e9e en Suisse.<\/i><\/p>\n<p><i>Trojka Cream se pr\u00eate \u00e0 la pr\u00e9paration de drinks vari\u00e9s. Comme toutes les liqueurs de vodka color\u00e9es connues, elle se boit de pr\u00e9f\u00e9rence en long drink ou en cocktail. Cette liqueur fruit\u00e9e et sucr\u00e9e se sert \u00e9galement tr\u00e8s bien en shot glac\u00e9.<\/i><\/p>","protected":false},"featured_media":12555,"comment_status":"open","ping_status":"open","template":"","meta":[],"product_cat":[275],"product_tag":[],"class_list":{"0":"post-9157","1":"product","2":"type-product","3":"status-publish","4":"has-post-thumbnail","6":"product_cat-vodka","7":"pa_country-suisse","8":"pa_volume-70-cl","9":"_wholesalex wsx-wholesalex-product","11":"first","12":"instock","13":"taxable","14":"shipping-taxable","15":"purchasable","16":"product-type-simple"},"_links":{"self":[{"href":"https:\/\/petitecave.ch\/de\/wp-json\/wp\/v2\/product\/9157","targetHints":{"allow":["GET"]}}],"collection":[{"href":"https:\/\/petitecave.ch\/de\/wp-json\/wp\/v2\/product"}],"about":[{"href":"https:\/\/petitecave.ch\/de\/wp-json\/wp\/v2\/types\/product"}],"replies":[{"embeddable":true,"href":"https:\/\/petitecave.ch\/de\/wp-json\/wp\/v2\/comments?post=9157"}],"wp:featuredmedia":[{"embeddable":true,"href":"https:\/\/petitecave.ch\/de\/wp-json\/wp\/v2\/media\/12555"}],"wp:attachment":[{"href":"https:\/\/petitecave.ch\/de\/wp-json\/wp\/v2\/media?parent=9157"}],"wp:term":[{"taxonomy":"product_cat","embeddable":true,"href":"https:\/\/petitecave.ch\/de\/wp-json\/wp\/v2\/product_cat?post=9157"},{"taxonomy":"product_tag","embeddable":true,"href":"https:\/\/petitecave.ch\/de\/wp-json\/wp\/v2\/product_tag?post=9157"}],"curies":[{"name":"wp","href":"https:\/\/api.w.org\/{rel}","templated":true}]}}