{"id":9135,"date":"2025-10-28T10:38:27","date_gmt":"2025-10-28T10:38:27","guid":{"rendered":""},"modified":"2026-02-20T17:31:07","modified_gmt":"2026-02-20T16:31:07","slug":"vodka-grey-goose-175cl","status":"publish","type":"product","link":"https:\/\/petitecave.ch\/de\/product\/vodka-grey-goose-175cl\/","title":{"rendered":"Vodka Grey Goose 175cl"},"content":{"rendered":"<p>Ar\u00f4me \u00e9l\u00e9gant et floral avec un l\u00e9ger soup\u00e7on d&rsquo;agrumes. Go\u00fbt frais et prononc\u00e9, onctueux en bouche et l\u00e9g\u00e8rement sucr\u00e9. Douce et ronde, assortie d&rsquo;une touche d&rsquo;amande. Prononc\u00e9e et fra\u00eeche, la finale est \u00e9galement agr\u00e9able et longue.<\/p>","protected":false},"excerpt":{"rendered":"<p><b>Grey Goose\u00a0Vodka\u00a0<\/b><\/p>\n<p>\u00a0<\/p>\n<p><i>Proc\u00e9d\u00e9 de distillation en cinq \u00e9tapes.<\/i><\/p>\n<p><i>Apr\u00e8s le filtrage, l&rsquo;alcool brut est dilu\u00e9 afin d&rsquo;\u00eatre propre \u00e0 la consommation. L&rsquo;eau de source utilis\u00e9e pour cette dilution est particuli\u00e8rement douce et pure.<\/i><\/p>\n<p><i>Grey Goose est une maison qui, bien que fond\u00e9e tardivement (en 1997), a su s&rsquo;imposer en tr\u00e8s peu de temps sur le march\u00e9 mondial. En 2001, elle s&rsquo;est vu d\u00e9cerner le prix de la \u00ab Best tasting Vodka \u00bb dans le cadre d&rsquo;une comparaison effectu\u00e9e \u00e0 l&rsquo;\u00e9chelon mondial par le Beverage Tasting Institute.<\/i><\/p>","protected":false},"featured_media":12533,"comment_status":"open","ping_status":"open","template":"","meta":[],"product_cat":[275],"product_tag":[],"class_list":{"0":"post-9135","1":"product","2":"type-product","3":"status-publish","4":"has-post-thumbnail","6":"product_cat-vodka","7":"pa_country-france","8":"_wholesalex wsx-wholesalex-product","10":"first","11":"instock","12":"taxable","13":"shipping-taxable","14":"purchasable","15":"product-type-simple"},"_links":{"self":[{"href":"https:\/\/petitecave.ch\/de\/wp-json\/wp\/v2\/product\/9135","targetHints":{"allow":["GET"]}}],"collection":[{"href":"https:\/\/petitecave.ch\/de\/wp-json\/wp\/v2\/product"}],"about":[{"href":"https:\/\/petitecave.ch\/de\/wp-json\/wp\/v2\/types\/product"}],"replies":[{"embeddable":true,"href":"https:\/\/petitecave.ch\/de\/wp-json\/wp\/v2\/comments?post=9135"}],"wp:featuredmedia":[{"embeddable":true,"href":"https:\/\/petitecave.ch\/de\/wp-json\/wp\/v2\/media\/12533"}],"wp:attachment":[{"href":"https:\/\/petitecave.ch\/de\/wp-json\/wp\/v2\/media?parent=9135"}],"wp:term":[{"taxonomy":"product_cat","embeddable":true,"href":"https:\/\/petitecave.ch\/de\/wp-json\/wp\/v2\/product_cat?post=9135"},{"taxonomy":"product_tag","embeddable":true,"href":"https:\/\/petitecave.ch\/de\/wp-json\/wp\/v2\/product_tag?post=9135"}],"curies":[{"name":"wp","href":"https:\/\/api.w.org\/{rel}","templated":true}]}}