{"id":9132,"date":"2025-10-28T10:38:24","date_gmt":"2025-10-28T10:38:24","guid":{"rendered":""},"modified":"2026-02-24T09:52:08","modified_gmt":"2026-02-24T08:52:08","slug":"porto-vintage-vargellas-2015-taylor-s-75cl","status":"publish","type":"product","link":"https:\/\/petitecave.ch\/de\/product\/porto-vintage-vargellas-2015-taylor-s-75cl\/","title":{"rendered":"Porto Vintage Vargellas 2015 &#8211; Taylor&rsquo;s 75cl"},"content":{"rendered":"<p><b>Visuel :<\/b> Robe d&rsquo;une couleur rubis profond avec des reflets violets sur les bords<\/p>\n<p><b>Nez :\u00a0<\/b>Fin, \u00e9l\u00e9gant et \u00e9quilibr\u00e9 sur des ar\u00f4mes bois\u00e9s, d&rsquo;agrumes et de coings frais<\/p>\n<p><b>Bouche :\u00a0<\/b>Soutenue et parfaitement \u00e9quilibr\u00e9e les tanins sont tendus et muscl\u00e9s, des ar\u00f4mes de fruis frais de d\u00e9veloppe en finale et apporte une touche de fra\u00eecheur et de gourmandise<\/p>","protected":false},"excerpt":{"rendered":"<p><b>Vargellas Vintage Port 2015 &#8211; Taylor&rsquo;s &#8211; Quinta de Vargellas<\/b><\/p>","protected":false},"featured_media":12530,"comment_status":"open","ping_status":"open","template":"","meta":[],"product_cat":[278],"product_tag":[],"class_list":{"0":"post-9132","1":"product","2":"type-product","3":"status-publish","4":"has-post-thumbnail","6":"product_cat-porto","7":"pa_color-rouge","8":"pa_country-portugal","9":"pa_volume-75-cl","10":"_wholesalex wsx-wholesalex-product","12":"first","13":"instock","14":"taxable","15":"shipping-taxable","16":"purchasable","17":"product-type-simple"},"_links":{"self":[{"href":"https:\/\/petitecave.ch\/de\/wp-json\/wp\/v2\/product\/9132","targetHints":{"allow":["GET"]}}],"collection":[{"href":"https:\/\/petitecave.ch\/de\/wp-json\/wp\/v2\/product"}],"about":[{"href":"https:\/\/petitecave.ch\/de\/wp-json\/wp\/v2\/types\/product"}],"replies":[{"embeddable":true,"href":"https:\/\/petitecave.ch\/de\/wp-json\/wp\/v2\/comments?post=9132"}],"wp:featuredmedia":[{"embeddable":true,"href":"https:\/\/petitecave.ch\/de\/wp-json\/wp\/v2\/media\/12530"}],"wp:attachment":[{"href":"https:\/\/petitecave.ch\/de\/wp-json\/wp\/v2\/media?parent=9132"}],"wp:term":[{"taxonomy":"product_cat","embeddable":true,"href":"https:\/\/petitecave.ch\/de\/wp-json\/wp\/v2\/product_cat?post=9132"},{"taxonomy":"product_tag","embeddable":true,"href":"https:\/\/petitecave.ch\/de\/wp-json\/wp\/v2\/product_tag?post=9132"}],"curies":[{"name":"wp","href":"https:\/\/api.w.org\/{rel}","templated":true}]}}