{"id":9131,"date":"2025-10-28T10:38:23","date_gmt":"2025-10-28T10:38:23","guid":{"rendered":""},"modified":"2026-02-24T09:51:59","modified_gmt":"2026-02-24T08:51:59","slug":"porto-vintage-2018-taylor-s-75cl","status":"publish","type":"product","link":"https:\/\/petitecave.ch\/de\/product\/porto-vintage-2018-taylor-s-75cl\/","title":{"rendered":"Porto Vintage 2018 &#8211; Taylor&rsquo;s 75cl"},"content":{"rendered":"<p><b>Visuel :<\/b> Robe de couleur violette voire noire\u00a0<\/p>\n<p><b>Nez :<\/b> Notes fruit\u00e9es et bois\u00e9es assez puissants, on remarque des notes de m\u00fbres et de cassis.<\/p>\n<p><b>Bouche :\u00a0<\/b>D&rsquo;une belle structure avec de jolis tanins m\u00e2tures, on retrouve les notes fruit\u00e9es du nez qui tirent sur une longue finale s\u00e9duisante<\/p>","protected":false},"excerpt":{"rendered":"<p><b>Vintage Port 2018 &#8211; Taylor&rsquo;s &#8211;\u00a0Vila Nova de Gaia<\/b><\/p>\n<p>\u00a0<\/p>\n<p><i><span class=\"sw\">Ic\u00f4me mondiale, le<\/span> <span class=\"sw\">Porto<\/span> <span class=\"sw\">Vintage<\/span> <span class=\"sw\">de<\/span> <span class=\"sw\">Taylor<\/span>\u00a0<span class=\"sw\">n&rsquo;est<\/span> <span class=\"sw\">produit<\/span> <span class=\"sw\">que lors des grandes ann\u00e9es vinicoles.<\/span>\u00a0<span class=\"sw\">Il s&rsquo;agit<\/span> <span class=\"sw\">un<\/span> <span class=\"sw\">assemblage<\/span> <span class=\"sw\">des<\/span> <span class=\"sw\">meilleurs<\/span> <span class=\"sw\">vins<\/span> <span class=\"sw\">des<\/span> <span class=\"sw\">trois<\/span> <span class=\"sw\">domaines<\/span> <span class=\"sw\">de<\/span> <span class=\"sw\">la<\/span> <span class=\"sw\">Maison,<\/span> <span class=\"sw\">Quinta<\/span> <span class=\"sw\">de<\/span> <span class=\"sw\">Vargellas,<\/span> <span class=\"sw\">Quinta<\/span> <span class=\"sw\">de<\/span> <span class=\"sw\">Terra<\/span> <span class=\"sw\">Feita<\/span> <span class=\"sw\">et,<\/span> <span class=\"sw\">plus<\/span> <span class=\"sw\">r\u00e9cemment,<\/span> <span class=\"sw\">Quinta<\/span> <span class=\"sw\">do<\/span> <span class=\"sw\">Junco.<\/span> <\/i><\/p>\n<p><i>Apr\u00e8s avoir s\u00e9lectionn\u00e9s les meilleurs jus, ces vins sont \u00e9lev\u00e9s en foudres de ch\u00eane pendant deux hivers. Une d\u00e9gustation de ces nectars se fait au printemps, les meilleurs sont retenus pour l&rsquo;assamblage d\u00e9finitif.<\/i><\/p>","protected":false},"featured_media":12529,"comment_status":"open","ping_status":"open","template":"","meta":[],"product_cat":[278],"product_tag":[],"class_list":{"0":"post-9131","1":"product","2":"type-product","3":"status-publish","4":"has-post-thumbnail","6":"product_cat-porto","7":"pa_color-rouge","8":"pa_country-portugal","9":"pa_volume-75-cl","10":"_wholesalex wsx-wholesalex-product","12":"first","13":"instock","14":"taxable","15":"shipping-taxable","16":"purchasable","17":"product-type-simple"},"yoast_head":"<!-- This site is optimized with the Yoast SEO plugin v27.6 - https:\/\/yoast.com\/product\/yoast-seo-wordpress\/ -->\n<title>Porto Vintage 2018 - Taylor&#039;s 75cl | La Petite Cave du Chablais<\/title>\n<meta name=\"robots\" content=\"index, follow, max-snippet:-1, max-image-preview:large, max-video-preview:-1\" \/>\n<link rel=\"canonical\" href=\"https:\/\/petitecave.ch\/de\/product\/porto-vintage-2018-taylor-s-75cl\/\" \/>\n<meta property=\"og:locale\" content=\"de_DE\" \/>\n<meta property=\"og:type\" content=\"article\" \/>\n<meta property=\"og:title\" content=\"Porto Vintage 2018 - Taylor&#039;s 75cl | La Petite Cave du Chablais\" \/>\n<meta property=\"og:description\" content=\"Vintage Port 2018 - Taylor&#039;s -\u00a0Vila Nova de Gaia \u00a0 Ic\u00f4me mondiale, le Porto Vintage de Taylor\u00a0n&#039;est produit que lors des grandes ann\u00e9es vinicoles.\u00a0Il s&#039;agit un assemblage des meilleurs vins des trois domaines de la Maison, Quinta de Vargellas, Quinta de Terra Feita et, plus r\u00e9cemment, Quinta do Junco. Apr\u00e8s avoir s\u00e9lectionn\u00e9s les meilleurs jus, ces vins sont \u00e9lev\u00e9s en foudres de ch\u00eane pendant deux hivers. Une d\u00e9gustation de ces nectars se fait au printemps, les meilleurs sont retenus pour l&#039;assamblage d\u00e9finitif.\" \/>\n<meta property=\"og:url\" content=\"https:\/\/petitecave.ch\/de\/product\/porto-vintage-2018-taylor-s-75cl\/\" \/>\n<meta property=\"og:site_name\" content=\"La Petite Cave du Chablais\" \/>\n<meta property=\"article:publisher\" content=\"https:\/\/www.facebook.com\/LaPetiteCaveDuChablais\" \/>\n<meta property=\"article:modified_time\" content=\"2026-02-24T08:51:59+00:00\" \/>\n<meta property=\"og:image\" content=\"https:\/\/petitecave.ch\/wp-content\/uploads\/2025\/10\/9131_4713_cover.png\" \/>\n\t<meta property=\"og:image:width\" content=\"1000\" \/>\n\t<meta property=\"og:image:height\" content=\"1700\" \/>\n\t<meta property=\"og:image:type\" content=\"image\/png\" \/>\n<meta name=\"twitter:card\" content=\"summary_large_image\" \/>\n<script type=\"application\/ld+json\" class=\"yoast-schema-graph\">{\"@context\":\"https:\\\/\\\/schema.org\",\"@graph\":[{\"@type\":\"WebPage\",\"@id\":\"https:\\\/\\\/petitecave.ch\\\/de\\\/product\\\/porto-vintage-2018-taylor-s-75cl\\\/\",\"url\":\"https:\\\/\\\/petitecave.ch\\\/de\\\/product\\\/porto-vintage-2018-taylor-s-75cl\\\/\",\"name\":\"Porto Vintage 2018 - Taylor's 75cl | La Petite Cave du Chablais\",\"isPartOf\":{\"@id\":\"https:\\\/\\\/petitecave.ch\\\/de\\\/#website\"},\"primaryImageOfPage\":{\"@id\":\"https:\\\/\\\/petitecave.ch\\\/de\\\/product\\\/porto-vintage-2018-taylor-s-75cl\\\/#primaryimage\"},\"image\":{\"@id\":\"https:\\\/\\\/petitecave.ch\\\/de\\\/product\\\/porto-vintage-2018-taylor-s-75cl\\\/#primaryimage\"},\"thumbnailUrl\":\"https:\\\/\\\/petitecave.ch\\\/wp-content\\\/uploads\\\/2025\\\/10\\\/9131_4713_cover.png\",\"datePublished\":\"2025-10-28T10:38:23+00:00\",\"dateModified\":\"2026-02-24T08:51:59+00:00\",\"breadcrumb\":{\"@id\":\"https:\\\/\\\/petitecave.ch\\\/de\\\/product\\\/porto-vintage-2018-taylor-s-75cl\\\/#breadcrumb\"},\"inLanguage\":\"de-CH\",\"potentialAction\":[{\"@type\":\"ReadAction\",\"target\":[\"https:\\\/\\\/petitecave.ch\\\/de\\\/product\\\/porto-vintage-2018-taylor-s-75cl\\\/\"]}]},{\"@type\":\"ImageObject\",\"inLanguage\":\"de-CH\",\"@id\":\"https:\\\/\\\/petitecave.ch\\\/de\\\/product\\\/porto-vintage-2018-taylor-s-75cl\\\/#primaryimage\",\"url\":\"https:\\\/\\\/petitecave.ch\\\/wp-content\\\/uploads\\\/2025\\\/10\\\/9131_4713_cover.png\",\"contentUrl\":\"https:\\\/\\\/petitecave.ch\\\/wp-content\\\/uploads\\\/2025\\\/10\\\/9131_4713_cover.png\",\"width\":1000,\"height\":1700},{\"@type\":\"BreadcrumbList\",\"@id\":\"https:\\\/\\\/petitecave.ch\\\/de\\\/product\\\/porto-vintage-2018-taylor-s-75cl\\\/#breadcrumb\",\"itemListElement\":[{\"@type\":\"ListItem\",\"position\":1,\"name\":\"Accueil\",\"item\":\"https:\\\/\\\/petitecave.ch\\\/\"},{\"@type\":\"ListItem\",\"position\":2,\"name\":\"Produkte\",\"item\":\"https:\\\/\\\/petitecave.ch\\\/de\\\/shop\\\/\"},{\"@type\":\"ListItem\",\"position\":3,\"name\":\"Porto Vintage 2018 &#8211; Taylor&rsquo;s 75cl\"}]},{\"@type\":\"WebSite\",\"@id\":\"https:\\\/\\\/petitecave.ch\\\/de\\\/#website\",\"url\":\"https:\\\/\\\/petitecave.ch\\\/de\\\/\",\"name\":\"La Petite Cave du Chablais\",\"description\":\"Vins, bi\u00e8res et spiritueux en ligne !\",\"publisher\":{\"@id\":\"https:\\\/\\\/petitecave.ch\\\/de\\\/#organization\"},\"alternateName\":\"La Petite Cave\",\"potentialAction\":[{\"@type\":\"SearchAction\",\"target\":{\"@type\":\"EntryPoint\",\"urlTemplate\":\"https:\\\/\\\/petitecave.ch\\\/de\\\/?s={search_term_string}\"},\"query-input\":{\"@type\":\"PropertyValueSpecification\",\"valueRequired\":true,\"valueName\":\"search_term_string\"}}],\"inLanguage\":\"de-CH\"},{\"@type\":\"Organization\",\"@id\":\"https:\\\/\\\/petitecave.ch\\\/de\\\/#organization\",\"name\":\"La Petite Cave du Chablais S\u00e0rl\",\"url\":\"https:\\\/\\\/petitecave.ch\\\/de\\\/\",\"logo\":{\"@type\":\"ImageObject\",\"inLanguage\":\"de-CH\",\"@id\":\"https:\\\/\\\/petitecave.ch\\\/de\\\/#\\\/schema\\\/logo\\\/image\\\/\",\"url\":\"https:\\\/\\\/petitecave.ch\\\/wp-content\\\/uploads\\\/2025\\\/10\\\/petitecavelogo-removebg-preview.png\",\"contentUrl\":\"https:\\\/\\\/petitecave.ch\\\/wp-content\\\/uploads\\\/2025\\\/10\\\/petitecavelogo-removebg-preview.png\",\"width\":800,\"height\":200,\"caption\":\"La Petite Cave du Chablais S\u00e0rl\"},\"image\":{\"@id\":\"https:\\\/\\\/petitecave.ch\\\/de\\\/#\\\/schema\\\/logo\\\/image\\\/\"},\"sameAs\":[\"https:\\\/\\\/www.facebook.com\\\/LaPetiteCaveDuChablais\",\"https:\\\/\\\/www.instagram.com\\\/lapetitecaveduchablais\",\"https:\\\/\\\/www.linkedin.com\\\/company\\\/la-petite-cave-du-chablais\"]}]}<\/script>\n<!-- \/ Yoast SEO plugin. -->","yoast_head_json":{"title":"Porto Vintage 2018 - Taylor's 75cl | La Petite Cave du Chablais","robots":{"index":"index","follow":"follow","max-snippet":"max-snippet:-1","max-image-preview":"max-image-preview:large","max-video-preview":"max-video-preview:-1"},"canonical":"https:\/\/petitecave.ch\/de\/product\/porto-vintage-2018-taylor-s-75cl\/","og_locale":"de_DE","og_type":"article","og_title":"Porto Vintage 2018 - Taylor's 75cl | La Petite Cave du Chablais","og_description":"Vintage Port 2018 - Taylor's -\u00a0Vila Nova de Gaia \u00a0 Ic\u00f4me mondiale, le Porto Vintage de Taylor\u00a0n'est produit que lors des grandes ann\u00e9es vinicoles.\u00a0Il s'agit un assemblage des meilleurs vins des trois domaines de la Maison, Quinta de Vargellas, Quinta de Terra Feita et, plus r\u00e9cemment, Quinta do Junco. Apr\u00e8s avoir s\u00e9lectionn\u00e9s les meilleurs jus, ces vins sont \u00e9lev\u00e9s en foudres de ch\u00eane pendant deux hivers. Une d\u00e9gustation de ces nectars se fait au printemps, les meilleurs sont retenus pour l'assamblage d\u00e9finitif.","og_url":"https:\/\/petitecave.ch\/de\/product\/porto-vintage-2018-taylor-s-75cl\/","og_site_name":"La Petite Cave du Chablais","article_publisher":"https:\/\/www.facebook.com\/LaPetiteCaveDuChablais","article_modified_time":"2026-02-24T08:51:59+00:00","og_image":[{"width":1000,"height":1700,"url":"https:\/\/petitecave.ch\/wp-content\/uploads\/2025\/10\/9131_4713_cover.png","type":"image\/png"}],"twitter_card":"summary_large_image","schema":{"@context":"https:\/\/schema.org","@graph":[{"@type":"WebPage","@id":"https:\/\/petitecave.ch\/de\/product\/porto-vintage-2018-taylor-s-75cl\/","url":"https:\/\/petitecave.ch\/de\/product\/porto-vintage-2018-taylor-s-75cl\/","name":"Porto Vintage 2018 - Taylor's 75cl | La Petite Cave du Chablais","isPartOf":{"@id":"https:\/\/petitecave.ch\/de\/#website"},"primaryImageOfPage":{"@id":"https:\/\/petitecave.ch\/de\/product\/porto-vintage-2018-taylor-s-75cl\/#primaryimage"},"image":{"@id":"https:\/\/petitecave.ch\/de\/product\/porto-vintage-2018-taylor-s-75cl\/#primaryimage"},"thumbnailUrl":"https:\/\/petitecave.ch\/wp-content\/uploads\/2025\/10\/9131_4713_cover.png","datePublished":"2025-10-28T10:38:23+00:00","dateModified":"2026-02-24T08:51:59+00:00","breadcrumb":{"@id":"https:\/\/petitecave.ch\/de\/product\/porto-vintage-2018-taylor-s-75cl\/#breadcrumb"},"inLanguage":"de-CH","potentialAction":[{"@type":"ReadAction","target":["https:\/\/petitecave.ch\/de\/product\/porto-vintage-2018-taylor-s-75cl\/"]}]},{"@type":"ImageObject","inLanguage":"de-CH","@id":"https:\/\/petitecave.ch\/de\/product\/porto-vintage-2018-taylor-s-75cl\/#primaryimage","url":"https:\/\/petitecave.ch\/wp-content\/uploads\/2025\/10\/9131_4713_cover.png","contentUrl":"https:\/\/petitecave.ch\/wp-content\/uploads\/2025\/10\/9131_4713_cover.png","width":1000,"height":1700},{"@type":"BreadcrumbList","@id":"https:\/\/petitecave.ch\/de\/product\/porto-vintage-2018-taylor-s-75cl\/#breadcrumb","itemListElement":[{"@type":"ListItem","position":1,"name":"Accueil","item":"https:\/\/petitecave.ch\/"},{"@type":"ListItem","position":2,"name":"Produkte","item":"https:\/\/petitecave.ch\/de\/shop\/"},{"@type":"ListItem","position":3,"name":"Porto Vintage 2018 &#8211; Taylor&rsquo;s 75cl"}]},{"@type":"WebSite","@id":"https:\/\/petitecave.ch\/de\/#website","url":"https:\/\/petitecave.ch\/de\/","name":"Die kleine Keller des Chablais","description":"Vins, bi\u00e8res et spiritueux en ligne !","publisher":{"@id":"https:\/\/petitecave.ch\/de\/#organization"},"alternateName":"La Petite Cave","potentialAction":[{"@type":"SearchAction","target":{"@type":"EntryPoint","urlTemplate":"https:\/\/petitecave.ch\/de\/?s={search_term_string}"},"query-input":{"@type":"PropertyValueSpecification","valueRequired":true,"valueName":"search_term_string"}}],"inLanguage":"de-CH"},{"@type":"Organization","@id":"https:\/\/petitecave.ch\/de\/#organization","name":"La Petite Cave du Chablais S\u00e0rl","url":"https:\/\/petitecave.ch\/de\/","logo":{"@type":"ImageObject","inLanguage":"de-CH","@id":"https:\/\/petitecave.ch\/de\/#\/schema\/logo\/image\/","url":"https:\/\/petitecave.ch\/wp-content\/uploads\/2025\/10\/petitecavelogo-removebg-preview.png","contentUrl":"https:\/\/petitecave.ch\/wp-content\/uploads\/2025\/10\/petitecavelogo-removebg-preview.png","width":800,"height":200,"caption":"La Petite Cave du Chablais S\u00e0rl"},"image":{"@id":"https:\/\/petitecave.ch\/de\/#\/schema\/logo\/image\/"},"sameAs":["https:\/\/www.facebook.com\/LaPetiteCaveDuChablais","https:\/\/www.instagram.com\/lapetitecaveduchablais","https:\/\/www.linkedin.com\/company\/la-petite-cave-du-chablais"]}]}},"_links":{"self":[{"href":"https:\/\/petitecave.ch\/de\/wp-json\/wp\/v2\/product\/9131","targetHints":{"allow":["GET"]}}],"collection":[{"href":"https:\/\/petitecave.ch\/de\/wp-json\/wp\/v2\/product"}],"about":[{"href":"https:\/\/petitecave.ch\/de\/wp-json\/wp\/v2\/types\/product"}],"replies":[{"embeddable":true,"href":"https:\/\/petitecave.ch\/de\/wp-json\/wp\/v2\/comments?post=9131"}],"wp:featuredmedia":[{"embeddable":true,"href":"https:\/\/petitecave.ch\/de\/wp-json\/wp\/v2\/media\/12529"}],"wp:attachment":[{"href":"https:\/\/petitecave.ch\/de\/wp-json\/wp\/v2\/media?parent=9131"}],"wp:term":[{"taxonomy":"product_cat","embeddable":true,"href":"https:\/\/petitecave.ch\/de\/wp-json\/wp\/v2\/product_cat?post=9131"},{"taxonomy":"product_tag","embeddable":true,"href":"https:\/\/petitecave.ch\/de\/wp-json\/wp\/v2\/product_tag?post=9131"}],"curies":[{"name":"wp","href":"https:\/\/api.w.org\/{rel}","templated":true}]}}