{"id":9130,"date":"2025-10-28T10:38:22","date_gmt":"2025-10-28T10:38:22","guid":{"rendered":""},"modified":"2026-02-24T09:51:50","modified_gmt":"2026-02-24T08:51:50","slug":"porto-tawny-30-ans-taylor-s-75cl","status":"publish","type":"product","link":"https:\/\/petitecave.ch\/de\/product\/porto-tawny-30-ans-taylor-s-75cl\/","title":{"rendered":"Porto Tawny 30 ans &#8211; Taylor&rsquo;s 75cl"},"content":{"rendered":"<p><b>Visuel : <\/b>Robe rouge intense au reflet de viel or<\/p>\n<p><b>Nez :\u00a0<\/b>De beaux ar\u00f4mes de noisettes avec des nuaces miell\u00e9es et de fruits secs<\/p>\n<p><b>Bouche :\u00a0<\/b>Riche et soyeux, tout en \u00e9quilibre avec des saveurs de fruits secs, des notes exotiques caram\u00e9lis\u00e9es et une longue finale tr\u00e8s agr\u00e9able<\/p>","protected":false},"excerpt":{"rendered":"<p><b>30 Years Old Tawny Port &#8211; Taylor&rsquo;s &#8211;\u00a0Vila Nova de Gaia<\/b><\/p>\n<p>\u00a0<\/p>\n<p><i>Taylor&rsquo;s est l&rsquo;une des rares maisons qui produisent encore le porto Tawny 30 ans. Une s\u00e9lection de portos rouges de la r\u00e9gion \u00e0 l&rsquo;est de la vall\u00e9e du Douro, y compris les propres vignobles de Taylor, sont vieillis en f\u00fbts de ch\u00eane d\u00e9j\u00e0 utilis\u00e9s dans ses chais de Vila Nova de Gaia. B\u00e9n\u00e9ficiant d&rsquo;un climat c\u00f4tier frais et humide, les vins commencent \u00e0 vieillir longtemps et d\u00e9veloppent avec le temps des ar\u00f4mes tr\u00e8s complexes et d\u00e9licats.\u00a0<\/i><\/p>\n<p><i>Il faut compter qu&rsquo;une seule fois tous les deux ou trois ans que des vins issus des propres vignobles de Taylor affichent une structure, une composante fruit\u00e9e et une puissance ad\u00e9quates pour supporter un \u00e9levage de 30 ann\u00e9es en f\u00fbts de ch\u00eane.\u00a0<\/i><\/p>","protected":false},"featured_media":12528,"comment_status":"open","ping_status":"open","template":"","meta":[],"product_cat":[278],"product_tag":[],"class_list":{"0":"post-9130","1":"product","2":"type-product","3":"status-publish","4":"has-post-thumbnail","6":"product_cat-porto","7":"pa_color-rouge","8":"pa_country-portugal","9":"pa_volume-70-cl","10":"_wholesalex wsx-wholesalex-product","12":"first","13":"instock","14":"taxable","15":"shipping-taxable","16":"purchasable","17":"product-type-simple"},"_links":{"self":[{"href":"https:\/\/petitecave.ch\/de\/wp-json\/wp\/v2\/product\/9130","targetHints":{"allow":["GET"]}}],"collection":[{"href":"https:\/\/petitecave.ch\/de\/wp-json\/wp\/v2\/product"}],"about":[{"href":"https:\/\/petitecave.ch\/de\/wp-json\/wp\/v2\/types\/product"}],"replies":[{"embeddable":true,"href":"https:\/\/petitecave.ch\/de\/wp-json\/wp\/v2\/comments?post=9130"}],"wp:featuredmedia":[{"embeddable":true,"href":"https:\/\/petitecave.ch\/de\/wp-json\/wp\/v2\/media\/12528"}],"wp:attachment":[{"href":"https:\/\/petitecave.ch\/de\/wp-json\/wp\/v2\/media?parent=9130"}],"wp:term":[{"taxonomy":"product_cat","embeddable":true,"href":"https:\/\/petitecave.ch\/de\/wp-json\/wp\/v2\/product_cat?post=9130"},{"taxonomy":"product_tag","embeddable":true,"href":"https:\/\/petitecave.ch\/de\/wp-json\/wp\/v2\/product_tag?post=9130"}],"curies":[{"name":"wp","href":"https:\/\/api.w.org\/{rel}","templated":true}]}}